{"id":7646,"date":"2025-04-14T23:59:41","date_gmt":"2025-04-14T23:59:41","guid":{"rendered":"https:\/\/k-beautyci.com\/?post_type=product&#038;p=7646"},"modified":"2026-03-09T15:54:02","modified_gmt":"2026-03-09T15:54:02","slug":"aplb-kojic-acid-vitamin-c-facial-cream","status":"publish","type":"product","link":"https:\/\/k-beautyci.com\/fr\/produit\/aplb-kojic-acid-vitamin-c-facial-cream\/","title":{"rendered":"APLB &#8211; Kojic Acid Vitamin C Facial Cream"},"content":{"rendered":"<p><b>Comment l'utiliser :<\/b><\/p>\n<p>1. Appliquer une quantit\u00e9 mod\u00e9r\u00e9e sur le visage et tamponner pour une meilleure absorption.<\/p>\n<p>Avertissement : Pour usage externe uniquement. Toujours effectuer un test \u00e9picutan\u00e9. Cessez d'utiliser le produit si vous ressentez une quelconque g\u00eane. Suivre les instructions suppl\u00e9mentaires figurant sur l'emballage. Les r\u00e9sultats individuels peuvent varier.<\/p>","protected":false},"excerpt":{"rendered":"<p>Cette cr\u00e8me pour le visage, formul\u00e9e avec deux puissants \u00e9claircissants, l'acide kojique et l'acide ascorbique, redonne de l'\u00e9clat \u00e0 la peau. L'eau de feuille de centella asiatica contenue dans la formule apaise la peau irrit\u00e9e, tandis que la glyc\u00e9rine et l'acide hyaluronique hydratent abondamment la peau. L'extrait de ferment de levure, l'extrait de lotus, l'extrait d'armoise et l'extrait de riz contribuent \u00e0 renforcer la barri\u00e8re d'hydratation de la peau et \u00e0 la nourrir. Convient \u00e0 tous les types de peau, y compris les peaux sensibles.<\/p>","protected":false},"featured_media":7648,"comment_status":"open","ping_status":"closed","template":"","meta":{"om_disable_all_campaigns":false},"product_brand":[],"product_cat":[217,88,26,72],"product_tag":[],"class_list":{"0":"post-7646","1":"product","2":"type-product","3":"status-publish","4":"has-post-thumbnail","6":"product_cat-aplb","7":"product_cat-centella","8":"product_cat-face-moisturizer","9":"product_cat-vitamin-c","11":"first","12":"instock","13":"shipping-taxable","14":"purchasable","15":"product-type-simple"},"aioseo_notices":[],"jetpack_sharing_enabled":true,"_links":{"self":[{"href":"https:\/\/k-beautyci.com\/fr\/wp-json\/wp\/v2\/product\/7646","targetHints":{"allow":["GET"]}}],"collection":[{"href":"https:\/\/k-beautyci.com\/fr\/wp-json\/wp\/v2\/product"}],"about":[{"href":"https:\/\/k-beautyci.com\/fr\/wp-json\/wp\/v2\/types\/product"}],"replies":[{"embeddable":true,"href":"https:\/\/k-beautyci.com\/fr\/wp-json\/wp\/v2\/comments?post=7646"}],"wp:featuredmedia":[{"embeddable":true,"href":"https:\/\/k-beautyci.com\/fr\/wp-json\/wp\/v2\/media\/7648"}],"wp:attachment":[{"href":"https:\/\/k-beautyci.com\/fr\/wp-json\/wp\/v2\/media?parent=7646"}],"wp:term":[{"taxonomy":"product_brand","embeddable":true,"href":"https:\/\/k-beautyci.com\/fr\/wp-json\/wp\/v2\/product_brand?post=7646"},{"taxonomy":"product_cat","embeddable":true,"href":"https:\/\/k-beautyci.com\/fr\/wp-json\/wp\/v2\/product_cat?post=7646"},{"taxonomy":"product_tag","embeddable":true,"href":"https:\/\/k-beautyci.com\/fr\/wp-json\/wp\/v2\/product_tag?post=7646"}],"curies":[{"name":"wp","href":"https:\/\/api.w.org\/{rel}","templated":true}]}}