{"id":7619,"date":"2025-04-13T07:53:12","date_gmt":"2025-04-13T07:53:12","guid":{"rendered":"https:\/\/k-beautyci.com\/?post_type=product&#038;p=7619"},"modified":"2026-04-09T00:08:11","modified_gmt":"2026-04-09T00:08:11","slug":"medicube-triple-collagen-toner-140ml","status":"publish","type":"product","link":"https:\/\/k-beautyci.com\/fr\/produit\/medicube-triple-collagen-toner-140ml\/","title":{"rendered":"MEDICUBE -Triple Collagen Toner 140ml"},"content":{"rendered":"<p><b>Comment l'utiliser :<\/b><br \/>\n1. Apr\u00e8s le nettoyage, appliquer une quantit\u00e9 mod\u00e9r\u00e9e sur l'ensemble du visage et tamponner d\u00e9licatement pour absorber.<\/p>\n<p>2. Ou m\u00e9langer \u00e0 un fond de teint ou \u00e0 un produit de maquillage de base pour cr\u00e9er une peau \u00e9clatante.<\/p>\n<p>Avertissement : Pour usage externe uniquement. Toujours effectuer un test \u00e9picutan\u00e9. Cessez d'utiliser le produit si vous ressentez une quelconque g\u00eane. Suivre les instructions suppl\u00e9mentaires figurant sur l'emballage. Les r\u00e9sultats individuels peuvent varier.<\/p>","protected":false},"excerpt":{"rendered":"<p>Ce tonique est enrichi en collag\u00e8ne hydrolys\u00e9, en collag\u00e8ne atelo et en collag\u00e8ne soluble pour am\u00e9liorer l'\u00e9lasticit\u00e9 de la peau et la rendre plus souple. Il contient \u00e9galement de l'acide hyaluronique, du hyaluronate de sodium, du niacinamide et de la glyc\u00e9rine pour fournir et retenir l'humidit\u00e9 tout en am\u00e9liorant l'\u00e9clat de la peau. Convient \u00e0 diff\u00e9rents types de peau, y compris les peaux sensibles.<\/p>","protected":false},"featured_media":7622,"comment_status":"open","ping_status":"closed","template":"","meta":{"om_disable_all_campaigns":false},"product_brand":[],"product_cat":[57,39,215],"product_tag":[],"class_list":{"0":"post-7619","1":"product","2":"type-product","3":"status-publish","4":"has-post-thumbnail","6":"product_cat-anti-aging","7":"product_cat-face-toners","8":"product_cat-medicube","10":"first","11":"instock","12":"shipping-taxable","13":"purchasable","14":"product-type-simple"},"aioseo_notices":[],"jetpack_sharing_enabled":true,"_links":{"self":[{"href":"https:\/\/k-beautyci.com\/fr\/wp-json\/wp\/v2\/product\/7619","targetHints":{"allow":["GET"]}}],"collection":[{"href":"https:\/\/k-beautyci.com\/fr\/wp-json\/wp\/v2\/product"}],"about":[{"href":"https:\/\/k-beautyci.com\/fr\/wp-json\/wp\/v2\/types\/product"}],"replies":[{"embeddable":true,"href":"https:\/\/k-beautyci.com\/fr\/wp-json\/wp\/v2\/comments?post=7619"}],"wp:featuredmedia":[{"embeddable":true,"href":"https:\/\/k-beautyci.com\/fr\/wp-json\/wp\/v2\/media\/7622"}],"wp:attachment":[{"href":"https:\/\/k-beautyci.com\/fr\/wp-json\/wp\/v2\/media?parent=7619"}],"wp:term":[{"taxonomy":"product_brand","embeddable":true,"href":"https:\/\/k-beautyci.com\/fr\/wp-json\/wp\/v2\/product_brand?post=7619"},{"taxonomy":"product_cat","embeddable":true,"href":"https:\/\/k-beautyci.com\/fr\/wp-json\/wp\/v2\/product_cat?post=7619"},{"taxonomy":"product_tag","embeddable":true,"href":"https:\/\/k-beautyci.com\/fr\/wp-json\/wp\/v2\/product_tag?post=7619"}],"curies":[{"name":"wp","href":"https:\/\/api.w.org\/{rel}","templated":true}]}}