{"id":7612,"date":"2025-04-13T07:54:37","date_gmt":"2025-04-13T07:54:37","guid":{"rendered":"https:\/\/k-beautyci.com\/?post_type=product&#038;p=7612"},"modified":"2025-10-11T22:11:54","modified_gmt":"2025-10-11T22:11:54","slug":"medicube-zero-pore-blackhead-deep-cleansing-oil-205ml","status":"publish","type":"product","link":"https:\/\/k-beautyci.com\/fr\/produit\/medicube-zero-pore-blackhead-deep-cleansing-oil-205ml\/","title":{"rendered":"medicube &#8211; Zero Pore Blackhead Deep Cleansing Oil 205ml"},"content":{"rendered":"<p>Comment l'utiliser :<\/p>\n<p>1. R\u00e9partissez l'huile nettoyante sur vos paumes et massez votre visage sec.<\/p>\n<p>2. Ajouter un peu d'eau pour \u00e9mulsionner tout en massant.<\/p>\n<p>3. Rincer abondamment \u00e0 l'eau ti\u00e8de.<\/p>\n<p>Avertissement : Pour usage externe uniquement. Toujours effectuer un test \u00e9picutan\u00e9. Cessez d'utiliser le produit si vous ressentez une quelconque g\u00eane. Suivre les instructions suppl\u00e9mentaires figurant sur l'emballage. Les r\u00e9sultats individuels peuvent varier.<\/p>","protected":false},"excerpt":{"rendered":"<p>Compos\u00e9e \u00e0 90,6 % d'huiles d'origine v\u00e9g\u00e9tale (dont les huiles de p\u00e9pins de raisin, d'olive, d'argan et de son de riz), cette huile nettoyante nourrissante fait fondre en douceur le maquillage, le s\u00e9bum et les points noirs pour une sensation de fra\u00eecheur et de propret\u00e9. Elle est \u00e9galement enrichie en niacinamide pour revitaliser la peau et en acide salicylique pour \u00e9liminer les cellules mortes. La formule soyeuse de l'huile se transforme en une mousse laiteuse une fois m\u00e9lang\u00e9e \u00e0 l'eau pour garantir un nettoyage en profondeur.<\/p>","protected":false},"featured_media":7618,"comment_status":"open","ping_status":"closed","template":"","meta":{"om_disable_all_campaigns":false},"product_brand":[],"product_cat":[63,215],"product_tag":[],"class_list":{"0":"post-7612","1":"product","2":"type-product","3":"status-publish","4":"has-post-thumbnail","6":"product_cat-makeup-removers","7":"product_cat-medicube","9":"first","10":"outofstock","11":"shipping-taxable","12":"purchasable","13":"product-type-simple"},"aioseo_notices":[],"jetpack_sharing_enabled":true,"_links":{"self":[{"href":"https:\/\/k-beautyci.com\/fr\/wp-json\/wp\/v2\/product\/7612","targetHints":{"allow":["GET"]}}],"collection":[{"href":"https:\/\/k-beautyci.com\/fr\/wp-json\/wp\/v2\/product"}],"about":[{"href":"https:\/\/k-beautyci.com\/fr\/wp-json\/wp\/v2\/types\/product"}],"replies":[{"embeddable":true,"href":"https:\/\/k-beautyci.com\/fr\/wp-json\/wp\/v2\/comments?post=7612"}],"wp:featuredmedia":[{"embeddable":true,"href":"https:\/\/k-beautyci.com\/fr\/wp-json\/wp\/v2\/media\/7618"}],"wp:attachment":[{"href":"https:\/\/k-beautyci.com\/fr\/wp-json\/wp\/v2\/media?parent=7612"}],"wp:term":[{"taxonomy":"product_brand","embeddable":true,"href":"https:\/\/k-beautyci.com\/fr\/wp-json\/wp\/v2\/product_brand?post=7612"},{"taxonomy":"product_cat","embeddable":true,"href":"https:\/\/k-beautyci.com\/fr\/wp-json\/wp\/v2\/product_cat?post=7612"},{"taxonomy":"product_tag","embeddable":true,"href":"https:\/\/k-beautyci.com\/fr\/wp-json\/wp\/v2\/product_tag?post=7612"}],"curies":[{"name":"wp","href":"https:\/\/api.w.org\/{rel}","templated":true}]}}