{"id":7608,"date":"2025-04-13T07:55:28","date_gmt":"2025-04-13T07:55:28","guid":{"rendered":"https:\/\/k-beautyci.com\/?post_type=product&#038;p=7608"},"modified":"2025-09-05T11:31:51","modified_gmt":"2025-09-05T11:31:51","slug":"medicube-pdrn-pink-vita-coating-mask","status":"publish","type":"product","link":"https:\/\/k-beautyci.com\/fr\/produit\/medicube-pdrn-pink-vita-coating-mask\/","title":{"rendered":"medicube &#8211; PDRN Pink Vita Coating Mask"},"content":{"rendered":"<p><b>Comment l'utiliser :<\/b><\/p>\n<p>1. Apr\u00e8s avoir nettoy\u00e9 le visage, placez le masque correctement sur le visage, en \u00e9vitant le contour des yeux et des l\u00e8vres.<br \/>\n2. Laissez agir pendant 10 \u00e0 20 minutes et retirez le masque.<br \/>\n3. Tamponner le reste de l'essence sur le visage pour faciliter l'absorption.<\/p>\n<p>Avertissement : Pour usage externe uniquement. Toujours effectuer un test \u00e9picutan\u00e9. Cessez d'utiliser le produit si vous ressentez une quelconque g\u00eane. Suivre les instructions suppl\u00e9mentaires figurant sur l'emballage. Les r\u00e9sultats individuels peuvent varier.<\/p>","protected":false},"excerpt":{"rendered":"<p>Un masque enrichi en PDRN, en vitamine B12 et en collag\u00e8ne qui am\u00e9liore le teint in\u00e9gal et redonne de l'\u00e9clat aux peaux ternes et rel\u00e2ch\u00e9es.<\/p>","protected":false},"featured_media":7611,"comment_status":"open","ping_status":"closed","template":"","meta":{"om_disable_all_campaigns":false},"product_brand":[],"product_cat":[62,215],"product_tag":[],"class_list":{"0":"post-7608","1":"product","2":"type-product","3":"status-publish","4":"has-post-thumbnail","6":"product_cat-face-masks","7":"product_cat-medicube","9":"first","10":"instock","11":"shipping-taxable","12":"purchasable","13":"product-type-simple"},"aioseo_notices":[],"jetpack_sharing_enabled":true,"_links":{"self":[{"href":"https:\/\/k-beautyci.com\/fr\/wp-json\/wp\/v2\/product\/7608","targetHints":{"allow":["GET"]}}],"collection":[{"href":"https:\/\/k-beautyci.com\/fr\/wp-json\/wp\/v2\/product"}],"about":[{"href":"https:\/\/k-beautyci.com\/fr\/wp-json\/wp\/v2\/types\/product"}],"replies":[{"embeddable":true,"href":"https:\/\/k-beautyci.com\/fr\/wp-json\/wp\/v2\/comments?post=7608"}],"wp:featuredmedia":[{"embeddable":true,"href":"https:\/\/k-beautyci.com\/fr\/wp-json\/wp\/v2\/media\/7611"}],"wp:attachment":[{"href":"https:\/\/k-beautyci.com\/fr\/wp-json\/wp\/v2\/media?parent=7608"}],"wp:term":[{"taxonomy":"product_brand","embeddable":true,"href":"https:\/\/k-beautyci.com\/fr\/wp-json\/wp\/v2\/product_brand?post=7608"},{"taxonomy":"product_cat","embeddable":true,"href":"https:\/\/k-beautyci.com\/fr\/wp-json\/wp\/v2\/product_cat?post=7608"},{"taxonomy":"product_tag","embeddable":true,"href":"https:\/\/k-beautyci.com\/fr\/wp-json\/wp\/v2\/product_tag?post=7608"}],"curies":[{"name":"wp","href":"https:\/\/api.w.org\/{rel}","templated":true}]}}