{"id":7589,"date":"2025-04-10T06:10:28","date_gmt":"2025-04-10T06:10:28","guid":{"rendered":"https:\/\/k-beautyci.com\/?post_type=product&#038;p=7589"},"modified":"2025-10-12T15:02:44","modified_gmt":"2025-10-12T15:02:44","slug":"medicube-zero-pore-toner-250ml","status":"publish","type":"product","link":"https:\/\/k-beautyci.com\/fr\/produit\/medicube-zero-pore-toner-250ml\/","title":{"rendered":"medicube Zero Pore Toner 250ml"},"content":{"rendered":"<h3 data-start=\"1063\" data-end=\"1083\">Comment l'utiliser<\/h3>\n<p data-start=\"1084\" data-end=\"1310\">Apr\u00e8s le nettoyage, appliquer une quantit\u00e9 appropri\u00e9e sur un coton.<br \/>\nAppliquer d\u00e9licatement sur le visage, en insistant sur les zones pr\u00e9sentant un exc\u00e8s de s\u00e9bum ou des pores dilat\u00e9s.<br \/>\nFaire suivre d'un s\u00e9rum et d'une cr\u00e8me hydratante pour de meilleurs r\u00e9sultats.<\/p>\n<p data-start=\"1084\" data-end=\"1310\">Avertissement : Pour usage externe uniquement. Toujours effectuer un test \u00e9picutan\u00e9. Cessez d'utiliser le produit si vous ressentez une quelconque g\u00eane. Suivre les instructions suppl\u00e9mentaires figurant sur l'emballage. Les r\u00e9sultats individuels peuvent varier.<\/p>","protected":false},"excerpt":{"rendered":"<p>Affinez et \u00e9quilibrez votre peau avec le tonique z\u00e9ro pore de medicube, un tonique puissant con\u00e7u pour contr\u00f4ler l'exc\u00e8s de s\u00e9bum, minimiser les pores et am\u00e9liorer la texture de la peau.<\/p>\n<p style=\"margin: 0px 0px 15px;padding: 0px;border: 0px;font-style: normal;font-weight: 400;font-size: 17px;line-height: inherit\" data-start=\"280\" data-end=\"632\">Infus\u00e9e d'ingr\u00e9dients sp\u00e9cialis\u00e9s dans le resserrement des pores, cette formule rafra\u00eechissante et non dess\u00e9chante \u00e9limine l'exc\u00e8s de s\u00e9bum, d\u00e9sobstrue les pores et exfolie en douceur, laissant votre peau lisse, claire et sans brillance. Id\u00e9al pour les peaux grasses, mixtes et sujettes \u00e0 l'acn\u00e9, ce tonique pr\u00e9pare la peau \u00e0 une meilleure absorption des s\u00e9rums et des hydratants.<\/p>","protected":false},"featured_media":7592,"comment_status":"open","ping_status":"closed","template":"","meta":{"om_disable_all_campaigns":false},"product_brand":[],"product_cat":[78,39,215,15],"product_tag":[],"class_list":{"0":"post-7589","1":"product","2":"type-product","3":"status-publish","4":"has-post-thumbnail","6":"product_cat-aha-bha","7":"product_cat-face-toners","8":"product_cat-medicube","9":"product_cat-uncategorized","11":"first","12":"instock","13":"shipping-taxable","14":"purchasable","15":"product-type-simple"},"aioseo_notices":[],"jetpack_sharing_enabled":true,"_links":{"self":[{"href":"https:\/\/k-beautyci.com\/fr\/wp-json\/wp\/v2\/product\/7589","targetHints":{"allow":["GET"]}}],"collection":[{"href":"https:\/\/k-beautyci.com\/fr\/wp-json\/wp\/v2\/product"}],"about":[{"href":"https:\/\/k-beautyci.com\/fr\/wp-json\/wp\/v2\/types\/product"}],"replies":[{"embeddable":true,"href":"https:\/\/k-beautyci.com\/fr\/wp-json\/wp\/v2\/comments?post=7589"}],"wp:featuredmedia":[{"embeddable":true,"href":"https:\/\/k-beautyci.com\/fr\/wp-json\/wp\/v2\/media\/7592"}],"wp:attachment":[{"href":"https:\/\/k-beautyci.com\/fr\/wp-json\/wp\/v2\/media?parent=7589"}],"wp:term":[{"taxonomy":"product_brand","embeddable":true,"href":"https:\/\/k-beautyci.com\/fr\/wp-json\/wp\/v2\/product_brand?post=7589"},{"taxonomy":"product_cat","embeddable":true,"href":"https:\/\/k-beautyci.com\/fr\/wp-json\/wp\/v2\/product_cat?post=7589"},{"taxonomy":"product_tag","embeddable":true,"href":"https:\/\/k-beautyci.com\/fr\/wp-json\/wp\/v2\/product_tag?post=7589"}],"curies":[{"name":"wp","href":"https:\/\/api.w.org\/{rel}","templated":true}]}}