{"id":7519,"date":"2025-04-01T01:26:04","date_gmt":"2025-04-01T01:26:04","guid":{"rendered":"https:\/\/k-beautyci.com\/?post_type=product&#038;p=7519"},"modified":"2026-03-08T16:35:21","modified_gmt":"2026-03-08T16:35:21","slug":"aplb-tranexamic-acid-niacinamide-facial-cream","status":"publish","type":"product","link":"https:\/\/k-beautyci.com\/fr\/produit\/aplb-tranexamic-acid-niacinamide-facial-cream\/","title":{"rendered":"APLB &#8211; Tranexamic Acid Niacinamide Facial Cream"},"content":{"rendered":"<p><b>Comment l'utiliser :<\/b><br \/>\n1. \u00c0 la derni\u00e8re \u00e9tape du soin, appliquer une quantit\u00e9 mod\u00e9r\u00e9e sur le visage, de l'int\u00e9rieur vers l'ext\u00e9rieur, en suivant le grain de la peau.<\/p>\n<p>2. Tamponner doucement pour faciliter l'absorption.<\/p>\n<p>Pour usage externe uniquement. Cesser l'utilisation en cas d'inconfort. Suivre les instructions suppl\u00e9mentaires figurant sur l'emballage. Les r\u00e9sultats peuvent varier d'une personne \u00e0 l'autre.<\/p>","protected":false},"excerpt":{"rendered":"<p>Cette cr\u00e8me hydratante prim\u00e9e contient des ingr\u00e9dients \u00e9claircissants tels que l'acide tranexamique et le niacinamide, ainsi que de l'extrait de centella asiatica pour apaiser, rafra\u00eechir et hydrater la peau fatigu\u00e9e. La cr\u00e8me redonne \u00e0 la peau un pH sain sans aucun r\u00e9sidu gras. La formule douce et sans parfum convient \u00e0 tous les types de peau, y compris les peaux sensibles.<\/p>","protected":false},"featured_media":7522,"comment_status":"open","ping_status":"closed","template":"","meta":{"om_disable_all_campaigns":false},"product_brand":[],"product_cat":[217,88,26,74],"product_tag":[],"class_list":{"0":"post-7519","1":"product","2":"type-product","3":"status-publish","4":"has-post-thumbnail","6":"product_cat-aplb","7":"product_cat-centella","8":"product_cat-face-moisturizer","9":"product_cat-niacinamide","11":"first","12":"instock","13":"shipping-taxable","14":"purchasable","15":"product-type-simple"},"aioseo_notices":[],"jetpack_sharing_enabled":true,"_links":{"self":[{"href":"https:\/\/k-beautyci.com\/fr\/wp-json\/wp\/v2\/product\/7519","targetHints":{"allow":["GET"]}}],"collection":[{"href":"https:\/\/k-beautyci.com\/fr\/wp-json\/wp\/v2\/product"}],"about":[{"href":"https:\/\/k-beautyci.com\/fr\/wp-json\/wp\/v2\/types\/product"}],"replies":[{"embeddable":true,"href":"https:\/\/k-beautyci.com\/fr\/wp-json\/wp\/v2\/comments?post=7519"}],"wp:featuredmedia":[{"embeddable":true,"href":"https:\/\/k-beautyci.com\/fr\/wp-json\/wp\/v2\/media\/7522"}],"wp:attachment":[{"href":"https:\/\/k-beautyci.com\/fr\/wp-json\/wp\/v2\/media?parent=7519"}],"wp:term":[{"taxonomy":"product_brand","embeddable":true,"href":"https:\/\/k-beautyci.com\/fr\/wp-json\/wp\/v2\/product_brand?post=7519"},{"taxonomy":"product_cat","embeddable":true,"href":"https:\/\/k-beautyci.com\/fr\/wp-json\/wp\/v2\/product_cat?post=7519"},{"taxonomy":"product_tag","embeddable":true,"href":"https:\/\/k-beautyci.com\/fr\/wp-json\/wp\/v2\/product_tag?post=7519"}],"curies":[{"name":"wp","href":"https:\/\/api.w.org\/{rel}","templated":true}]}}