{"id":7505,"date":"2025-03-31T16:37:54","date_gmt":"2025-03-31T16:37:54","guid":{"rendered":"https:\/\/k-beautyci.com\/?post_type=product&#038;p=7505"},"modified":"2026-02-19T20:05:34","modified_gmt":"2026-02-19T20:05:34","slug":"medicube-age-r-booster-pro-mini-pink","status":"publish","type":"product","link":"https:\/\/k-beautyci.com\/fr\/produit\/medicube-age-r-booster-pro-mini-pink\/","title":{"rendered":"medicube &#8211; AGE-R Booster Pro Mini"},"content":{"rendered":"<p><b>Comment l'utiliser :<\/b><br \/>\n1. Mettez l'appareil sous tension en appuyant longuement sur le bouton d'alimentation et choisissez un niveau en appuyant bri\u00e8vement sur le bouton d'alimentation.<br \/>\n2. Appuyez deux fois bri\u00e8vement sur le bouton d'alimentation pour choisir le mode LED rouge ou LED bleu.<br \/>\n3. Am\u00e9liorez l'absorption des produits de soin ou des masques une \u00e0 trois fois par jour, pendant cinq \u00e0 dix minutes \u00e0 chaque fois, en maintenant la t\u00eate de l'appareil contre la peau. Ne vous arr\u00eatez jamais au m\u00eame endroit et continuez \u00e0 bouger.<\/p>\n<p>*\u00c9vitez de l'utiliser autour des yeux ou de la pomme d'Adam.<\/p>\n<p>*Avant utilisation, il est recommand\u00e9 d'enlever tous les accessoires m\u00e9talliques et les bijoux.<\/p>\n<p>*Commencez lentement \u00e0 partir du r\u00e9glage le plus bas et trouvez le niveau appropri\u00e9 tout en continuant \u00e0 l'utiliser.<\/p>\n<div class=\"description-item active\">\n<div class=\"body\">\n<p>Pour usage externe uniquement. Cesser l'utilisation en cas d'inconfort. Suivre les instructions suppl\u00e9mentaires figurant sur l'emballage. Les r\u00e9sultats peuvent varier d'une personne \u00e0 l'autre.<\/p>\n<\/div>\n<\/div>\n<div class=\"description-item\">\n<h2 class=\"title\"><\/h2>\n<\/div>","protected":false},"excerpt":{"rendered":"<p>Cet appareil de beaut\u00e9 portable et facile \u00e0 utiliser offre diverses fonctions, notamment une meilleure absorption des produits de soin de la peau, des soins par LED et bien plus encore. Il propose deux modes LED avec diff\u00e9rents mod\u00e8les de vibrations pour traiter efficacement les probl\u00e8mes de peau sp\u00e9cifiques. Utilisez le mode LED rouge pour \u00e9claircir les peaux ternes et le mode LED bleu pour apaiser les peaux \u00e0 probl\u00e8mes.<\/p>","protected":false},"featured_media":7511,"comment_status":"open","ping_status":"closed","template":"","meta":{"om_disable_all_campaigns":false},"product_brand":[],"product_cat":[215],"product_tag":[],"class_list":{"0":"post-7505","1":"product","2":"type-product","3":"status-publish","4":"has-post-thumbnail","6":"product_cat-medicube","8":"first","9":"outofstock","10":"shipping-taxable","11":"purchasable","12":"product-type-variable"},"aioseo_notices":[],"jetpack_sharing_enabled":true,"_links":{"self":[{"href":"https:\/\/k-beautyci.com\/fr\/wp-json\/wp\/v2\/product\/7505","targetHints":{"allow":["GET"]}}],"collection":[{"href":"https:\/\/k-beautyci.com\/fr\/wp-json\/wp\/v2\/product"}],"about":[{"href":"https:\/\/k-beautyci.com\/fr\/wp-json\/wp\/v2\/types\/product"}],"replies":[{"embeddable":true,"href":"https:\/\/k-beautyci.com\/fr\/wp-json\/wp\/v2\/comments?post=7505"}],"wp:featuredmedia":[{"embeddable":true,"href":"https:\/\/k-beautyci.com\/fr\/wp-json\/wp\/v2\/media\/7511"}],"wp:attachment":[{"href":"https:\/\/k-beautyci.com\/fr\/wp-json\/wp\/v2\/media?parent=7505"}],"wp:term":[{"taxonomy":"product_brand","embeddable":true,"href":"https:\/\/k-beautyci.com\/fr\/wp-json\/wp\/v2\/product_brand?post=7505"},{"taxonomy":"product_cat","embeddable":true,"href":"https:\/\/k-beautyci.com\/fr\/wp-json\/wp\/v2\/product_cat?post=7505"},{"taxonomy":"product_tag","embeddable":true,"href":"https:\/\/k-beautyci.com\/fr\/wp-json\/wp\/v2\/product_tag?post=7505"}],"curies":[{"name":"wp","href":"https:\/\/api.w.org\/{rel}","templated":true}]}}