{"id":7465,"date":"2025-03-27T15:00:55","date_gmt":"2025-03-27T15:00:55","guid":{"rendered":"https:\/\/k-beautyci.com\/?post_type=product&#038;p=7465"},"modified":"2025-07-14T13:37:18","modified_gmt":"2025-07-14T13:37:18","slug":"dr-melaxin-peel-shot-exfoliant-black-rice-ampoule-80ml","status":"publish","type":"product","link":"https:\/\/k-beautyci.com\/fr\/produit\/dr-melaxin-peel-shot-exfoliant-black-rice-ampoule-80ml\/","title":{"rendered":"Dr.Melaxin &#8211; Peel Shot Exfoliant Black Rice Ampoule 80ml"},"content":{"rendered":"<p><b>Comment l'utiliser :<\/b><br \/>\n1. Apr\u00e8s avoir nettoy\u00e9 le visage, appliquer une quantit\u00e9 suffisante sur la peau et masser l'ensemble du visage.<\/p>\n<p>2. Rincer abondamment \u00e0 l'eau apr\u00e8s utilisation.<\/p>\n<p>Avertissement : Pour usage externe uniquement. Toujours effectuer un test \u00e9picutan\u00e9. Cessez d'utiliser le produit si vous ressentez une quelconque g\u00eane. Suivre les instructions suppl\u00e9mentaires figurant sur l'emballage. Les r\u00e9sultats individuels peuvent varier.<\/p>","protected":false},"excerpt":{"rendered":"<p>D\u00e9couvrez les soins innovants de l'ampoule de riz Dr. Melaxin PeelShot. Contrairement aux produits de peeling traditionnels, cette formule avanc\u00e9e offre \u00e0 la fois une exfoliation et une absorption, \u00e9liminant en douceur les cellules mortes de la peau tout en apportant des ingr\u00e9dients nourrissants. Cette ampoule \u00e9limine les points noirs, d\u00e9sobstrue les pores et r\u00e9gule la production de s\u00e9bum tout en renfor\u00e7ant l'\u00e9clat de la peau. Elle est enrichie en eau de son de riz et en PENTAVITINE pour exfolier la peau en douceur et lui donner un aspect lisse et souple. Il contient \u00e9galement des acides hyaluroniques et du squalane pour maintenir l'hydratation de la peau. \u00c0 chaque utilisation, votre peau sera plus lisse, plus lumineuse et plus \u00e9clatante, r\u00e9v\u00e9lant un teint d'apparence plus saine.<\/p>","protected":false},"featured_media":7475,"comment_status":"open","ping_status":"closed","template":"","meta":{"om_disable_all_campaigns":false},"product_brand":[],"product_cat":[78,237,69],"product_tag":[],"class_list":{"0":"post-7465","1":"product","2":"type-product","3":"status-publish","4":"has-post-thumbnail","6":"product_cat-aha-bha","7":"product_cat-dr-melaxin","8":"product_cat-hyaluronic-acid","10":"first","11":"outofstock","12":"shipping-taxable","13":"purchasable","14":"product-type-simple"},"aioseo_notices":[],"jetpack_sharing_enabled":true,"_links":{"self":[{"href":"https:\/\/k-beautyci.com\/fr\/wp-json\/wp\/v2\/product\/7465","targetHints":{"allow":["GET"]}}],"collection":[{"href":"https:\/\/k-beautyci.com\/fr\/wp-json\/wp\/v2\/product"}],"about":[{"href":"https:\/\/k-beautyci.com\/fr\/wp-json\/wp\/v2\/types\/product"}],"replies":[{"embeddable":true,"href":"https:\/\/k-beautyci.com\/fr\/wp-json\/wp\/v2\/comments?post=7465"}],"wp:featuredmedia":[{"embeddable":true,"href":"https:\/\/k-beautyci.com\/fr\/wp-json\/wp\/v2\/media\/7475"}],"wp:attachment":[{"href":"https:\/\/k-beautyci.com\/fr\/wp-json\/wp\/v2\/media?parent=7465"}],"wp:term":[{"taxonomy":"product_brand","embeddable":true,"href":"https:\/\/k-beautyci.com\/fr\/wp-json\/wp\/v2\/product_brand?post=7465"},{"taxonomy":"product_cat","embeddable":true,"href":"https:\/\/k-beautyci.com\/fr\/wp-json\/wp\/v2\/product_cat?post=7465"},{"taxonomy":"product_tag","embeddable":true,"href":"https:\/\/k-beautyci.com\/fr\/wp-json\/wp\/v2\/product_tag?post=7465"}],"curies":[{"name":"wp","href":"https:\/\/api.w.org\/{rel}","templated":true}]}}