{"id":7454,"date":"2025-03-27T15:04:04","date_gmt":"2025-03-27T15:04:04","guid":{"rendered":"https:\/\/k-beautyci.com\/?post_type=product&#038;p=7454"},"modified":"2025-07-21T19:01:43","modified_gmt":"2025-07-21T19:01:43","slug":"dr-melaxin-peel-shot-exfoliant-white-rice-ampoule-80ml","status":"publish","type":"product","link":"https:\/\/k-beautyci.com\/fr\/produit\/dr-melaxin-peel-shot-exfoliant-white-rice-ampoule-80ml\/","title":{"rendered":"Dr.Melaxin &#8211; Peel Shot Exfoliant White Rice Ampoule 80ml"},"content":{"rendered":"<p><b>Comment l'utiliser :<\/b><br \/>\n1. Apr\u00e8s avoir nettoy\u00e9 le visage, appliquer une quantit\u00e9 suffisante sur la peau et masser l'ensemble du visage.<\/p>\n<p>2. Apr\u00e8s utilisation, rincer abondamment \u00e0 l'eau.<\/p>\n<p>Avertissement : Pour usage externe uniquement. Toujours effectuer un test \u00e9picutan\u00e9. Cessez d'utiliser le produit si vous ressentez une quelconque g\u00eane. Suivre les instructions suppl\u00e9mentaires figurant sur l'emballage. Les r\u00e9sultats individuels peuvent varier.<\/p>","protected":false},"excerpt":{"rendered":"<p>D\u00e9couvrez les soins innovants de l'ampoule de riz PeelShot Dr. Melaxin. Enrichie en eau de son de riz et en niacinamide, cette ampoule \u00e9limine les points blancs et affine la texture de la peau tout en l'\u00e9claircissant. Les AHA, BHA, PHA et PENTAVIN contenus dans la formule exfolient en douceur les cellules mortes et l'exc\u00e8s de s\u00e9bum, laissant la peau lisse et nourrie. \u00c0 chaque utilisation, votre peau sera plus lisse, plus lumineuse et plus \u00e9clatante, r\u00e9v\u00e9lant un teint d'apparence plus saine.<b><\/b><\/p>","protected":false},"featured_media":7464,"comment_status":"open","ping_status":"closed","template":"","meta":{"om_disable_all_campaigns":false},"product_brand":[],"product_cat":[78,237,31,74],"product_tag":[],"class_list":{"0":"post-7454","1":"product","2":"type-product","3":"status-publish","4":"has-post-thumbnail","6":"product_cat-aha-bha","7":"product_cat-dr-melaxin","8":"product_cat-face-serums","9":"product_cat-niacinamide","11":"first","12":"outofstock","13":"shipping-taxable","14":"purchasable","15":"product-type-simple"},"aioseo_notices":[],"jetpack_sharing_enabled":true,"_links":{"self":[{"href":"https:\/\/k-beautyci.com\/fr\/wp-json\/wp\/v2\/product\/7454","targetHints":{"allow":["GET"]}}],"collection":[{"href":"https:\/\/k-beautyci.com\/fr\/wp-json\/wp\/v2\/product"}],"about":[{"href":"https:\/\/k-beautyci.com\/fr\/wp-json\/wp\/v2\/types\/product"}],"replies":[{"embeddable":true,"href":"https:\/\/k-beautyci.com\/fr\/wp-json\/wp\/v2\/comments?post=7454"}],"wp:featuredmedia":[{"embeddable":true,"href":"https:\/\/k-beautyci.com\/fr\/wp-json\/wp\/v2\/media\/7464"}],"wp:attachment":[{"href":"https:\/\/k-beautyci.com\/fr\/wp-json\/wp\/v2\/media?parent=7454"}],"wp:term":[{"taxonomy":"product_brand","embeddable":true,"href":"https:\/\/k-beautyci.com\/fr\/wp-json\/wp\/v2\/product_brand?post=7454"},{"taxonomy":"product_cat","embeddable":true,"href":"https:\/\/k-beautyci.com\/fr\/wp-json\/wp\/v2\/product_cat?post=7454"},{"taxonomy":"product_tag","embeddable":true,"href":"https:\/\/k-beautyci.com\/fr\/wp-json\/wp\/v2\/product_tag?post=7454"}],"curies":[{"name":"wp","href":"https:\/\/api.w.org\/{rel}","templated":true}]}}