{"id":7448,"date":"2025-03-27T15:04:48","date_gmt":"2025-03-27T15:04:48","guid":{"rendered":"https:\/\/k-beautyci.com\/?post_type=product&#038;p=7448"},"modified":"2025-04-04T23:42:52","modified_gmt":"2025-04-04T23:42:52","slug":"medicube-red-acne-succinic-acid-peel","status":"publish","type":"product","link":"https:\/\/k-beautyci.com\/fr\/produit\/medicube-red-acne-succinic-acid-peel\/","title":{"rendered":"medicube &#8211; Red Acne Succinic Acid Peel"},"content":{"rendered":"<p><b>Comment l'utiliser :<\/b><br \/>\n1. Apr\u00e8s le nettoyage, appliquer une quantit\u00e9 suffisante sur le visage sec.<\/p>\n<p>2. Laissez agir pendant 1 \u00e0 2 minutes et rincez \u00e0 l'eau ti\u00e8de.<\/p>\n<p>Avertissement : Pour usage externe uniquement. Toujours effectuer un test \u00e9picutan\u00e9. Cessez d'utiliser le produit si vous ressentez une quelconque g\u00eane. Suivre les instructions suppl\u00e9mentaires figurant sur l'emballage. Les r\u00e9sultats individuels peuvent varier.<\/p>","protected":false},"excerpt":{"rendered":"<p>Ce s\u00e9rum infus\u00e9 d'acide succinique combat les \u00e9ruptions d'acn\u00e9 et exfolie en douceur les cellules mortes et l'exc\u00e8s de s\u00e9bum sur la peau. Enrichie d'un m\u00e9lange de 21 % d'AHA et de BHA, la formule \u00e9limine les points noirs et autres impuret\u00e9s dans les pores. L'extrait de feuille de centella asiatica apporte un soin apaisant. Convient \u00e0 diff\u00e9rents types de peau, y compris les peaux sensibles et sujettes \u00e0 l'acn\u00e9.<\/p>","protected":false},"featured_media":7453,"comment_status":"open","ping_status":"closed","template":"","meta":{"om_disable_all_campaigns":false},"product_brand":[],"product_cat":[60,78,31,215],"product_tag":[],"class_list":{"0":"post-7448","1":"product","2":"type-product","3":"status-publish","4":"has-post-thumbnail","6":"product_cat-acne","7":"product_cat-aha-bha","8":"product_cat-face-serums","9":"product_cat-medicube","11":"first","12":"outofstock","13":"shipping-taxable","14":"purchasable","15":"product-type-simple"},"aioseo_notices":[],"jetpack_sharing_enabled":true,"_links":{"self":[{"href":"https:\/\/k-beautyci.com\/fr\/wp-json\/wp\/v2\/product\/7448","targetHints":{"allow":["GET"]}}],"collection":[{"href":"https:\/\/k-beautyci.com\/fr\/wp-json\/wp\/v2\/product"}],"about":[{"href":"https:\/\/k-beautyci.com\/fr\/wp-json\/wp\/v2\/types\/product"}],"replies":[{"embeddable":true,"href":"https:\/\/k-beautyci.com\/fr\/wp-json\/wp\/v2\/comments?post=7448"}],"wp:featuredmedia":[{"embeddable":true,"href":"https:\/\/k-beautyci.com\/fr\/wp-json\/wp\/v2\/media\/7453"}],"wp:attachment":[{"href":"https:\/\/k-beautyci.com\/fr\/wp-json\/wp\/v2\/media?parent=7448"}],"wp:term":[{"taxonomy":"product_brand","embeddable":true,"href":"https:\/\/k-beautyci.com\/fr\/wp-json\/wp\/v2\/product_brand?post=7448"},{"taxonomy":"product_cat","embeddable":true,"href":"https:\/\/k-beautyci.com\/fr\/wp-json\/wp\/v2\/product_cat?post=7448"},{"taxonomy":"product_tag","embeddable":true,"href":"https:\/\/k-beautyci.com\/fr\/wp-json\/wp\/v2\/product_tag?post=7448"}],"curies":[{"name":"wp","href":"https:\/\/api.w.org\/{rel}","templated":true}]}}