{"id":7439,"date":"2025-03-27T15:05:32","date_gmt":"2025-03-27T15:05:32","guid":{"rendered":"https:\/\/k-beautyci.com\/?post_type=product&#038;p=7439"},"modified":"2026-01-28T15:41:00","modified_gmt":"2026-01-28T15:41:00","slug":"isntree-onion-newpair-booster-shot-2000","status":"publish","type":"product","link":"https:\/\/k-beautyci.com\/fr\/produit\/isntree-onion-newpair-booster-shot-2000\/","title":{"rendered":"Isntree &#8211; Onion Newpair Booster Shot 2000"},"content":{"rendered":"<p><b>Comment l'utiliser :<\/b><\/p>\n<p>Appliquer uniform\u00e9ment une quantit\u00e9 mod\u00e9r\u00e9e sur le visage et tapoter l\u00e9g\u00e8rement pour une meilleure absorption.<\/p>\n<p>Avertissement : Pour usage externe uniquement. Toujours effectuer un test \u00e9picutan\u00e9. Cessez d'utiliser le produit si vous ressentez une quelconque g\u00eane. Suivre les instructions suppl\u00e9mentaires figurant sur l'emballage. Les r\u00e9sultats individuels peuvent varier.<\/p>","protected":false},"excerpt":{"rendered":"<p>Minimisez les pores et affinez la texture in\u00e9gale de la peau avec Onion Newpair Booster Shot 2000 d'Isntree. Formul\u00e9 avec du panth\u00e9nol, de l'acide hyaluronique et du collag\u00e8ne dans des particules ultrafines en forme d'aiguille pour imiter les traitements faciaux par microneedling, le booster shot apporte un soin \u00e0 la barri\u00e8re cutan\u00e9e et \u00e0 l'\u00e9lasticit\u00e9 de la peau ainsi qu'une hydratation intense. L'extrait d'oignon rouge facilite l'absorption des ingr\u00e9dients actifs, tout en soignant les imperfections.<\/p>","protected":false},"featured_media":7446,"comment_status":"open","ping_status":"closed","template":"","meta":{"om_disable_all_campaigns":false},"product_brand":[],"product_cat":[57,31,33,90],"product_tag":[],"class_list":{"0":"post-7439","1":"product","2":"type-product","3":"status-publish","4":"has-post-thumbnail","6":"product_cat-anti-aging","7":"product_cat-face-serums","8":"product_cat-face-treatments","9":"product_cat-isntree","11":"first","12":"instock","13":"sale","14":"shipping-taxable","15":"purchasable","16":"product-type-simple"},"aioseo_notices":[],"jetpack_sharing_enabled":true,"_links":{"self":[{"href":"https:\/\/k-beautyci.com\/fr\/wp-json\/wp\/v2\/product\/7439","targetHints":{"allow":["GET"]}}],"collection":[{"href":"https:\/\/k-beautyci.com\/fr\/wp-json\/wp\/v2\/product"}],"about":[{"href":"https:\/\/k-beautyci.com\/fr\/wp-json\/wp\/v2\/types\/product"}],"replies":[{"embeddable":true,"href":"https:\/\/k-beautyci.com\/fr\/wp-json\/wp\/v2\/comments?post=7439"}],"wp:featuredmedia":[{"embeddable":true,"href":"https:\/\/k-beautyci.com\/fr\/wp-json\/wp\/v2\/media\/7446"}],"wp:attachment":[{"href":"https:\/\/k-beautyci.com\/fr\/wp-json\/wp\/v2\/media?parent=7439"}],"wp:term":[{"taxonomy":"product_brand","embeddable":true,"href":"https:\/\/k-beautyci.com\/fr\/wp-json\/wp\/v2\/product_brand?post=7439"},{"taxonomy":"product_cat","embeddable":true,"href":"https:\/\/k-beautyci.com\/fr\/wp-json\/wp\/v2\/product_cat?post=7439"},{"taxonomy":"product_tag","embeddable":true,"href":"https:\/\/k-beautyci.com\/fr\/wp-json\/wp\/v2\/product_tag?post=7439"}],"curies":[{"name":"wp","href":"https:\/\/api.w.org\/{rel}","templated":true}]}}