{"id":7430,"date":"2025-03-27T15:06:10","date_gmt":"2025-03-27T15:06:10","guid":{"rendered":"https:\/\/k-beautyci.com\/?post_type=product&#038;p=7430"},"modified":"2026-04-11T16:05:22","modified_gmt":"2026-04-11T16:05:22","slug":"cosrx-the-alpha-arbutin-2-discoloration-care-serum","status":"publish","type":"product","link":"https:\/\/k-beautyci.com\/fr\/produit\/cosrx-the-alpha-arbutin-2-discoloration-care-serum\/","title":{"rendered":"COSRX &#8211; The Alpha-Arbutin 2 Discoloration Care Serum"},"content":{"rendered":"<p><b>Comment l'utiliser :<\/b><\/p>\n<p>Appliquer une quantit\u00e9 appropri\u00e9e sur une peau propre et tapoter doucement pour faciliter l'absorption.<\/p>\n<p>Avertissement : Pour usage externe uniquement. Toujours effectuer un test \u00e9picutan\u00e9. Cessez d'utiliser le produit si vous ressentez une quelconque g\u00eane. Suivre les instructions suppl\u00e9mentaires figurant sur l'emballage. Les r\u00e9sultats individuels peuvent varier.<\/p>","protected":false},"excerpt":{"rendered":"<p>Formul\u00e9 avec de l'acide tranexamique, du niacinamide, de la N-ac\u00e9tylglucosamine (NAG) et de l'alpha-arbutine, ce s\u00e9rum estompe les taches brunes, \u00e9claircit le teint in\u00e9gal et renforce la barri\u00e8re cutan\u00e9e. Il est \u00e9galement enrichi en glutathion et en acide f\u00e9rulique pour traiter l'hyperpigmentation et les cicatrices post-acn\u00e9iques. Ce produit convient \u00e0 tous les types de peau, y compris les peaux sensibles.<\/p>","protected":false},"featured_media":7438,"comment_status":"open","ping_status":"closed","template":"","meta":{"om_disable_all_campaigns":false},"product_brand":[],"product_cat":[60,51,52,42,31,66,41,36],"product_tag":[],"class_list":{"0":"post-7430","1":"product","2":"type-product","3":"status-publish","4":"has-post-thumbnail","6":"product_cat-acne","7":"product_cat-cosrx","8":"product_cat-dark-spots","9":"product_cat-dry-skin","10":"product_cat-face-serums","11":"product_cat-normal-combination-skin","12":"product_cat-oily-skin","13":"product_cat-sensitive-skin","15":"first","16":"instock","17":"shipping-taxable","18":"purchasable","19":"product-type-simple"},"aioseo_notices":[],"jetpack_sharing_enabled":true,"_links":{"self":[{"href":"https:\/\/k-beautyci.com\/fr\/wp-json\/wp\/v2\/product\/7430","targetHints":{"allow":["GET"]}}],"collection":[{"href":"https:\/\/k-beautyci.com\/fr\/wp-json\/wp\/v2\/product"}],"about":[{"href":"https:\/\/k-beautyci.com\/fr\/wp-json\/wp\/v2\/types\/product"}],"replies":[{"embeddable":true,"href":"https:\/\/k-beautyci.com\/fr\/wp-json\/wp\/v2\/comments?post=7430"}],"wp:featuredmedia":[{"embeddable":true,"href":"https:\/\/k-beautyci.com\/fr\/wp-json\/wp\/v2\/media\/7438"}],"wp:attachment":[{"href":"https:\/\/k-beautyci.com\/fr\/wp-json\/wp\/v2\/media?parent=7430"}],"wp:term":[{"taxonomy":"product_brand","embeddable":true,"href":"https:\/\/k-beautyci.com\/fr\/wp-json\/wp\/v2\/product_brand?post=7430"},{"taxonomy":"product_cat","embeddable":true,"href":"https:\/\/k-beautyci.com\/fr\/wp-json\/wp\/v2\/product_cat?post=7430"},{"taxonomy":"product_tag","embeddable":true,"href":"https:\/\/k-beautyci.com\/fr\/wp-json\/wp\/v2\/product_tag?post=7430"}],"curies":[{"name":"wp","href":"https:\/\/api.w.org\/{rel}","templated":true}]}}