{"id":7423,"date":"2025-03-27T15:09:20","date_gmt":"2025-03-27T15:09:20","guid":{"rendered":"https:\/\/k-beautyci.com\/?post_type=product&#038;p=7423"},"modified":"2025-03-27T15:09:20","modified_gmt":"2025-03-27T15:09:20","slug":"house-of-hur-purifying-cleansing-balm","status":"publish","type":"product","link":"https:\/\/k-beautyci.com\/fr\/produit\/house-of-hur-purifying-cleansing-balm\/","title":{"rendered":"House of HUR Purifying Cleansing Balm"},"content":{"rendered":"<p>Comment l'utiliser :<\/p>\n<p>Tourner le produit dans le sens des aiguilles d'une montre et pr\u00e9lever une quantit\u00e9 appropri\u00e9e. Masser d\u00e9licatement sur la peau s\u00e8che en effectuant des mouvements circulaires, puis ajouter un peu d'eau pour \u00e9mulsionner. Rincer abondamment \u00e0 l'eau ti\u00e8de, puis poursuivre avec un nettoyant.<\/p>\n<p>Avertissement : Pour usage externe uniquement. Toujours effectuer un test \u00e9picutan\u00e9. Cessez d'utiliser le produit si vous ressentez une quelconque g\u00eane. Suivre les instructions suppl\u00e9mentaires figurant sur l'emballage. Les r\u00e9sultats individuels peuvent varier.<\/p>","protected":false},"excerpt":{"rendered":"<p>Ce baume nettoyant infus\u00e9 d'extraits de fraise, de cerise et d'arbre \u00e0 vitamines maintient la peau hydrat\u00e9e tout en purgeant les pores de la salet\u00e9, de l'exc\u00e8s de s\u00e9bum et des impuret\u00e9s. La formule succulente, semblable \u00e0 un sorbet, fond facilement sur la peau pour \u00e9liminer l'accumulation de salet\u00e9 de la journ\u00e9e tout en choyant les peaux sensibles.<\/p>","protected":false},"featured_media":7428,"comment_status":"open","ping_status":"closed","template":"","meta":{"om_disable_all_campaigns":false},"product_brand":[],"product_cat":[35,236,63],"product_tag":[],"class_list":{"0":"post-7423","1":"product","2":"type-product","3":"status-publish","4":"has-post-thumbnail","6":"product_cat-face-cleansers","7":"product_cat-house-of-hur","8":"product_cat-makeup-removers","10":"first","11":"instock","12":"shipping-taxable","13":"purchasable","14":"product-type-simple"},"aioseo_notices":[],"jetpack_sharing_enabled":true,"_links":{"self":[{"href":"https:\/\/k-beautyci.com\/fr\/wp-json\/wp\/v2\/product\/7423","targetHints":{"allow":["GET"]}}],"collection":[{"href":"https:\/\/k-beautyci.com\/fr\/wp-json\/wp\/v2\/product"}],"about":[{"href":"https:\/\/k-beautyci.com\/fr\/wp-json\/wp\/v2\/types\/product"}],"replies":[{"embeddable":true,"href":"https:\/\/k-beautyci.com\/fr\/wp-json\/wp\/v2\/comments?post=7423"}],"wp:featuredmedia":[{"embeddable":true,"href":"https:\/\/k-beautyci.com\/fr\/wp-json\/wp\/v2\/media\/7428"}],"wp:attachment":[{"href":"https:\/\/k-beautyci.com\/fr\/wp-json\/wp\/v2\/media?parent=7423"}],"wp:term":[{"taxonomy":"product_brand","embeddable":true,"href":"https:\/\/k-beautyci.com\/fr\/wp-json\/wp\/v2\/product_brand?post=7423"},{"taxonomy":"product_cat","embeddable":true,"href":"https:\/\/k-beautyci.com\/fr\/wp-json\/wp\/v2\/product_cat?post=7423"},{"taxonomy":"product_tag","embeddable":true,"href":"https:\/\/k-beautyci.com\/fr\/wp-json\/wp\/v2\/product_tag?post=7423"}],"curies":[{"name":"wp","href":"https:\/\/api.w.org\/{rel}","templated":true}]}}