{"id":7416,"date":"2025-03-27T15:10:36","date_gmt":"2025-03-27T15:10:36","guid":{"rendered":"https:\/\/k-beautyci.com\/?post_type=product&#038;p=7416"},"modified":"2026-01-28T21:42:04","modified_gmt":"2026-01-28T21:42:04","slug":"vt-cosmetics-vt-spot-patch-48ea","status":"publish","type":"product","link":"https:\/\/k-beautyci.com\/fr\/produit\/vt-cosmetics-vt-spot-patch-48ea\/","title":{"rendered":"VT Cosmetics VT Spot Patch 48ea"},"content":{"rendered":"<p>Comment l'utiliser :<\/p>\n<p>Nettoyer la zone autour de l'endroit \u00e0 probl\u00e8mes. S\u00e9lectionnez une zone plus grande que celle qui pose probl\u00e8me. Fixez le patch sur la tache.<\/p>\n<p>Avertissement : Pour usage externe uniquement. Toujours effectuer un test \u00e9picutan\u00e9. Cessez d'utiliser le produit si vous ressentez une quelconque g\u00eane. Suivre les instructions suppl\u00e9mentaires figurant sur l'emballage. Les r\u00e9sultats individuels peuvent varier.<\/p>","protected":false},"excerpt":{"rendered":"<p>Les patchs transparents et l\u00e9gers prot\u00e8gent les boutons pour \u00e9viter les r\u00e9infections. Ces patchs absorbent les impuret\u00e9s et hydratent en permanence pour lib\u00e9rer la peau des imperfections.<\/p>","protected":false},"featured_media":7419,"comment_status":"open","ping_status":"closed","template":"","meta":{"om_disable_all_campaigns":false},"product_brand":[],"product_cat":[60,211],"product_tag":[],"class_list":{"0":"post-7416","1":"product","2":"type-product","3":"status-publish","4":"has-post-thumbnail","6":"product_cat-acne","7":"product_cat-vt-cosmetics","9":"first","10":"instock","11":"shipping-taxable","12":"purchasable","13":"product-type-simple"},"aioseo_notices":[],"jetpack_sharing_enabled":true,"_links":{"self":[{"href":"https:\/\/k-beautyci.com\/fr\/wp-json\/wp\/v2\/product\/7416","targetHints":{"allow":["GET"]}}],"collection":[{"href":"https:\/\/k-beautyci.com\/fr\/wp-json\/wp\/v2\/product"}],"about":[{"href":"https:\/\/k-beautyci.com\/fr\/wp-json\/wp\/v2\/types\/product"}],"replies":[{"embeddable":true,"href":"https:\/\/k-beautyci.com\/fr\/wp-json\/wp\/v2\/comments?post=7416"}],"wp:featuredmedia":[{"embeddable":true,"href":"https:\/\/k-beautyci.com\/fr\/wp-json\/wp\/v2\/media\/7419"}],"wp:attachment":[{"href":"https:\/\/k-beautyci.com\/fr\/wp-json\/wp\/v2\/media?parent=7416"}],"wp:term":[{"taxonomy":"product_brand","embeddable":true,"href":"https:\/\/k-beautyci.com\/fr\/wp-json\/wp\/v2\/product_brand?post=7416"},{"taxonomy":"product_cat","embeddable":true,"href":"https:\/\/k-beautyci.com\/fr\/wp-json\/wp\/v2\/product_cat?post=7416"},{"taxonomy":"product_tag","embeddable":true,"href":"https:\/\/k-beautyci.com\/fr\/wp-json\/wp\/v2\/product_tag?post=7416"}],"curies":[{"name":"wp","href":"https:\/\/api.w.org\/{rel}","templated":true}]}}