{"id":7412,"date":"2025-03-27T15:12:06","date_gmt":"2025-03-27T15:12:06","guid":{"rendered":"https:\/\/k-beautyci.com\/?post_type=product&#038;p=7412"},"modified":"2025-04-01T00:02:17","modified_gmt":"2025-04-01T00:02:17","slug":"vt-cosmetics-pdrn-glow-ampoule-100ml","status":"publish","type":"product","link":"https:\/\/k-beautyci.com\/fr\/produit\/vt-cosmetics-pdrn-glow-ampoule-100ml\/","title":{"rendered":"VT Cosmetics PDRN Glow Ampoule 100ml"},"content":{"rendered":"<div class=\"pro_infor_title_style\">Comment l'utiliser<\/div>\n<p>Apr\u00e8s avoir agit\u00e9 doucement, fermer les yeux et vaporiser uniform\u00e9ment \u00e0 20-30 cm du visage et laisser absorber.<\/p>\n<p>Avertissement : Pour usage externe uniquement. Toujours effectuer un test \u00e9picutan\u00e9. Cessez d'utiliser le produit si vous ressentez une quelconque g\u00eane. Suivre les instructions suppl\u00e9mentaires figurant sur l'emballage. Les r\u00e9sultats individuels peuvent varier.<\/p>","protected":false},"excerpt":{"rendered":"<p>Il d\u00e9livre les nutriments du ginseng \u00e0 la peau gr\u00e2ce \u00e0 l'extrait de ginseng PDRN \u00e0 base de plantes \u00e0 faible poids mol\u00e9culaire, ce qui permet d'obtenir une peau saine, vivante et \u00e9lastique. Il s'agit d'une ampoule racine qui forme un film hydratant radieux m\u00eame lorsqu'elle est l\u00e9g\u00e8rement vaporis\u00e9e avec les cinq ingr\u00e9dients de la synergie d'\u00e9clat de Padialen Essence 100.<\/p>","protected":false},"featured_media":7415,"comment_status":"open","ping_status":"closed","template":"","meta":{"om_disable_all_campaigns":false},"product_brand":[],"product_cat":[31,211],"product_tag":[],"class_list":{"0":"post-7412","1":"product","2":"type-product","3":"status-publish","4":"has-post-thumbnail","6":"product_cat-face-serums","7":"product_cat-vt-cosmetics","9":"first","10":"outofstock","11":"shipping-taxable","12":"purchasable","13":"product-type-simple"},"aioseo_notices":[],"jetpack_sharing_enabled":true,"_links":{"self":[{"href":"https:\/\/k-beautyci.com\/fr\/wp-json\/wp\/v2\/product\/7412","targetHints":{"allow":["GET"]}}],"collection":[{"href":"https:\/\/k-beautyci.com\/fr\/wp-json\/wp\/v2\/product"}],"about":[{"href":"https:\/\/k-beautyci.com\/fr\/wp-json\/wp\/v2\/types\/product"}],"replies":[{"embeddable":true,"href":"https:\/\/k-beautyci.com\/fr\/wp-json\/wp\/v2\/comments?post=7412"}],"wp:featuredmedia":[{"embeddable":true,"href":"https:\/\/k-beautyci.com\/fr\/wp-json\/wp\/v2\/media\/7415"}],"wp:attachment":[{"href":"https:\/\/k-beautyci.com\/fr\/wp-json\/wp\/v2\/media?parent=7412"}],"wp:term":[{"taxonomy":"product_brand","embeddable":true,"href":"https:\/\/k-beautyci.com\/fr\/wp-json\/wp\/v2\/product_brand?post=7412"},{"taxonomy":"product_cat","embeddable":true,"href":"https:\/\/k-beautyci.com\/fr\/wp-json\/wp\/v2\/product_cat?post=7412"},{"taxonomy":"product_tag","embeddable":true,"href":"https:\/\/k-beautyci.com\/fr\/wp-json\/wp\/v2\/product_tag?post=7412"}],"curies":[{"name":"wp","href":"https:\/\/api.w.org\/{rel}","templated":true}]}}