{"id":7407,"date":"2025-03-27T15:13:13","date_gmt":"2025-03-27T15:13:13","guid":{"rendered":"https:\/\/k-beautyci.com\/?post_type=product&#038;p=7407"},"modified":"2026-03-28T01:19:18","modified_gmt":"2026-03-28T01:19:18","slug":"vt-reedle-shot-lifting-serum","status":"publish","type":"product","link":"https:\/\/k-beautyci.com\/fr\/produit\/vt-reedle-shot-lifting-serum\/","title":{"rendered":"VT cosmetics Reedle Shot Lifting Serum"},"content":{"rendered":"<p><b>Comment l'utiliser :<\/b><\/p>\n<p>Apr\u00e8s avoir lav\u00e9 votre visage, \u00e0 l'\u00e9tape de l'essence, prenez une quantit\u00e9 de la taille d'un petit pois et \u00e9talez-la d\u00e9licatement sur l'ensemble du visage et laissez-la absorber compl\u00e8tement.<\/p>\n<p>Avertissement : Pour usage externe uniquement. Toujours effectuer un test \u00e9picutan\u00e9. Cessez d'utiliser le produit si vous ressentez une quelconque g\u00eane. Suivre les instructions suppl\u00e9mentaires figurant sur l'emballage. Les r\u00e9sultats individuels peuvent varier.<\/p>","protected":false},"excerpt":{"rendered":"<p>Liftez et revitalisez la peau avec le s\u00e9rum liftant Reedle Shot. Il est formul\u00e9 avec CICA REEDLE\u2122 contenant des particules de micro taille d\u00e9riv\u00e9es de la silice qui imitent le traitement par microneedling pour aider la peau \u00e0 absorber les ingr\u00e9dients actifs en profondeur. La formule est enrichie en collag\u00e8ne, \u00e9lastine et acide hyaluronique pour hydrater et repulper la peau.<\/p>","protected":false},"featured_media":7411,"comment_status":"open","ping_status":"closed","template":"","meta":{"om_disable_all_campaigns":false},"product_brand":[],"product_cat":[31,211],"product_tag":[],"class_list":{"0":"post-7407","1":"product","2":"type-product","3":"status-publish","4":"has-post-thumbnail","6":"product_cat-face-serums","7":"product_cat-vt-cosmetics","9":"first","10":"instock","11":"shipping-taxable","12":"purchasable","13":"product-type-simple"},"aioseo_notices":[],"jetpack_sharing_enabled":true,"_links":{"self":[{"href":"https:\/\/k-beautyci.com\/fr\/wp-json\/wp\/v2\/product\/7407","targetHints":{"allow":["GET"]}}],"collection":[{"href":"https:\/\/k-beautyci.com\/fr\/wp-json\/wp\/v2\/product"}],"about":[{"href":"https:\/\/k-beautyci.com\/fr\/wp-json\/wp\/v2\/types\/product"}],"replies":[{"embeddable":true,"href":"https:\/\/k-beautyci.com\/fr\/wp-json\/wp\/v2\/comments?post=7407"}],"wp:featuredmedia":[{"embeddable":true,"href":"https:\/\/k-beautyci.com\/fr\/wp-json\/wp\/v2\/media\/7411"}],"wp:attachment":[{"href":"https:\/\/k-beautyci.com\/fr\/wp-json\/wp\/v2\/media?parent=7407"}],"wp:term":[{"taxonomy":"product_brand","embeddable":true,"href":"https:\/\/k-beautyci.com\/fr\/wp-json\/wp\/v2\/product_brand?post=7407"},{"taxonomy":"product_cat","embeddable":true,"href":"https:\/\/k-beautyci.com\/fr\/wp-json\/wp\/v2\/product_cat?post=7407"},{"taxonomy":"product_tag","embeddable":true,"href":"https:\/\/k-beautyci.com\/fr\/wp-json\/wp\/v2\/product_tag?post=7407"}],"curies":[{"name":"wp","href":"https:\/\/api.w.org\/{rel}","templated":true}]}}