{"id":7403,"date":"2025-03-27T15:14:44","date_gmt":"2025-03-27T15:14:44","guid":{"rendered":"https:\/\/k-beautyci.com\/?post_type=product&#038;p=7403"},"modified":"2025-04-19T14:01:58","modified_gmt":"2025-04-19T14:01:58","slug":"vt-collagen-reedle-shot-100-stick-pouch","status":"publish","type":"product","link":"https:\/\/k-beautyci.com\/fr\/produit\/vt-collagen-reedle-shot-100-stick-pouch\/","title":{"rendered":"VT &#8211; Collagen Reedle Shot 100 Stick Pouch"},"content":{"rendered":"<p><b>Comment l'utiliser :<\/b><br \/>\n1. Appliquer une quantit\u00e9 mod\u00e9r\u00e9e sur un visage propre apr\u00e8s l'avoir nettoy\u00e9.<\/p>\n<p>2. Masser le contenu sur la peau en effectuant des mouvements circulaires. Appuyer fermement avec la paume de la main pour terminer.<\/p>\n<p>3. Ajustez la quantit\u00e9 et la fr\u00e9quence d'utilisation en fonction de l'\u00e9tat de votre peau.<\/p>\n<p>Avertissement : Pour usage externe uniquement. Toujours effectuer un test \u00e9picutan\u00e9. Cessez d'utiliser le produit si vous ressentez une quelconque g\u00eane. Suivre les instructions suppl\u00e9mentaires figurant sur l'emballage. Les r\u00e9sultats individuels peuvent varier.<\/p>","protected":false},"excerpt":{"rendered":"<p>Revitalisez la peau avec cette ampoule formul\u00e9e avec les ingr\u00e9dients brevet\u00e9s de VT CICAHYALON\u2122 et CICA REEDLE\u2122 pour obtenir une apparence souple et jeune. Du collag\u00e8ne \u00e0 faible poids mol\u00e9culaire est ajout\u00e9 \u00e0 la formule pour renforcer l'\u00e9lasticit\u00e9 de la peau et lisser son grain. La bo\u00eete comprend dix sachets emball\u00e9s individuellement.<\/p>","protected":false},"featured_media":7406,"comment_status":"open","ping_status":"closed","template":"","meta":{"om_disable_all_campaigns":false},"product_brand":[],"product_cat":[31,33,211],"product_tag":[],"class_list":{"0":"post-7403","1":"product","2":"type-product","3":"status-publish","4":"has-post-thumbnail","6":"product_cat-face-serums","7":"product_cat-face-treatments","8":"product_cat-vt-cosmetics","10":"first","11":"outofstock","12":"shipping-taxable","13":"purchasable","14":"product-type-simple"},"aioseo_notices":[],"jetpack_sharing_enabled":true,"_links":{"self":[{"href":"https:\/\/k-beautyci.com\/fr\/wp-json\/wp\/v2\/product\/7403","targetHints":{"allow":["GET"]}}],"collection":[{"href":"https:\/\/k-beautyci.com\/fr\/wp-json\/wp\/v2\/product"}],"about":[{"href":"https:\/\/k-beautyci.com\/fr\/wp-json\/wp\/v2\/types\/product"}],"replies":[{"embeddable":true,"href":"https:\/\/k-beautyci.com\/fr\/wp-json\/wp\/v2\/comments?post=7403"}],"wp:featuredmedia":[{"embeddable":true,"href":"https:\/\/k-beautyci.com\/fr\/wp-json\/wp\/v2\/media\/7406"}],"wp:attachment":[{"href":"https:\/\/k-beautyci.com\/fr\/wp-json\/wp\/v2\/media?parent=7403"}],"wp:term":[{"taxonomy":"product_brand","embeddable":true,"href":"https:\/\/k-beautyci.com\/fr\/wp-json\/wp\/v2\/product_brand?post=7403"},{"taxonomy":"product_cat","embeddable":true,"href":"https:\/\/k-beautyci.com\/fr\/wp-json\/wp\/v2\/product_cat?post=7403"},{"taxonomy":"product_tag","embeddable":true,"href":"https:\/\/k-beautyci.com\/fr\/wp-json\/wp\/v2\/product_tag?post=7403"}],"curies":[{"name":"wp","href":"https:\/\/api.w.org\/{rel}","templated":true}]}}