{"id":7397,"date":"2025-03-27T15:03:08","date_gmt":"2025-03-27T15:03:08","guid":{"rendered":"https:\/\/k-beautyci.com\/?post_type=product&#038;p=7397"},"modified":"2025-04-22T12:41:09","modified_gmt":"2025-04-22T12:41:09","slug":"vt-reedle-shot-300-stick-pouch","status":"publish","type":"product","link":"https:\/\/k-beautyci.com\/fr\/produit\/vt-reedle-shot-300-stick-pouch\/","title":{"rendered":"VT &#8211; Reedle Shot 300 Stick Pouch"},"content":{"rendered":"<p><b>Comment l'utiliser :<\/b><\/p>\n<p>Pendant la routine de soin de nuit, apr\u00e8s avoir lav\u00e9 votre visage, \u00e9talez la quantit\u00e9 ad\u00e9quate uniform\u00e9ment et massez jusqu'\u00e0 absorption.<\/p>\n<p>Le reedle shot 300 peut \u00eatre utilis\u00e9e tous les 3 jours, mais ne pas l'utiliser en m\u00eame temps que les reedle shot100 et 700.<\/p>\n<p>Ne pas utiliser avec un appareil et apr\u00e8s avoir subi des proc\u00e9dures cosm\u00e9tiques, arr\u00eater l'utilisation en cas d'irritation.<\/p>\n<p>Avertissement : Pour usage externe uniquement. Toujours effectuer un test \u00e9picutan\u00e9. Cessez d'utiliser le produit si vous ressentez une quelconque g\u00eane. Suivre les instructions suppl\u00e9mentaires figurant sur l'emballage. Les r\u00e9sultats individuels peuvent varier.<\/p>","protected":false},"excerpt":{"rendered":"<p>Ce soin hypoallerg\u00e9nique est enrichi en extrait de centella asiatica et en acide hyaluronique pour r\u00e9hydrater la peau en profondeur et renforcer la barri\u00e8re cutan\u00e9e pour un fini doux et hydrat\u00e9. Le niacinamide et le mad\u00e9cassoside pr\u00e9sents dans le m\u00e9lange apportent des propri\u00e9t\u00e9s antioxydantes et anti-inflammatoires. Il exfolie en douceur les cellules mortes pour une peau lisse. Convient \u00e0 tous les types de peau, y compris les peaux sensibles.<\/p>","protected":false},"featured_media":7402,"comment_status":"open","ping_status":"closed","template":"","meta":{"om_disable_all_campaigns":false},"product_brand":[],"product_cat":[88,31,33,211],"product_tag":[],"class_list":{"0":"post-7397","1":"product","2":"type-product","3":"status-publish","4":"has-post-thumbnail","6":"product_cat-centella","7":"product_cat-face-serums","8":"product_cat-face-treatments","9":"product_cat-vt-cosmetics","11":"first","12":"outofstock","13":"shipping-taxable","14":"purchasable","15":"product-type-simple"},"aioseo_notices":[],"jetpack_sharing_enabled":true,"_links":{"self":[{"href":"https:\/\/k-beautyci.com\/fr\/wp-json\/wp\/v2\/product\/7397","targetHints":{"allow":["GET"]}}],"collection":[{"href":"https:\/\/k-beautyci.com\/fr\/wp-json\/wp\/v2\/product"}],"about":[{"href":"https:\/\/k-beautyci.com\/fr\/wp-json\/wp\/v2\/types\/product"}],"replies":[{"embeddable":true,"href":"https:\/\/k-beautyci.com\/fr\/wp-json\/wp\/v2\/comments?post=7397"}],"wp:featuredmedia":[{"embeddable":true,"href":"https:\/\/k-beautyci.com\/fr\/wp-json\/wp\/v2\/media\/7402"}],"wp:attachment":[{"href":"https:\/\/k-beautyci.com\/fr\/wp-json\/wp\/v2\/media?parent=7397"}],"wp:term":[{"taxonomy":"product_brand","embeddable":true,"href":"https:\/\/k-beautyci.com\/fr\/wp-json\/wp\/v2\/product_brand?post=7397"},{"taxonomy":"product_cat","embeddable":true,"href":"https:\/\/k-beautyci.com\/fr\/wp-json\/wp\/v2\/product_cat?post=7397"},{"taxonomy":"product_tag","embeddable":true,"href":"https:\/\/k-beautyci.com\/fr\/wp-json\/wp\/v2\/product_tag?post=7397"}],"curies":[{"name":"wp","href":"https:\/\/api.w.org\/{rel}","templated":true}]}}