{"id":7393,"date":"2025-03-27T15:02:46","date_gmt":"2025-03-27T15:02:46","guid":{"rendered":"https:\/\/k-beautyci.com\/?post_type=product&#038;p=7393"},"modified":"2025-10-11T00:25:22","modified_gmt":"2025-10-11T00:25:22","slug":"vt-reedle-shot-100-stick-pouch","status":"publish","type":"product","link":"https:\/\/k-beautyci.com\/fr\/produit\/vt-reedle-shot-100-stick-pouch\/","title":{"rendered":"VT &#8211; Reedle Shot 100 Stick Pouch"},"content":{"rendered":"<p><b>Comment l'utiliser :<\/b><\/p>\n<p>Pendant la routine de soin de nuit, apr\u00e8s avoir lav\u00e9 votre visage, \u00e9talez la quantit\u00e9 ad\u00e9quate uniform\u00e9ment et massez jusqu'\u00e0 absorption.<\/p>\n<p>Le reedle shot 100 peut \u00eatre utilis\u00e9e quotidiennement, mais ne doit pas \u00eatre utilis\u00e9e en m\u00eame temps que les reedle shot 300 et 700.<\/p>\n<p>Ne pas utiliser avec un appareil et apr\u00e8s avoir subi des proc\u00e9dures cosm\u00e9tiques, arr\u00eater l'utilisation en cas d'irritation.<\/p>\n<p>Avertissement : Pour usage externe uniquement. Toujours effectuer un test \u00e9picutan\u00e9. Cessez d'utiliser le produit si vous ressentez une quelconque g\u00eane. Suivre les instructions suppl\u00e9mentaires figurant sur l'emballage. Les r\u00e9sultats individuels peuvent varier.<\/p>","protected":false},"excerpt":{"rendered":"<p>Cette ampoule contient de l'extrait de cica, du mad\u00e9cassoside et de l'extrait de propolis qui offrent des bienfaits anti-inflammatoires. L'acide hyaluronique et l'huile de graine de macadamia augmentent les niveaux d'hydratation de la peau pour un aspect rebondi. Gr\u00e2ce \u00e0 la petite taille mol\u00e9culaire de ses ingr\u00e9dients actifs, la formule p\u00e9n\u00e8tre profond\u00e9ment dans la couche dermique de la peau pour la nourrir intens\u00e9ment.<\/p>","protected":false},"featured_media":7396,"comment_status":"open","ping_status":"closed","template":"","meta":{"om_disable_all_campaigns":false},"product_brand":[],"product_cat":[88,31,211],"product_tag":[],"class_list":{"0":"post-7393","1":"product","2":"type-product","3":"status-publish","4":"has-post-thumbnail","6":"product_cat-centella","7":"product_cat-face-serums","8":"product_cat-vt-cosmetics","10":"first","11":"instock","12":"shipping-taxable","13":"purchasable","14":"product-type-simple"},"aioseo_notices":[],"jetpack_sharing_enabled":true,"_links":{"self":[{"href":"https:\/\/k-beautyci.com\/fr\/wp-json\/wp\/v2\/product\/7393","targetHints":{"allow":["GET"]}}],"collection":[{"href":"https:\/\/k-beautyci.com\/fr\/wp-json\/wp\/v2\/product"}],"about":[{"href":"https:\/\/k-beautyci.com\/fr\/wp-json\/wp\/v2\/types\/product"}],"replies":[{"embeddable":true,"href":"https:\/\/k-beautyci.com\/fr\/wp-json\/wp\/v2\/comments?post=7393"}],"wp:featuredmedia":[{"embeddable":true,"href":"https:\/\/k-beautyci.com\/fr\/wp-json\/wp\/v2\/media\/7396"}],"wp:attachment":[{"href":"https:\/\/k-beautyci.com\/fr\/wp-json\/wp\/v2\/media?parent=7393"}],"wp:term":[{"taxonomy":"product_brand","embeddable":true,"href":"https:\/\/k-beautyci.com\/fr\/wp-json\/wp\/v2\/product_brand?post=7393"},{"taxonomy":"product_cat","embeddable":true,"href":"https:\/\/k-beautyci.com\/fr\/wp-json\/wp\/v2\/product_cat?post=7393"},{"taxonomy":"product_tag","embeddable":true,"href":"https:\/\/k-beautyci.com\/fr\/wp-json\/wp\/v2\/product_tag?post=7393"}],"curies":[{"name":"wp","href":"https:\/\/api.w.org\/{rel}","templated":true}]}}