{"id":7388,"date":"2025-03-27T15:16:13","date_gmt":"2025-03-27T15:16:13","guid":{"rendered":"https:\/\/k-beautyci.com\/?post_type=product&#038;p=7388"},"modified":"2025-03-31T23:41:10","modified_gmt":"2025-03-31T23:41:10","slug":"vt-pdrn-essence-100","status":"publish","type":"product","link":"https:\/\/k-beautyci.com\/fr\/produit\/vt-pdrn-essence-100\/","title":{"rendered":"VT &#8211; PDRN Essence 100"},"content":{"rendered":"<p><b>Comment l'utiliser :<\/b><\/p>\n<p>Appliquer une quantit\u00e9 mod\u00e9r\u00e9e sur le visage et laisser absorber.<\/p>\n<p>Avertissement : Pour usage externe uniquement. Toujours effectuer un test \u00e9picutan\u00e9. Cessez d'utiliser le produit si vous ressentez une quelconque g\u00eane. Suivre les instructions suppl\u00e9mentaires figurant sur l'emballage. Les r\u00e9sultats individuels peuvent varier.<\/p>","protected":false},"excerpt":{"rendered":"<p>Obtenez un \u00e9clat radieux gr\u00e2ce \u00e0 cette puissante essence raffermissante contenant 100 000 ppm de PDRN \u00e0 faible poids mol\u00e9culaire d\u00e9riv\u00e9 du ginseng. Cette essence v\u00e9g\u00e9talienne est \u00e9galement enrichie de cinq types de c\u00e9ramides, d'acide polyglucuronique, de panth\u00e9nol, de squalane et d'allanto\u00efne pour un apaisement et une hydratation en profondeur.<\/p>","protected":false},"featured_media":7391,"comment_status":"open","ping_status":"closed","template":"","meta":{"om_disable_all_campaigns":false},"product_brand":[],"product_cat":[31,211],"product_tag":[],"class_list":{"0":"post-7388","1":"product","2":"type-product","3":"status-publish","4":"has-post-thumbnail","6":"product_cat-face-serums","7":"product_cat-vt-cosmetics","9":"first","10":"outofstock","11":"shipping-taxable","12":"purchasable","13":"product-type-simple"},"aioseo_notices":[],"jetpack_sharing_enabled":true,"_links":{"self":[{"href":"https:\/\/k-beautyci.com\/fr\/wp-json\/wp\/v2\/product\/7388","targetHints":{"allow":["GET"]}}],"collection":[{"href":"https:\/\/k-beautyci.com\/fr\/wp-json\/wp\/v2\/product"}],"about":[{"href":"https:\/\/k-beautyci.com\/fr\/wp-json\/wp\/v2\/types\/product"}],"replies":[{"embeddable":true,"href":"https:\/\/k-beautyci.com\/fr\/wp-json\/wp\/v2\/comments?post=7388"}],"wp:featuredmedia":[{"embeddable":true,"href":"https:\/\/k-beautyci.com\/fr\/wp-json\/wp\/v2\/media\/7391"}],"wp:attachment":[{"href":"https:\/\/k-beautyci.com\/fr\/wp-json\/wp\/v2\/media?parent=7388"}],"wp:term":[{"taxonomy":"product_brand","embeddable":true,"href":"https:\/\/k-beautyci.com\/fr\/wp-json\/wp\/v2\/product_brand?post=7388"},{"taxonomy":"product_cat","embeddable":true,"href":"https:\/\/k-beautyci.com\/fr\/wp-json\/wp\/v2\/product_cat?post=7388"},{"taxonomy":"product_tag","embeddable":true,"href":"https:\/\/k-beautyci.com\/fr\/wp-json\/wp\/v2\/product_tag?post=7388"}],"curies":[{"name":"wp","href":"https:\/\/api.w.org\/{rel}","templated":true}]}}