{"id":7378,"date":"2025-03-27T15:19:29","date_gmt":"2025-03-27T15:19:29","guid":{"rendered":"https:\/\/k-beautyci.com\/?post_type=product&#038;p=7378"},"modified":"2025-12-26T17:15:02","modified_gmt":"2025-12-26T17:15:02","slug":"haruharu-wonder-black-rice-night-knight-retinol-serum","status":"publish","type":"product","link":"https:\/\/k-beautyci.com\/fr\/produit\/haruharu-wonder-black-rice-night-knight-retinol-serum\/","title":{"rendered":"haruharu wonder &#8211; Black Rice Night Knight Retinol Serum"},"content":{"rendered":"<p><b>Comment l'utiliser :<\/b><br \/>\n1. Le soir, appliquer une petite quantit\u00e9 sur la peau nettoy\u00e9e et tonifi\u00e9e, en \u00e9vitant les yeux et la bouche.<\/p>\n<p>2. Appliquez un SPF pendant la journ\u00e9e lorsque vous utilisez ce s\u00e9rum.<\/p>\n<p>3. La fr\u00e9quence d'utilisation peut \u00eatre progressivement augment\u00e9e de 1 \u00e0 2 fois par semaine \u00e0 tous les jours.<\/p>\n<p>Avertissement : Pour usage externe uniquement. Toujours effectuer un test \u00e9picutan\u00e9. Cessez d'utiliser le produit si vous ressentez une quelconque g\u00eane. Suivre les instructions suppl\u00e9mentaires figurant sur l'emballage. Les r\u00e9sultats individuels peuvent varier.<\/p>","protected":false},"excerpt":{"rendered":"<p>Ce s\u00e9rum anti-\u00e2ge contenant des micro-capsules de bakuchiol et de r\u00e9tinol redonne au teint un aspect rebondi et jeune. Il est enrichi en c\u00e9ramide NP et en extrait de riz pour offrir des propri\u00e9t\u00e9s hydratantes et renforcer la barri\u00e8re cutan\u00e9e. La formule v\u00e9g\u00e9talienne convient \u00e0 tous les types de peau, y compris les peaux sensibles.<\/p>","protected":false},"featured_media":7383,"comment_status":"open","ping_status":"closed","template":"","meta":{"om_disable_all_campaigns":false},"product_brand":[],"product_cat":[57,31,152,68,15],"product_tag":[],"class_list":{"0":"post-7378","1":"product","2":"type-product","3":"status-publish","4":"has-post-thumbnail","6":"product_cat-anti-aging","7":"product_cat-face-serums","8":"product_cat-haruharu-wonder","9":"product_cat-retinol","10":"product_cat-uncategorized","12":"first","13":"outofstock","14":"shipping-taxable","15":"purchasable","16":"product-type-simple"},"aioseo_notices":[],"jetpack_sharing_enabled":true,"_links":{"self":[{"href":"https:\/\/k-beautyci.com\/fr\/wp-json\/wp\/v2\/product\/7378","targetHints":{"allow":["GET"]}}],"collection":[{"href":"https:\/\/k-beautyci.com\/fr\/wp-json\/wp\/v2\/product"}],"about":[{"href":"https:\/\/k-beautyci.com\/fr\/wp-json\/wp\/v2\/types\/product"}],"replies":[{"embeddable":true,"href":"https:\/\/k-beautyci.com\/fr\/wp-json\/wp\/v2\/comments?post=7378"}],"wp:featuredmedia":[{"embeddable":true,"href":"https:\/\/k-beautyci.com\/fr\/wp-json\/wp\/v2\/media\/7383"}],"wp:attachment":[{"href":"https:\/\/k-beautyci.com\/fr\/wp-json\/wp\/v2\/media?parent=7378"}],"wp:term":[{"taxonomy":"product_brand","embeddable":true,"href":"https:\/\/k-beautyci.com\/fr\/wp-json\/wp\/v2\/product_brand?post=7378"},{"taxonomy":"product_cat","embeddable":true,"href":"https:\/\/k-beautyci.com\/fr\/wp-json\/wp\/v2\/product_cat?post=7378"},{"taxonomy":"product_tag","embeddable":true,"href":"https:\/\/k-beautyci.com\/fr\/wp-json\/wp\/v2\/product_tag?post=7378"}],"curies":[{"name":"wp","href":"https:\/\/api.w.org\/{rel}","templated":true}]}}