{"id":7372,"date":"2025-03-27T15:21:50","date_gmt":"2025-03-27T15:21:50","guid":{"rendered":"https:\/\/k-beautyci.com\/?post_type=product&#038;p=7372"},"modified":"2026-03-08T16:29:06","modified_gmt":"2026-03-08T16:29:06","slug":"anua-ultra-thin-spot-cover-patch-75ea","status":"publish","type":"product","link":"https:\/\/k-beautyci.com\/fr\/produit\/anua-ultra-thin-spot-cover-patch-75ea\/","title":{"rendered":"Anua &#8211; Ultra-Thin Spot Cover Patch 75EA"},"content":{"rendered":"<p><b>Comment l'utiliser :<\/b><br \/>\n1. D\u00e9coller le patch et l'appliquer au centre de la tache sur une peau s\u00e8che.<\/p>\n<p>2. Remplacer le patch lorsqu'il devient blanc en raison de l'encrassement de la tache.<\/p>\n<p>Avertissement : Pour usage externe uniquement. Toujours effectuer un test \u00e9picutan\u00e9. Cessez d'utiliser le produit si vous ressentez une quelconque g\u00eane. Suivre les instructions suppl\u00e9mentaires figurant sur l'emballage. Les r\u00e9sultats individuels peuvent varier.<\/p>","protected":false},"excerpt":{"rendered":"<p>Cachez et gu\u00e9rissez les imperfections gr\u00e2ce \u00e0 ce patch anti-acn\u00e9 sans couture ! Une fois appliqu\u00e9, le patch prot\u00e8ge les plaies des bact\u00e9ries tout en absorbant l'exc\u00e8s de s\u00e9bum et de liquide. Il contient \u00e9galement du c\u00e9ramide NP et de l'extrait de centella pour renforcer la barri\u00e8re cutan\u00e9e et calmer les irritations. Contient 75 patchs.<\/p>","protected":false},"featured_media":7377,"comment_status":"open","ping_status":"closed","template":"","meta":{"om_disable_all_campaigns":false},"product_brand":[],"product_cat":[60,183,88,148,33],"product_tag":[],"class_list":{"0":"post-7372","1":"product","2":"type-product","3":"status-publish","4":"has-post-thumbnail","6":"product_cat-acne","7":"product_cat-anua","8":"product_cat-centella","9":"product_cat-ceramide","10":"product_cat-face-treatments","12":"first","13":"instock","14":"shipping-taxable","15":"purchasable","16":"product-type-simple"},"aioseo_notices":[],"jetpack_sharing_enabled":true,"_links":{"self":[{"href":"https:\/\/k-beautyci.com\/fr\/wp-json\/wp\/v2\/product\/7372","targetHints":{"allow":["GET"]}}],"collection":[{"href":"https:\/\/k-beautyci.com\/fr\/wp-json\/wp\/v2\/product"}],"about":[{"href":"https:\/\/k-beautyci.com\/fr\/wp-json\/wp\/v2\/types\/product"}],"replies":[{"embeddable":true,"href":"https:\/\/k-beautyci.com\/fr\/wp-json\/wp\/v2\/comments?post=7372"}],"wp:featuredmedia":[{"embeddable":true,"href":"https:\/\/k-beautyci.com\/fr\/wp-json\/wp\/v2\/media\/7377"}],"wp:attachment":[{"href":"https:\/\/k-beautyci.com\/fr\/wp-json\/wp\/v2\/media?parent=7372"}],"wp:term":[{"taxonomy":"product_brand","embeddable":true,"href":"https:\/\/k-beautyci.com\/fr\/wp-json\/wp\/v2\/product_brand?post=7372"},{"taxonomy":"product_cat","embeddable":true,"href":"https:\/\/k-beautyci.com\/fr\/wp-json\/wp\/v2\/product_cat?post=7372"},{"taxonomy":"product_tag","embeddable":true,"href":"https:\/\/k-beautyci.com\/fr\/wp-json\/wp\/v2\/product_tag?post=7372"}],"curies":[{"name":"wp","href":"https:\/\/api.w.org\/{rel}","templated":true}]}}