{"id":7356,"date":"2025-03-27T15:23:42","date_gmt":"2025-03-27T15:23:42","guid":{"rendered":"https:\/\/k-beautyci.com\/?post_type=product&#038;p=7356"},"modified":"2025-07-06T11:12:24","modified_gmt":"2025-07-06T11:12:24","slug":"abib-pdrn-collagen-lip-mask-glazed-jelly","status":"publish","type":"product","link":"https:\/\/k-beautyci.com\/fr\/produit\/abib-pdrn-collagen-lip-mask-glazed-jelly\/","title":{"rendered":"Abib &#8211; PDRN Collagen Lip Mask Glazed Jelly"},"content":{"rendered":"<h3>Comment l'utiliser<\/h3>\n<ul class=\"jolse_product_list\">\n<li>Utiliser la spatule pour pr\u00e9lever des boules et les appliquer sur les l\u00e8vres. R\u00e9partissez uniform\u00e9ment le masque sur vos l\u00e8vres.<\/li>\n<\/ul>\n<p>Avertissement : Pour usage externe uniquement. Toujours effectuer un test \u00e9picutan\u00e9. Cessez d'utiliser le produit si vous ressentez une quelconque g\u00eane. Suivre les instructions suppl\u00e9mentaires figurant sur l'emballage. Les r\u00e9sultats individuels peuvent varier.<\/p>\n<p>&nbsp;<\/p>","protected":false},"excerpt":{"rendered":"<p>Infus\u00e9 de PDRN d'origine v\u00e9g\u00e9tale, d'extrait de riz et d'acide hyaluronique, ce masque nourrissant pour les l\u00e8vres retient l'humidit\u00e9 et r\u00e9pare la barri\u00e8re cutan\u00e9e endommag\u00e9e pour des l\u00e8vres douces et souples. La texture g\u00e9lifi\u00e9e laisse un fini pulpeux et ros\u00e9 sans sensation de collant.<\/p>","protected":false},"featured_media":7367,"comment_status":"open","ping_status":"closed","template":"","meta":{"om_disable_all_campaigns":false},"product_brand":[],"product_cat":[158,65],"product_tag":[],"class_list":{"0":"post-7356","1":"product","2":"type-product","3":"status-publish","4":"has-post-thumbnail","6":"product_cat-abib","7":"product_cat-lip-care","9":"first","10":"outofstock","11":"shipping-taxable","12":"purchasable","13":"product-type-simple"},"aioseo_notices":[],"jetpack_sharing_enabled":true,"_links":{"self":[{"href":"https:\/\/k-beautyci.com\/fr\/wp-json\/wp\/v2\/product\/7356","targetHints":{"allow":["GET"]}}],"collection":[{"href":"https:\/\/k-beautyci.com\/fr\/wp-json\/wp\/v2\/product"}],"about":[{"href":"https:\/\/k-beautyci.com\/fr\/wp-json\/wp\/v2\/types\/product"}],"replies":[{"embeddable":true,"href":"https:\/\/k-beautyci.com\/fr\/wp-json\/wp\/v2\/comments?post=7356"}],"wp:featuredmedia":[{"embeddable":true,"href":"https:\/\/k-beautyci.com\/fr\/wp-json\/wp\/v2\/media\/7367"}],"wp:attachment":[{"href":"https:\/\/k-beautyci.com\/fr\/wp-json\/wp\/v2\/media?parent=7356"}],"wp:term":[{"taxonomy":"product_brand","embeddable":true,"href":"https:\/\/k-beautyci.com\/fr\/wp-json\/wp\/v2\/product_brand?post=7356"},{"taxonomy":"product_cat","embeddable":true,"href":"https:\/\/k-beautyci.com\/fr\/wp-json\/wp\/v2\/product_cat?post=7356"},{"taxonomy":"product_tag","embeddable":true,"href":"https:\/\/k-beautyci.com\/fr\/wp-json\/wp\/v2\/product_tag?post=7356"}],"curies":[{"name":"wp","href":"https:\/\/api.w.org\/{rel}","templated":true}]}}