{"id":7347,"date":"2025-03-27T15:33:02","date_gmt":"2025-03-27T15:33:02","guid":{"rendered":"https:\/\/k-beautyci.com\/?post_type=product&#038;p=7347"},"modified":"2025-11-27T15:42:12","modified_gmt":"2025-11-27T15:42:12","slug":"medicube-pdrn-pink-collagen-exosome-shot-serum-7500","status":"publish","type":"product","link":"https:\/\/k-beautyci.com\/fr\/produit\/medicube-pdrn-pink-collagen-exosome-shot-serum-7500\/","title":{"rendered":"medicube &#8211; PDRN Pink Collagen Exosome Shot Serum 7500"},"content":{"rendered":"<p><b>Comment l'utiliser :<\/b><\/p>\n<p>Appliquer une quantit\u00e9 appropri\u00e9e de s\u00e9rum sur le visage et presser avec la main pour un meilleur effet, une fois tous les trois jours.<\/p>\n<p>Avertissement : Pour usage externe uniquement. Toujours effectuer un test \u00e9picutan\u00e9. Cessez d'utiliser le produit si vous ressentez une quelconque g\u00eane. Suivre les instructions suppl\u00e9mentaires figurant sur l'emballage. Les r\u00e9sultats individuels peuvent varier.<\/p>","protected":false},"excerpt":{"rendered":"<p>Ce s\u00e9rum anti-\u00e2ge contient 7500 ppm d'exosomes, du PDRN de saumon et du collag\u00e8ne pour promouvoir la r\u00e9g\u00e9n\u00e9ration des cellules de la peau, am\u00e9liorer l'\u00e9lasticit\u00e9 de la peau et resserrer les pores dilat\u00e9s. Les huit types d'acide hyaluronique et le niacinamide contenus dans la formule ont des effets hydratants et \u00e9claircissants. Incorporer \u00e0 votre routine de soins du soir deux fois par semaine.<\/p>","protected":false},"featured_media":7350,"comment_status":"open","ping_status":"closed","template":"","meta":{"om_disable_all_campaigns":false},"product_brand":[],"product_cat":[57,31,215],"product_tag":[],"class_list":{"0":"post-7347","1":"product","2":"type-product","3":"status-publish","4":"has-post-thumbnail","6":"product_cat-anti-aging","7":"product_cat-face-serums","8":"product_cat-medicube","10":"first","11":"instock","12":"shipping-taxable","13":"purchasable","14":"product-type-simple"},"aioseo_notices":[],"jetpack_sharing_enabled":true,"_links":{"self":[{"href":"https:\/\/k-beautyci.com\/fr\/wp-json\/wp\/v2\/product\/7347","targetHints":{"allow":["GET"]}}],"collection":[{"href":"https:\/\/k-beautyci.com\/fr\/wp-json\/wp\/v2\/product"}],"about":[{"href":"https:\/\/k-beautyci.com\/fr\/wp-json\/wp\/v2\/types\/product"}],"replies":[{"embeddable":true,"href":"https:\/\/k-beautyci.com\/fr\/wp-json\/wp\/v2\/comments?post=7347"}],"wp:featuredmedia":[{"embeddable":true,"href":"https:\/\/k-beautyci.com\/fr\/wp-json\/wp\/v2\/media\/7350"}],"wp:attachment":[{"href":"https:\/\/k-beautyci.com\/fr\/wp-json\/wp\/v2\/media?parent=7347"}],"wp:term":[{"taxonomy":"product_brand","embeddable":true,"href":"https:\/\/k-beautyci.com\/fr\/wp-json\/wp\/v2\/product_brand?post=7347"},{"taxonomy":"product_cat","embeddable":true,"href":"https:\/\/k-beautyci.com\/fr\/wp-json\/wp\/v2\/product_cat?post=7347"},{"taxonomy":"product_tag","embeddable":true,"href":"https:\/\/k-beautyci.com\/fr\/wp-json\/wp\/v2\/product_tag?post=7347"}],"curies":[{"name":"wp","href":"https:\/\/api.w.org\/{rel}","templated":true}]}}