{"id":7341,"date":"2025-03-27T15:35:08","date_gmt":"2025-03-27T15:35:08","guid":{"rendered":"https:\/\/k-beautyci.com\/?post_type=product&#038;p=7341"},"modified":"2025-12-07T22:13:24","modified_gmt":"2025-12-07T22:13:24","slug":"medicube-one-day-exosome-shot-7500","status":"publish","type":"product","link":"https:\/\/k-beautyci.com\/fr\/produit\/medicube-one-day-exosome-shot-7500\/","title":{"rendered":"medicube One Day Exosome Shot 7500"},"content":{"rendered":"<p>Comment l'utiliser :<\/p>\n<p><strong>Beginner:<\/strong>\u00a0D\u00e9butant :\u00a0Apr\u00e8s le nettoyage, pr\u00e9parez votre peau avec les tampons Zero Pore Pads de medicube ou un tonique hydratant. Appliquez l'Exosome Shot sur les zones \u00e0 probl\u00e8mes comme les irr\u00e9gularit\u00e9s du teint ou les pores dilat\u00e9s. Massez doucement et appuyez pour faciliter l'absorption.<\/p>\n<p><strong>Standard :<\/strong>\u00a0Apr\u00e8s avoir nettoy\u00e9 le visage, appliquez l'Exosome Shot sur l'ensemble du visage, en \u00e9vitant les yeux et les l\u00e8vres. Masser d\u00e9licatement et appuyer pour faciliter l'absorption. Pour des r\u00e9sultats optimaux, utilisez l'Exosome Shot comme premi\u00e8re \u00e9tape de votre routine de soins de la peau.\u00a0<strong>Pro Tip:<\/strong>\u00a0Apply it after using the AGE-R Booster Pro in &#8220;Air Shot Mode&#8221; for enhanced benefits.<\/p>\n<p>Avertissement : Pour usage externe uniquement. Toujours effectuer un test \u00e9picutan\u00e9. Cessez d'utiliser le produit si vous ressentez une quelconque g\u00eane. Suivre les instructions suppl\u00e9mentaires figurant sur l'emballage. Les r\u00e9sultats individuels peuvent varier.<\/p>","protected":false},"excerpt":{"rendered":"<p>Optimisez votre routine avec le puissant Exosome Shot 7500 - pensez au microneedling liquide pour un soin des pores de niveau sup\u00e9rieur et un raffinement avanc\u00e9 de la peau. Medicube One Day Exosome Shot Pore Ampoule 7500 est un s\u00e9rum haute performance sp\u00e9cialement con\u00e7u pour un soin efficace et doux des pores. Enrichi de 7500 ppm d'exosomes, de panth\u00e9nol et d'ad\u00e9nosine, ce s\u00e9rum est une solution puissante pour nettoyer les pores en profondeur, am\u00e9liorer l'\u00e9lasticit\u00e9 de la peau et maximiser les niveaux d'hydratation.<\/p>\n<p>&nbsp;<\/p>","protected":false},"featured_media":7346,"comment_status":"open","ping_status":"closed","template":"","meta":{"om_disable_all_campaigns":false},"product_brand":[],"product_cat":[215],"product_tag":[],"class_list":{"0":"post-7341","1":"product","2":"type-product","3":"status-publish","4":"has-post-thumbnail","6":"product_cat-medicube","8":"first","9":"instock","10":"shipping-taxable","11":"purchasable","12":"product-type-simple"},"aioseo_notices":[],"jetpack_sharing_enabled":true,"_links":{"self":[{"href":"https:\/\/k-beautyci.com\/fr\/wp-json\/wp\/v2\/product\/7341","targetHints":{"allow":["GET"]}}],"collection":[{"href":"https:\/\/k-beautyci.com\/fr\/wp-json\/wp\/v2\/product"}],"about":[{"href":"https:\/\/k-beautyci.com\/fr\/wp-json\/wp\/v2\/types\/product"}],"replies":[{"embeddable":true,"href":"https:\/\/k-beautyci.com\/fr\/wp-json\/wp\/v2\/comments?post=7341"}],"wp:featuredmedia":[{"embeddable":true,"href":"https:\/\/k-beautyci.com\/fr\/wp-json\/wp\/v2\/media\/7346"}],"wp:attachment":[{"href":"https:\/\/k-beautyci.com\/fr\/wp-json\/wp\/v2\/media?parent=7341"}],"wp:term":[{"taxonomy":"product_brand","embeddable":true,"href":"https:\/\/k-beautyci.com\/fr\/wp-json\/wp\/v2\/product_brand?post=7341"},{"taxonomy":"product_cat","embeddable":true,"href":"https:\/\/k-beautyci.com\/fr\/wp-json\/wp\/v2\/product_cat?post=7341"},{"taxonomy":"product_tag","embeddable":true,"href":"https:\/\/k-beautyci.com\/fr\/wp-json\/wp\/v2\/product_tag?post=7341"}],"curies":[{"name":"wp","href":"https:\/\/api.w.org\/{rel}","templated":true}]}}