{"id":7324,"date":"2025-03-27T15:57:23","date_gmt":"2025-03-27T15:57:23","guid":{"rendered":"https:\/\/k-beautyci.com\/?post_type=product&#038;p=7324"},"modified":"2026-03-08T19:30:16","modified_gmt":"2026-03-08T19:30:16","slug":"eqqualberry-vitamin-illuminating-serum","status":"publish","type":"product","link":"https:\/\/k-beautyci.com\/fr\/produit\/eqqualberry-vitamin-illuminating-serum\/","title":{"rendered":"EQQUALBERRY &#8211; Vitamin Illuminating Serum"},"content":{"rendered":"<p><b>Comment l'utiliser :<\/b><\/p>\n<p>Apr\u00e8s avoir utilis\u00e9 le tonique, appliquer une quantit\u00e9 ad\u00e9quate sur la peau et tapoter pour faciliter l'absorption.<\/p>\n<p>Avertissement : Pour usage externe uniquement. Toujours effectuer un test \u00e9picutan\u00e9. Cessez d'utiliser le produit si vous ressentez une quelconque g\u00eane. Suivre les instructions suppl\u00e9mentaires figurant sur l'emballage. Les r\u00e9sultats individuels peuvent varier.<\/p>","protected":false},"excerpt":{"rendered":"<p>Infus\u00e9 avec 40 % d'ac\u00e9rola (un ingr\u00e9dient riche en vitamine C), ce s\u00e9rum estompe l'hyperpigmentation et les taches sombres pour favoriser une peau au teint uniforme. Il contient du hyaluronate de sodium, du squalane et du c\u00e9ramide NP pour maintenir la peau hydrat\u00e9e et rebondie.<\/p>","protected":false},"featured_media":7330,"comment_status":"open","ping_status":"closed","template":"","meta":{"om_disable_all_campaigns":false},"product_brand":[],"product_cat":[52,42,233,31,66,41,36],"product_tag":[],"class_list":{"0":"post-7324","1":"product","2":"type-product","3":"status-publish","4":"has-post-thumbnail","6":"product_cat-dark-spots","7":"product_cat-dry-skin","8":"product_cat-eqqualberry","9":"product_cat-face-serums","10":"product_cat-normal-combination-skin","11":"product_cat-oily-skin","12":"product_cat-sensitive-skin","14":"first","15":"outofstock","16":"sale","17":"shipping-taxable","18":"purchasable","19":"product-type-simple"},"aioseo_notices":[],"jetpack_sharing_enabled":true,"_links":{"self":[{"href":"https:\/\/k-beautyci.com\/fr\/wp-json\/wp\/v2\/product\/7324","targetHints":{"allow":["GET"]}}],"collection":[{"href":"https:\/\/k-beautyci.com\/fr\/wp-json\/wp\/v2\/product"}],"about":[{"href":"https:\/\/k-beautyci.com\/fr\/wp-json\/wp\/v2\/types\/product"}],"replies":[{"embeddable":true,"href":"https:\/\/k-beautyci.com\/fr\/wp-json\/wp\/v2\/comments?post=7324"}],"wp:featuredmedia":[{"embeddable":true,"href":"https:\/\/k-beautyci.com\/fr\/wp-json\/wp\/v2\/media\/7330"}],"wp:attachment":[{"href":"https:\/\/k-beautyci.com\/fr\/wp-json\/wp\/v2\/media?parent=7324"}],"wp:term":[{"taxonomy":"product_brand","embeddable":true,"href":"https:\/\/k-beautyci.com\/fr\/wp-json\/wp\/v2\/product_brand?post=7324"},{"taxonomy":"product_cat","embeddable":true,"href":"https:\/\/k-beautyci.com\/fr\/wp-json\/wp\/v2\/product_cat?post=7324"},{"taxonomy":"product_tag","embeddable":true,"href":"https:\/\/k-beautyci.com\/fr\/wp-json\/wp\/v2\/product_tag?post=7324"}],"curies":[{"name":"wp","href":"https:\/\/api.w.org\/{rel}","templated":true}]}}