{"id":7316,"date":"2025-03-27T16:01:50","date_gmt":"2025-03-27T16:01:50","guid":{"rendered":"https:\/\/k-beautyci.com\/?post_type=product&#038;p=7316"},"modified":"2026-04-01T13:57:46","modified_gmt":"2026-04-01T13:57:46","slug":"eqqualberry-bakuchiol-plumping-serum","status":"publish","type":"product","link":"https:\/\/k-beautyci.com\/fr\/produit\/eqqualberry-bakuchiol-plumping-serum\/","title":{"rendered":"EQQUALBERRY &#8211; Bakuchiol Plumping Serum"},"content":{"rendered":"<p><b>Comment l'utiliser :<\/b><br \/>\n1. Apr\u00e8s avoir utilis\u00e9 le tonique, appliquez une quantit\u00e9 ad\u00e9quate sur la peau et tapotez pour faciliter l'absorption.<\/p>\n<p>2. Peut \u00eatre utilis\u00e9 de jour comme de nuit.<\/p>\n<p>Avertissement : Pour usage externe uniquement. Toujours effectuer un test \u00e9picutan\u00e9. Cessez d'utiliser le produit si vous ressentez une quelconque g\u00eane. Suivre les instructions suppl\u00e9mentaires figurant sur l'emballage. Les r\u00e9sultats individuels peuvent varier.<\/p>","protected":false},"excerpt":{"rendered":"<p>Ce s\u00e9rum contient du bakuchiol (une alternative naturelle au r\u00e9tinol) et de l'allanto\u00efne pour favoriser la production de collag\u00e8ne et att\u00e9nuer les signes du vieillissement. Il est enrichi de cinq types de c\u00e9ramides et de divers peptides pour renforcer la barri\u00e8re cutan\u00e9e, fixer l'hydratation et prot\u00e9ger la peau contre les agressions ext\u00e9rieures. Le s\u00e9rum contient \u00e9galement du niacinamide et de la glyc\u00e9rine pour \u00e9quilibrer les niveaux de s\u00e9bum et d'hydratation tout en r\u00e9duisant les pores dilat\u00e9s.<\/p>","protected":false},"featured_media":7317,"comment_status":"open","ping_status":"closed","template":"","meta":{"om_disable_all_campaigns":false},"product_brand":[],"product_cat":[57,235,67,233],"product_tag":[],"class_list":{"0":"post-7316","1":"product","2":"type-product","3":"status-publish","4":"has-post-thumbnail","6":"product_cat-anti-aging","7":"product_cat-bakuchiol-by-ingredient","8":"product_cat-by-ingredient","9":"product_cat-eqqualberry","11":"first","12":"instock","13":"shipping-taxable","14":"purchasable","15":"product-type-simple"},"aioseo_notices":[],"jetpack_sharing_enabled":true,"_links":{"self":[{"href":"https:\/\/k-beautyci.com\/fr\/wp-json\/wp\/v2\/product\/7316","targetHints":{"allow":["GET"]}}],"collection":[{"href":"https:\/\/k-beautyci.com\/fr\/wp-json\/wp\/v2\/product"}],"about":[{"href":"https:\/\/k-beautyci.com\/fr\/wp-json\/wp\/v2\/types\/product"}],"replies":[{"embeddable":true,"href":"https:\/\/k-beautyci.com\/fr\/wp-json\/wp\/v2\/comments?post=7316"}],"wp:featuredmedia":[{"embeddable":true,"href":"https:\/\/k-beautyci.com\/fr\/wp-json\/wp\/v2\/media\/7317"}],"wp:attachment":[{"href":"https:\/\/k-beautyci.com\/fr\/wp-json\/wp\/v2\/media?parent=7316"}],"wp:term":[{"taxonomy":"product_brand","embeddable":true,"href":"https:\/\/k-beautyci.com\/fr\/wp-json\/wp\/v2\/product_brand?post=7316"},{"taxonomy":"product_cat","embeddable":true,"href":"https:\/\/k-beautyci.com\/fr\/wp-json\/wp\/v2\/product_cat?post=7316"},{"taxonomy":"product_tag","embeddable":true,"href":"https:\/\/k-beautyci.com\/fr\/wp-json\/wp\/v2\/product_tag?post=7316"}],"curies":[{"name":"wp","href":"https:\/\/api.w.org\/{rel}","templated":true}]}}