{"id":7307,"date":"2025-04-01T01:18:09","date_gmt":"2025-04-01T01:18:09","guid":{"rendered":"https:\/\/k-beautyci.com\/?post_type=product&#038;p=7307"},"modified":"2026-03-09T13:55:17","modified_gmt":"2026-03-09T13:55:17","slug":"eqqualberry-swimming-pool-daily-facial-toner-155ml","status":"publish","type":"product","link":"https:\/\/k-beautyci.com\/fr\/produit\/eqqualberry-swimming-pool-daily-facial-toner-155ml\/","title":{"rendered":"EQQUALBERRY &#8211; Swimming Pool Daily Facial Toner 155ml"},"content":{"rendered":"<p><b>Comment l'utiliser :<\/b><br \/>\n1. Lorsqu'il est utilis\u00e9 avec un coton, imbiber un coton et l'essuyer d\u00e9licatement sur l'ensemble du visage et du cou. R\u00e9p\u00e9ter 2 \u00e0 3 fois pour \u00e9liminer les impuret\u00e9s et les cellules mortes.<\/p>\n<p>2. Lorsqu'il est utilis\u00e9 avec les mains, appliquer une quantit\u00e9 mod\u00e9r\u00e9e de tonique sur l'ensemble du visage et du cou. Tapoter doucement pour une meilleure absorption.<\/p>\n<p>3. Pour une hydratation suppl\u00e9mentaire, appliquez un tampon imbib\u00e9 de tonique sur votre peau et laissez-le en place pendant 10 minutes.<\/p>\n<p>&nbsp;<\/p>\n<p>Avertissement : Pour usage externe uniquement. Toujours effectuer un test \u00e9picutan\u00e9. Cessez d'utiliser le produit si vous ressentez une quelconque g\u00eane. Suivre les instructions suppl\u00e9mentaires figurant sur l'emballage. Les r\u00e9sultats individuels peuvent varier.<\/p>","protected":false},"excerpt":{"rendered":"<p>Ce tonique hypoallerg\u00e9nique exfolie en douceur les cellules mortes de la peau et d\u00e9sobstrue les pores tout en procurant un effet apaisant. Il contient un complexe de 5 baies qui lui conf\u00e8re des propri\u00e9t\u00e9s antioxydantes et nourrissantes. Un tonique d\u00e9licieux qui fait des merveilles en \u00e9liminant en douceur les r\u00e9sidus et les cellules mortes de la peau gr\u00e2ce \u00e0 l'enzyme prot\u00e9ase d'origine naturelle, laissant votre peau propre et douce. Enrichi en KERASOLAZE(H) unique, il offre une hydratation profonde tout en fournissant une exfoliation douce, ce qui le rend parfait pour un usage quotidien. Chaque application aide \u00e0 revitaliser votre peau<\/p>","protected":false},"featured_media":7315,"comment_status":"open","ping_status":"closed","template":"","meta":{"om_disable_all_campaigns":false},"product_brand":[],"product_cat":[42,233,39,66,41,36],"product_tag":[],"class_list":{"0":"post-7307","1":"product","2":"type-product","3":"status-publish","4":"has-post-thumbnail","6":"product_cat-dry-skin","7":"product_cat-eqqualberry","8":"product_cat-face-toners","9":"product_cat-normal-combination-skin","10":"product_cat-oily-skin","11":"product_cat-sensitive-skin","13":"first","14":"instock","15":"shipping-taxable","16":"purchasable","17":"product-type-simple"},"aioseo_notices":[],"jetpack_sharing_enabled":true,"_links":{"self":[{"href":"https:\/\/k-beautyci.com\/fr\/wp-json\/wp\/v2\/product\/7307","targetHints":{"allow":["GET"]}}],"collection":[{"href":"https:\/\/k-beautyci.com\/fr\/wp-json\/wp\/v2\/product"}],"about":[{"href":"https:\/\/k-beautyci.com\/fr\/wp-json\/wp\/v2\/types\/product"}],"replies":[{"embeddable":true,"href":"https:\/\/k-beautyci.com\/fr\/wp-json\/wp\/v2\/comments?post=7307"}],"wp:featuredmedia":[{"embeddable":true,"href":"https:\/\/k-beautyci.com\/fr\/wp-json\/wp\/v2\/media\/7315"}],"wp:attachment":[{"href":"https:\/\/k-beautyci.com\/fr\/wp-json\/wp\/v2\/media?parent=7307"}],"wp:term":[{"taxonomy":"product_brand","embeddable":true,"href":"https:\/\/k-beautyci.com\/fr\/wp-json\/wp\/v2\/product_brand?post=7307"},{"taxonomy":"product_cat","embeddable":true,"href":"https:\/\/k-beautyci.com\/fr\/wp-json\/wp\/v2\/product_cat?post=7307"},{"taxonomy":"product_tag","embeddable":true,"href":"https:\/\/k-beautyci.com\/fr\/wp-json\/wp\/v2\/product_tag?post=7307"}],"curies":[{"name":"wp","href":"https:\/\/api.w.org\/{rel}","templated":true}]}}