{"id":7205,"date":"2025-03-07T06:14:57","date_gmt":"2025-03-07T06:14:57","guid":{"rendered":"https:\/\/k-beautyci.com\/?post_type=product&#038;p=7205"},"modified":"2025-11-10T14:40:59","modified_gmt":"2025-11-10T14:40:59","slug":"lion-pair-acne-cream-14g","status":"publish","type":"product","link":"https:\/\/k-beautyci.com\/fr\/produit\/lion-pair-acne-cream-14g\/","title":{"rendered":"LION &#8211; Pair Acne Cream 14g"},"content":{"rendered":"<p>Comment l'utiliser :<\/p>\n<p>Plusieurs fois par jour, laver le visage avec du savon, puis appliquer une fine couche sur la zone affect\u00e9e. Utiliser le produit uniquement sur la zone affect\u00e9e par les boutons et l'acn\u00e9 ; ne pas appliquer largement sur la zone environnante.<\/p>\n<p>Avertissement : Pour usage externe uniquement. Toujours effectuer un test \u00e9picutan\u00e9. Cessez d'utiliser le produit si vous ressentez une quelconque g\u00eane. Suivre les instructions suppl\u00e9mentaires figurant sur l'emballage. Les r\u00e9sultats individuels peuvent varier.<\/p>","protected":false},"excerpt":{"rendered":"<p>LION Pair Acne Cream W est un m\u00e9dicament topique japonais qui aide \u00e0 traiter l'acn\u00e9 qui a provoqu\u00e9 une inflammation et des rougeurs. Un traitement tr\u00e8s efficace d'agent anti-inflammatoire IPPN (Ibuprofen piconol) et d'agent antibact\u00e9rien IPMP (Isopropylmethylphenol).<\/p>","protected":false},"featured_media":7206,"comment_status":"open","ping_status":"closed","template":"","meta":{"om_disable_all_campaigns":false},"product_brand":[],"product_cat":[60],"product_tag":[],"class_list":{"0":"post-7205","1":"product","2":"type-product","3":"status-publish","4":"has-post-thumbnail","6":"product_cat-acne","8":"first","9":"outofstock","10":"shipping-taxable","11":"purchasable","12":"product-type-simple"},"aioseo_notices":[],"jetpack_sharing_enabled":true,"_links":{"self":[{"href":"https:\/\/k-beautyci.com\/fr\/wp-json\/wp\/v2\/product\/7205","targetHints":{"allow":["GET"]}}],"collection":[{"href":"https:\/\/k-beautyci.com\/fr\/wp-json\/wp\/v2\/product"}],"about":[{"href":"https:\/\/k-beautyci.com\/fr\/wp-json\/wp\/v2\/types\/product"}],"replies":[{"embeddable":true,"href":"https:\/\/k-beautyci.com\/fr\/wp-json\/wp\/v2\/comments?post=7205"}],"wp:featuredmedia":[{"embeddable":true,"href":"https:\/\/k-beautyci.com\/fr\/wp-json\/wp\/v2\/media\/7206"}],"wp:attachment":[{"href":"https:\/\/k-beautyci.com\/fr\/wp-json\/wp\/v2\/media?parent=7205"}],"wp:term":[{"taxonomy":"product_brand","embeddable":true,"href":"https:\/\/k-beautyci.com\/fr\/wp-json\/wp\/v2\/product_brand?post=7205"},{"taxonomy":"product_cat","embeddable":true,"href":"https:\/\/k-beautyci.com\/fr\/wp-json\/wp\/v2\/product_cat?post=7205"},{"taxonomy":"product_tag","embeddable":true,"href":"https:\/\/k-beautyci.com\/fr\/wp-json\/wp\/v2\/product_tag?post=7205"}],"curies":[{"name":"wp","href":"https:\/\/api.w.org\/{rel}","templated":true}]}}