{"id":7198,"date":"2025-03-07T06:06:19","date_gmt":"2025-03-07T06:06:19","guid":{"rendered":"https:\/\/k-beautyci.com\/?post_type=product&#038;p=7198"},"modified":"2026-02-27T12:55:01","modified_gmt":"2026-02-27T12:55:01","slug":"im-from-rice-toner-pad","status":"publish","type":"product","link":"https:\/\/k-beautyci.com\/fr\/produit\/im-from-rice-toner-pad\/","title":{"rendered":"I&#8217;m From Rice Toner Pad"},"content":{"rendered":"<p>Comment l'utiliser :<\/p>\n<div class=\"description-item active\">\n<div class=\"body\">\n<p>Apr\u00e8s le nettoyage, exfolier d\u00e9licatement avec le c\u00f4t\u00e9 gaufr\u00e9 et essuyer avec le c\u00f4t\u00e9 lisse pour am\u00e9liorer la clart\u00e9 de la peau. Pour un effet masque, laisser agir sur les zones souhait\u00e9es pendant 3 \u00e0 5 minutes. Tapoter d\u00e9licatement pour faire p\u00e9n\u00e9trer le produit.<\/p>\n<p>Avertissement : Pour usage externe uniquement. Toujours effectuer un test \u00e9picutan\u00e9. Cessez d'utiliser le produit si vous ressentez une quelconque g\u00eane. Suivre les instructions suppl\u00e9mentaires figurant sur l'emballage. Les r\u00e9sultats individuels peuvent varier.<\/p>\n<\/div>\n<\/div>\n<div class=\"description-item\">\n<h2 class=\"title\"><\/h2>\n<\/div>","protected":false},"excerpt":{"rendered":"<p>Ces tampons \u00e9liminent les impuret\u00e9s tout en hydratant, \u00e9claircissant et apaisant pour une peau rafra\u00eechie et \u00e9clatante. Infus\u00e9s avec 1 % de complexe de riz Yeoju pour \u00e9claircir et d\u00e9toxifier la peau, ces tampons toniques double face \u00e0 triple \u00e9paisseur permettent d'obtenir une peau douce et \u00e9clatante en seulement quelques passages. Pour une efficacit\u00e9 optimale, utilisez le c\u00f4t\u00e9 gaufr\u00e9 pour d\u00e9barrasser la peau des impuret\u00e9s, puis passez le c\u00f4t\u00e9 lisse pour hydrater la peau. Le tube contient 60 tampons.<\/p>","protected":false},"featured_media":7203,"comment_status":"open","ping_status":"closed","template":"","meta":{"om_disable_all_campaigns":false},"product_brand":[],"product_cat":[39,170],"product_tag":[],"class_list":{"0":"post-7198","1":"product","2":"type-product","3":"status-publish","4":"has-post-thumbnail","6":"product_cat-face-toners","7":"product_cat-im-from","9":"first","10":"instock","11":"sale","12":"shipping-taxable","13":"purchasable","14":"product-type-simple"},"aioseo_notices":[],"jetpack_sharing_enabled":true,"_links":{"self":[{"href":"https:\/\/k-beautyci.com\/fr\/wp-json\/wp\/v2\/product\/7198","targetHints":{"allow":["GET"]}}],"collection":[{"href":"https:\/\/k-beautyci.com\/fr\/wp-json\/wp\/v2\/product"}],"about":[{"href":"https:\/\/k-beautyci.com\/fr\/wp-json\/wp\/v2\/types\/product"}],"replies":[{"embeddable":true,"href":"https:\/\/k-beautyci.com\/fr\/wp-json\/wp\/v2\/comments?post=7198"}],"wp:featuredmedia":[{"embeddable":true,"href":"https:\/\/k-beautyci.com\/fr\/wp-json\/wp\/v2\/media\/7203"}],"wp:attachment":[{"href":"https:\/\/k-beautyci.com\/fr\/wp-json\/wp\/v2\/media?parent=7198"}],"wp:term":[{"taxonomy":"product_brand","embeddable":true,"href":"https:\/\/k-beautyci.com\/fr\/wp-json\/wp\/v2\/product_brand?post=7198"},{"taxonomy":"product_cat","embeddable":true,"href":"https:\/\/k-beautyci.com\/fr\/wp-json\/wp\/v2\/product_cat?post=7198"},{"taxonomy":"product_tag","embeddable":true,"href":"https:\/\/k-beautyci.com\/fr\/wp-json\/wp\/v2\/product_tag?post=7198"}],"curies":[{"name":"wp","href":"https:\/\/api.w.org\/{rel}","templated":true}]}}