{"id":7130,"date":"2025-02-26T11:02:05","date_gmt":"2025-02-26T11:02:05","guid":{"rendered":"https:\/\/k-beautyci.com\/?post_type=product&#038;p=7130"},"modified":"2026-02-16T23:06:01","modified_gmt":"2026-02-16T23:06:01","slug":"tocobo-double-cleanser-mini-duo","status":"publish","type":"product","link":"https:\/\/k-beautyci.com\/fr\/produit\/tocobo-double-cleanser-mini-duo\/","title":{"rendered":"Tocobo Double Cleanser Mini Duo"},"content":{"rendered":"<p>Comment l'utiliser :<\/p>\n<p>Huile Demaquillante<\/p>\n<p>1. Appliquer sur le visage sec et masser d\u00e9licatement en insistant sur les zones T et U.<\/p>\n<p>2. Ajouter de l'eau pour \u00e9mulsionner, puis rincer abondamment \u00e0 l'eau ti\u00e8de.<\/p>\n<p>Coconut Clay Cleansing Foam:<\/p>\n<p>1. Prendre une quantit\u00e9 appropri\u00e9e et faire mousser avec de l'eau.<\/p>\n<p>2. Massez d\u00e9licatement votre visage, puis rincez abondamment \u00e0 l'eau ti\u00e8de.<\/p>\n<p>Avertissement : Pour usage externe uniquement. Toujours effectuer un test \u00e9picutan\u00e9. Cessez d'utiliser le produit si vous ressentez une quelconque g\u00eane. Suivre les instructions suppl\u00e9mentaires figurant sur l'emballage. Les r\u00e9sultats individuels peuvent varier.<\/p>","protected":false},"excerpt":{"rendered":"<p>This Cleansing Set combines two powerful products to thoroughly cleanse, hydrate, and nourish your skin:The Coconut Clay Cleansing Foam (15ml) offers a luxurious micro-bubble texture for deep pore cleansing, while the Clean Power Cleansing Oil (20ml) provides a powerful yet gentle cleanse with added skin benefits.<\/p>","protected":false},"featured_media":7133,"comment_status":"open","ping_status":"closed","template":"","meta":{"om_disable_all_campaigns":false},"product_brand":[],"product_cat":[35,63,95],"product_tag":[],"class_list":{"0":"post-7130","1":"product","2":"type-product","3":"status-publish","4":"has-post-thumbnail","6":"product_cat-face-cleansers","7":"product_cat-makeup-removers","8":"product_cat-tocobo","10":"first","11":"instock","12":"shipping-taxable","13":"purchasable","14":"product-type-simple"},"aioseo_notices":[],"jetpack_sharing_enabled":true,"_links":{"self":[{"href":"https:\/\/k-beautyci.com\/fr\/wp-json\/wp\/v2\/product\/7130","targetHints":{"allow":["GET"]}}],"collection":[{"href":"https:\/\/k-beautyci.com\/fr\/wp-json\/wp\/v2\/product"}],"about":[{"href":"https:\/\/k-beautyci.com\/fr\/wp-json\/wp\/v2\/types\/product"}],"replies":[{"embeddable":true,"href":"https:\/\/k-beautyci.com\/fr\/wp-json\/wp\/v2\/comments?post=7130"}],"wp:featuredmedia":[{"embeddable":true,"href":"https:\/\/k-beautyci.com\/fr\/wp-json\/wp\/v2\/media\/7133"}],"wp:attachment":[{"href":"https:\/\/k-beautyci.com\/fr\/wp-json\/wp\/v2\/media?parent=7130"}],"wp:term":[{"taxonomy":"product_brand","embeddable":true,"href":"https:\/\/k-beautyci.com\/fr\/wp-json\/wp\/v2\/product_brand?post=7130"},{"taxonomy":"product_cat","embeddable":true,"href":"https:\/\/k-beautyci.com\/fr\/wp-json\/wp\/v2\/product_cat?post=7130"},{"taxonomy":"product_tag","embeddable":true,"href":"https:\/\/k-beautyci.com\/fr\/wp-json\/wp\/v2\/product_tag?post=7130"}],"curies":[{"name":"wp","href":"https:\/\/api.w.org\/{rel}","templated":true}]}}