{"id":7123,"date":"2025-02-26T11:08:12","date_gmt":"2025-02-26T11:08:12","guid":{"rendered":"https:\/\/k-beautyci.com\/?post_type=product&#038;p=7123"},"modified":"2025-03-03T22:23:42","modified_gmt":"2025-03-03T22:23:42","slug":"tocobo-collagen-boosting-lip-mask-20ml","status":"publish","type":"product","link":"https:\/\/k-beautyci.com\/fr\/produit\/tocobo-collagen-boosting-lip-mask-20ml\/","title":{"rendered":"Tocobo Collagen Boosting Lip Mask 20ml"},"content":{"rendered":"<p>Comment l'utiliser :<\/p>\n<p>\u00c0 l'aide de la spatule fournie, appliquer une quantit\u00e9 suffisante sur les l\u00e8vres. R\u00e9partissez uniform\u00e9ment le masque sur vos l\u00e8vres.<\/p>\n<p>Avertissement : Pour usage externe uniquement. Toujours effectuer un test \u00e9picutan\u00e9. Cessez d'utiliser le produit si vous ressentez une quelconque g\u00eane. Suivre les instructions suppl\u00e9mentaires figurant sur l'emballage. Les r\u00e9sultats individuels peuvent varier.<\/p>","protected":false},"excerpt":{"rendered":"<p>Obtenez des l\u00e8vres pulpeuses et hydrat\u00e9es avec le baume de soin des l\u00e8vres Tocobo Collagen Volume, un baume luxueux con\u00e7u pour nourrir, hydrater et rehausser le volume des l\u00e8vres. Infus\u00e9 de collag\u00e8ne, d'acide hyaluronique et d'huiles d'origine v\u00e9g\u00e9tale, ce baume procure une hydratation intense tout en favorisant l'\u00e9lasticit\u00e9 et la douceur. Sa formule l\u00e9g\u00e8re et non collante laisse vos l\u00e8vres plus pulpeuses, plus saines et parfaitement embrassables.<\/p>","protected":false},"featured_media":7129,"comment_status":"open","ping_status":"closed","template":"","meta":{"om_disable_all_campaigns":false},"product_brand":[],"product_cat":[65,95],"product_tag":[],"class_list":{"0":"post-7123","1":"product","2":"type-product","3":"status-publish","4":"has-post-thumbnail","6":"product_cat-lip-care","7":"product_cat-tocobo","9":"first","10":"instock","11":"shipping-taxable","12":"purchasable","13":"product-type-simple"},"aioseo_notices":[],"jetpack_sharing_enabled":true,"_links":{"self":[{"href":"https:\/\/k-beautyci.com\/fr\/wp-json\/wp\/v2\/product\/7123","targetHints":{"allow":["GET"]}}],"collection":[{"href":"https:\/\/k-beautyci.com\/fr\/wp-json\/wp\/v2\/product"}],"about":[{"href":"https:\/\/k-beautyci.com\/fr\/wp-json\/wp\/v2\/types\/product"}],"replies":[{"embeddable":true,"href":"https:\/\/k-beautyci.com\/fr\/wp-json\/wp\/v2\/comments?post=7123"}],"wp:featuredmedia":[{"embeddable":true,"href":"https:\/\/k-beautyci.com\/fr\/wp-json\/wp\/v2\/media\/7129"}],"wp:attachment":[{"href":"https:\/\/k-beautyci.com\/fr\/wp-json\/wp\/v2\/media?parent=7123"}],"wp:term":[{"taxonomy":"product_brand","embeddable":true,"href":"https:\/\/k-beautyci.com\/fr\/wp-json\/wp\/v2\/product_brand?post=7123"},{"taxonomy":"product_cat","embeddable":true,"href":"https:\/\/k-beautyci.com\/fr\/wp-json\/wp\/v2\/product_cat?post=7123"},{"taxonomy":"product_tag","embeddable":true,"href":"https:\/\/k-beautyci.com\/fr\/wp-json\/wp\/v2\/product_tag?post=7123"}],"curies":[{"name":"wp","href":"https:\/\/api.w.org\/{rel}","templated":true}]}}