{"id":7116,"date":"2025-02-26T11:09:15","date_gmt":"2025-02-26T11:09:15","guid":{"rendered":"https:\/\/k-beautyci.com\/?post_type=product&#038;p=7116"},"modified":"2025-10-10T04:06:19","modified_gmt":"2025-10-10T04:06:19","slug":"tocobo-vita-glazed-lip-mask","status":"publish","type":"product","link":"https:\/\/k-beautyci.com\/fr\/produit\/tocobo-vita-glazed-lip-mask\/","title":{"rendered":"TOCOBO Vita Glazed Lip Mask"},"content":{"rendered":"<p>Comment l'utiliser :<\/p>\n<div class=\"description-item active\">\n<div class=\"body\">\n<p>\u00c0 l'aide d'une spatule, appliquer une quantit\u00e9 g\u00e9n\u00e9reuse et r\u00e9partir uniform\u00e9ment le masque sur les l\u00e8vres avant le coucher. Essuyer le masque le lendemain matin.<\/p>\n<p>Avertissement : Pour usage externe uniquement. Toujours effectuer un test \u00e9picutan\u00e9. Cessez d'utiliser le produit si vous ressentez une quelconque g\u00eane. Suivre les instructions suppl\u00e9mentaires figurant sur l'emballage. Les r\u00e9sultats individuels peuvent varier.<\/p>\n<\/div>\n<\/div>\n<div class=\"description-item\">\n<h2 class=\"title\"><\/h2>\n<\/div>","protected":false},"excerpt":{"rendered":"<p>R\u00e9veillez-vous avec des l\u00e8vres douces et lisses gr\u00e2ce \u00e0 ce masque de sommeil ultra nourrissant, rempli de vitamine E et d'autres sources d'antioxydants qui retiennent l'humidit\u00e9 et r\u00e9parent les dommages caus\u00e9s \u00e0 la peau. La formule en forme de baume offre un fini ultra-brillant avec un \u00e9clat ros\u00e9. Ce masque pour les l\u00e8vres est certifi\u00e9 v\u00e9g\u00e9talien.<\/p>","protected":false},"featured_media":7122,"comment_status":"open","ping_status":"closed","template":"","meta":{"om_disable_all_campaigns":false},"product_brand":[],"product_cat":[65,95],"product_tag":[],"class_list":{"0":"post-7116","1":"product","2":"type-product","3":"status-publish","4":"has-post-thumbnail","6":"product_cat-lip-care","7":"product_cat-tocobo","9":"first","10":"instock","11":"shipping-taxable","12":"purchasable","13":"product-type-simple"},"aioseo_notices":[],"jetpack_sharing_enabled":true,"_links":{"self":[{"href":"https:\/\/k-beautyci.com\/fr\/wp-json\/wp\/v2\/product\/7116","targetHints":{"allow":["GET"]}}],"collection":[{"href":"https:\/\/k-beautyci.com\/fr\/wp-json\/wp\/v2\/product"}],"about":[{"href":"https:\/\/k-beautyci.com\/fr\/wp-json\/wp\/v2\/types\/product"}],"replies":[{"embeddable":true,"href":"https:\/\/k-beautyci.com\/fr\/wp-json\/wp\/v2\/comments?post=7116"}],"wp:featuredmedia":[{"embeddable":true,"href":"https:\/\/k-beautyci.com\/fr\/wp-json\/wp\/v2\/media\/7122"}],"wp:attachment":[{"href":"https:\/\/k-beautyci.com\/fr\/wp-json\/wp\/v2\/media?parent=7116"}],"wp:term":[{"taxonomy":"product_brand","embeddable":true,"href":"https:\/\/k-beautyci.com\/fr\/wp-json\/wp\/v2\/product_brand?post=7116"},{"taxonomy":"product_cat","embeddable":true,"href":"https:\/\/k-beautyci.com\/fr\/wp-json\/wp\/v2\/product_cat?post=7116"},{"taxonomy":"product_tag","embeddable":true,"href":"https:\/\/k-beautyci.com\/fr\/wp-json\/wp\/v2\/product_tag?post=7116"}],"curies":[{"name":"wp","href":"https:\/\/api.w.org\/{rel}","templated":true}]}}