{"id":7101,"date":"2025-02-26T11:11:29","date_gmt":"2025-02-26T11:11:29","guid":{"rendered":"https:\/\/k-beautyci.com\/?post_type=product&#038;p=7101"},"modified":"2026-01-08T01:33:15","modified_gmt":"2026-01-08T01:33:15","slug":"tocobo-juicy-berry-plumping-lip-oil","status":"publish","type":"product","link":"https:\/\/k-beautyci.com\/fr\/produit\/tocobo-juicy-berry-plumping-lip-oil\/","title":{"rendered":"TOCOBO Juicy Berry Plumping Lip Oil"},"content":{"rendered":"<div class=\"description-item active\">\n<div class=\"body\">\n<p>Comment l'utiliser :<\/p>\n<p>Appliquez le produit \u00e0 l'aide de l'applicateur depuis l'int\u00e9rieur de vos l\u00e8vres et estompez d\u00e9licatement les bords.<\/p>\n<p>Avertissement : Pour usage externe uniquement. Toujours effectuer un test \u00e9picutan\u00e9. Cessez d'utiliser le produit si vous ressentez une quelconque g\u00eane. Suivre les instructions suppl\u00e9mentaires figurant sur l'emballage. Les r\u00e9sultats individuels peuvent varier.<\/p>\n<\/div>\n<\/div>\n<div class=\"description-item\">\n<h2 class=\"title\"><\/h2>\n<\/div>","protected":false},"excerpt":{"rendered":"<p>Des huiles \u00e0 l\u00e8vres succulentes pour un glamour \u00e0 toute \u00e9preuve. Faites glisser les gloss aux baies juteuses qui brillent comme du verre et repoussent vos l\u00e8vres \u00e0 la perfection.<\/p>","protected":false},"featured_media":7112,"comment_status":"open","ping_status":"closed","template":"","meta":{"om_disable_all_campaigns":false},"product_brand":[],"product_cat":[65,95],"product_tag":[],"class_list":{"0":"post-7101","1":"product","2":"type-product","3":"status-publish","4":"has-post-thumbnail","6":"product_cat-lip-care","7":"product_cat-tocobo","9":"first","10":"instock","11":"shipping-taxable","12":"purchasable","13":"product-type-variable"},"aioseo_notices":[],"jetpack_sharing_enabled":true,"_links":{"self":[{"href":"https:\/\/k-beautyci.com\/fr\/wp-json\/wp\/v2\/product\/7101","targetHints":{"allow":["GET"]}}],"collection":[{"href":"https:\/\/k-beautyci.com\/fr\/wp-json\/wp\/v2\/product"}],"about":[{"href":"https:\/\/k-beautyci.com\/fr\/wp-json\/wp\/v2\/types\/product"}],"replies":[{"embeddable":true,"href":"https:\/\/k-beautyci.com\/fr\/wp-json\/wp\/v2\/comments?post=7101"}],"wp:featuredmedia":[{"embeddable":true,"href":"https:\/\/k-beautyci.com\/fr\/wp-json\/wp\/v2\/media\/7112"}],"wp:attachment":[{"href":"https:\/\/k-beautyci.com\/fr\/wp-json\/wp\/v2\/media?parent=7101"}],"wp:term":[{"taxonomy":"product_brand","embeddable":true,"href":"https:\/\/k-beautyci.com\/fr\/wp-json\/wp\/v2\/product_brand?post=7101"},{"taxonomy":"product_cat","embeddable":true,"href":"https:\/\/k-beautyci.com\/fr\/wp-json\/wp\/v2\/product_cat?post=7101"},{"taxonomy":"product_tag","embeddable":true,"href":"https:\/\/k-beautyci.com\/fr\/wp-json\/wp\/v2\/product_tag?post=7101"}],"curies":[{"name":"wp","href":"https:\/\/api.w.org\/{rel}","templated":true}]}}