{"id":7096,"date":"2025-03-07T00:38:18","date_gmt":"2025-03-07T00:38:18","guid":{"rendered":"https:\/\/k-beautyci.com\/?post_type=product&#038;p=7096"},"modified":"2025-10-19T00:44:31","modified_gmt":"2025-10-19T00:44:31","slug":"heveblue-salmon-caring-centella-toner-200ml","status":"publish","type":"product","link":"https:\/\/k-beautyci.com\/fr\/produit\/heveblue-salmon-caring-centella-toner-200ml\/","title":{"rendered":"HEVEBLUE Salmon Caring Centella Toner 200ml"},"content":{"rendered":"<p><b>Comment l'utiliser :<\/b><br \/>\n1. Apr\u00e8s le nettoyage, appliquer directement une quantit\u00e9 ad\u00e9quate sur le visage.<\/p>\n<p>2. Ou r\u00e9partir une quantit\u00e9 appropri\u00e9e sur des tampons de coton et essuyer le long de la texture de la peau.<\/p>\n<p>Avertissement : Pour usage externe uniquement. Toujours effectuer un test \u00e9picutan\u00e9. Cessez d'utiliser le produit si vous ressentez une quelconque g\u00eane. Suivre les instructions suppl\u00e9mentaires figurant sur l'emballage. Les r\u00e9sultats individuels peuvent varier.<\/p>","protected":false},"excerpt":{"rendered":"<p>Contenant un m\u00e9lange nourrissant de PDRN de saumon, d'eau de feuilles de cica et de l'ingr\u00e9dient brevet\u00e9 EFFIPULP\u00ae, ce tonique donne \u00e0 la peau un aspect radieux et rebondi. L'eau de Houttuynia cordata r\u00e9duit l'exc\u00e8s de s\u00e9bum, tandis que l'extrait de portulaca oleracea prot\u00e8ge la peau des agressions ext\u00e9rieures. La texture aqueuse l\u00e9g\u00e8re p\u00e9n\u00e8tre rapidement dans la peau pour un fini confortable.<\/p>","protected":false},"featured_media":7098,"comment_status":"open","ping_status":"closed","template":"","meta":{"om_disable_all_campaigns":false},"product_brand":[],"product_cat":[15],"product_tag":[],"class_list":{"0":"post-7096","1":"product","2":"type-product","3":"status-publish","4":"has-post-thumbnail","6":"product_cat-uncategorized","8":"first","9":"instock","10":"shipping-taxable","11":"purchasable","12":"product-type-simple"},"aioseo_notices":[],"jetpack_sharing_enabled":true,"_links":{"self":[{"href":"https:\/\/k-beautyci.com\/fr\/wp-json\/wp\/v2\/product\/7096","targetHints":{"allow":["GET"]}}],"collection":[{"href":"https:\/\/k-beautyci.com\/fr\/wp-json\/wp\/v2\/product"}],"about":[{"href":"https:\/\/k-beautyci.com\/fr\/wp-json\/wp\/v2\/types\/product"}],"replies":[{"embeddable":true,"href":"https:\/\/k-beautyci.com\/fr\/wp-json\/wp\/v2\/comments?post=7096"}],"wp:featuredmedia":[{"embeddable":true,"href":"https:\/\/k-beautyci.com\/fr\/wp-json\/wp\/v2\/media\/7098"}],"wp:attachment":[{"href":"https:\/\/k-beautyci.com\/fr\/wp-json\/wp\/v2\/media?parent=7096"}],"wp:term":[{"taxonomy":"product_brand","embeddable":true,"href":"https:\/\/k-beautyci.com\/fr\/wp-json\/wp\/v2\/product_brand?post=7096"},{"taxonomy":"product_cat","embeddable":true,"href":"https:\/\/k-beautyci.com\/fr\/wp-json\/wp\/v2\/product_cat?post=7096"},{"taxonomy":"product_tag","embeddable":true,"href":"https:\/\/k-beautyci.com\/fr\/wp-json\/wp\/v2\/product_tag?post=7096"}],"curies":[{"name":"wp","href":"https:\/\/api.w.org\/{rel}","templated":true}]}}