{"id":7091,"date":"2025-02-26T11:13:10","date_gmt":"2025-02-26T11:13:10","guid":{"rendered":"https:\/\/k-beautyci.com\/?post_type=product&#038;p=7091"},"modified":"2025-05-17T17:29:49","modified_gmt":"2025-05-17T17:29:49","slug":"house-of-hur-weightless-sun-fluid","status":"publish","type":"product","link":"https:\/\/k-beautyci.com\/fr\/produit\/house-of-hur-weightless-sun-fluid\/","title":{"rendered":"House of Hur Weightless Sun Fluid"},"content":{"rendered":"<p><b>Comment l'utiliser :<\/b><\/p>\n<p>En derni\u00e8re \u00e9tape de votre routine quotidienne de soins de la peau, appliquez une fine couche uniform\u00e9ment sur les zones fr\u00e9quemment expos\u00e9es au soleil.<\/p>\n<p>Avertissement : Pour usage externe uniquement. Toujours effectuer un test \u00e9picutan\u00e9. Cessez d'utiliser le produit si vous ressentez une quelconque g\u00eane. Suivre les instructions suppl\u00e9mentaires figurant sur l'emballage. Les r\u00e9sultats individuels peuvent varier.<\/p>","protected":false},"excerpt":{"rendered":"<p>Dot\u00e9 d'un SPF 50+ PA++++, cet \u00e9cran solaire chimique prot\u00e8ge la peau des dommages caus\u00e9s par le soleil pour pr\u00e9venir le vieillissement pr\u00e9matur\u00e9 et les coups de soleil. Formul\u00e9 avec 26 % d'extrait de yuja de Jeju et 19 % d'extrait de miel de Manuka pur, le fluide solaire l\u00e9ger renforce la barri\u00e8re protectrice de la peau et la nourrit pour lui donner un \u00e9clat radieux. Sa texture semblable \u00e0 celle d'une lotion est absorb\u00e9e sans effort par la peau et laisse un fini naturel et rafra\u00eechissant, sans traces blanches.<\/p>","protected":false},"featured_media":7095,"comment_status":"open","ping_status":"closed","template":"","meta":{"om_disable_all_campaigns":false},"product_brand":[],"product_cat":[77,75],"product_tag":[],"class_list":{"0":"post-7091","1":"product","2":"type-product","3":"status-publish","4":"has-post-thumbnail","6":"product_cat-spf-50","7":"product_cat-sunscreens","9":"first","10":"outofstock","11":"shipping-taxable","12":"purchasable","13":"product-type-simple"},"aioseo_notices":[],"jetpack_sharing_enabled":true,"_links":{"self":[{"href":"https:\/\/k-beautyci.com\/fr\/wp-json\/wp\/v2\/product\/7091","targetHints":{"allow":["GET"]}}],"collection":[{"href":"https:\/\/k-beautyci.com\/fr\/wp-json\/wp\/v2\/product"}],"about":[{"href":"https:\/\/k-beautyci.com\/fr\/wp-json\/wp\/v2\/types\/product"}],"replies":[{"embeddable":true,"href":"https:\/\/k-beautyci.com\/fr\/wp-json\/wp\/v2\/comments?post=7091"}],"wp:featuredmedia":[{"embeddable":true,"href":"https:\/\/k-beautyci.com\/fr\/wp-json\/wp\/v2\/media\/7095"}],"wp:attachment":[{"href":"https:\/\/k-beautyci.com\/fr\/wp-json\/wp\/v2\/media?parent=7091"}],"wp:term":[{"taxonomy":"product_brand","embeddable":true,"href":"https:\/\/k-beautyci.com\/fr\/wp-json\/wp\/v2\/product_brand?post=7091"},{"taxonomy":"product_cat","embeddable":true,"href":"https:\/\/k-beautyci.com\/fr\/wp-json\/wp\/v2\/product_cat?post=7091"},{"taxonomy":"product_tag","embeddable":true,"href":"https:\/\/k-beautyci.com\/fr\/wp-json\/wp\/v2\/product_tag?post=7091"}],"curies":[{"name":"wp","href":"https:\/\/api.w.org\/{rel}","templated":true}]}}