{"id":7087,"date":"2025-02-26T11:14:30","date_gmt":"2025-02-26T11:14:30","guid":{"rendered":"https:\/\/k-beautyci.com\/?post_type=product&#038;p=7087"},"modified":"2025-09-30T06:14:32","modified_gmt":"2025-09-30T06:14:32","slug":"marymay-rice-niacin-10-triple-vitamin-serum-seoul-edition-80ml","status":"publish","type":"product","link":"https:\/\/k-beautyci.com\/fr\/produit\/marymay-rice-niacin-10-triple-vitamin-serum-seoul-edition-80ml\/","title":{"rendered":"Mary&#038;May Rice Niacin 10% Triple Vitamin Serum Seoul Edition 80ml"},"content":{"rendered":"<p>Comment l'utiliser :<\/p>\n<p>Appliquer une quantit\u00e9 appropri\u00e9e sur le visage et le cou, puis lisser d\u00e9licatement pour une meilleure absorption. Il est recommand\u00e9 d'appliquer le s\u00e9rum apr\u00e8s la lotion tonique.<\/p>\n<p>Avertissement : Pour usage externe uniquement. Toujours effectuer un test \u00e9picutan\u00e9. Cessez d'utiliser le produit si vous ressentez une quelconque g\u00eane. Suivre les instructions suppl\u00e9mentaires figurant sur l'emballage. Les r\u00e9sultats individuels peuvent varier.<\/p>","protected":false},"excerpt":{"rendered":"<p>Ce s\u00e9rum contient 10 % de niacinamide, des vitamines et du glutathion pour favoriser une peau revitalis\u00e9e et \u00e9clatante. Il contient de l'extrait de riz biologique provenant de Haenam, en Cor\u00e9e du Sud, et du panth\u00e9nol pour hydrater et apaiser la peau. Ce s\u00e9rum \u00e9claircit \u00e9galement la peau et att\u00e9nue les imperfections.<\/p>","protected":false},"featured_media":7090,"comment_status":"open","ping_status":"closed","template":"","meta":{"om_disable_all_campaigns":false},"product_brand":[],"product_cat":[31,96,74],"product_tag":[],"class_list":{"0":"post-7087","1":"product","2":"type-product","3":"status-publish","4":"has-post-thumbnail","6":"product_cat-face-serums","7":"product_cat-mary-may","8":"product_cat-niacinamide","10":"first","11":"instock","12":"shipping-taxable","13":"purchasable","14":"product-type-simple"},"aioseo_notices":[],"jetpack_sharing_enabled":true,"_links":{"self":[{"href":"https:\/\/k-beautyci.com\/fr\/wp-json\/wp\/v2\/product\/7087","targetHints":{"allow":["GET"]}}],"collection":[{"href":"https:\/\/k-beautyci.com\/fr\/wp-json\/wp\/v2\/product"}],"about":[{"href":"https:\/\/k-beautyci.com\/fr\/wp-json\/wp\/v2\/types\/product"}],"replies":[{"embeddable":true,"href":"https:\/\/k-beautyci.com\/fr\/wp-json\/wp\/v2\/comments?post=7087"}],"wp:featuredmedia":[{"embeddable":true,"href":"https:\/\/k-beautyci.com\/fr\/wp-json\/wp\/v2\/media\/7090"}],"wp:attachment":[{"href":"https:\/\/k-beautyci.com\/fr\/wp-json\/wp\/v2\/media?parent=7087"}],"wp:term":[{"taxonomy":"product_brand","embeddable":true,"href":"https:\/\/k-beautyci.com\/fr\/wp-json\/wp\/v2\/product_brand?post=7087"},{"taxonomy":"product_cat","embeddable":true,"href":"https:\/\/k-beautyci.com\/fr\/wp-json\/wp\/v2\/product_cat?post=7087"},{"taxonomy":"product_tag","embeddable":true,"href":"https:\/\/k-beautyci.com\/fr\/wp-json\/wp\/v2\/product_tag?post=7087"}],"curies":[{"name":"wp","href":"https:\/\/api.w.org\/{rel}","templated":true}]}}