{"id":7081,"date":"2025-02-26T11:25:38","date_gmt":"2025-02-26T11:25:38","guid":{"rendered":"https:\/\/k-beautyci.com\/?post_type=product&#038;p=7081"},"modified":"2025-03-25T11:15:08","modified_gmt":"2025-03-25T11:15:08","slug":"marymay-retinol-0-1-bakuchiol-cica-serum-seoul-edition-80ml","status":"publish","type":"product","link":"https:\/\/k-beautyci.com\/fr\/produit\/marymay-retinol-0-1-bakuchiol-cica-serum-seoul-edition-80ml\/","title":{"rendered":"Mary&#038;May Retinol 0.1% Bakuchiol Cica Serum Seoul Edition 80ml"},"content":{"rendered":"<p><b>Comment l'utiliser :<\/b><\/p>\n<p>Apply a couple of drops on to the face and neck, then gently tap for better absorption.<br \/>\n- Il est recommand\u00e9 de l'appliquer apr\u00e8s l'utilisation de la peau ou d'un tonique.<\/p>\n<p>Avertissement : Pour usage externe uniquement. Toujours effectuer un test \u00e9picutan\u00e9. Cessez d'utiliser le produit si vous ressentez une quelconque g\u00eane. Suivre les instructions suppl\u00e9mentaires figurant sur l'emballage. Les r\u00e9sultats individuels peuvent varier.<\/p>","protected":false},"excerpt":{"rendered":"<p>Ce s\u00e9rum \u00e0 la fois doux et puissant contient 0,1 % de r\u00e9tinol pur, 1 000 ppm de bakuchiol et trois types de peptides pour renforcer l'\u00e9lasticit\u00e9 de la peau et r\u00e9duire l'apparence des rides et des pores. La formule est enrichie en extrait de cica et en extrait de th\u00e9 vert pour apaiser la peau irrit\u00e9e. Elle est formul\u00e9e avec des ingr\u00e9dients hydratants tels que l'acide hyaluronique et trois types de c\u00e9ramides. Test\u00e9 dermatologiquement pour convenir aux peaux sensibles.<\/p>","protected":false},"featured_media":7084,"comment_status":"open","ping_status":"closed","template":"","meta":{"om_disable_all_campaigns":false},"product_brand":[],"product_cat":[57,31,96,68],"product_tag":[],"class_list":{"0":"post-7081","1":"product","2":"type-product","3":"status-publish","4":"has-post-thumbnail","6":"product_cat-anti-aging","7":"product_cat-face-serums","8":"product_cat-mary-may","9":"product_cat-retinol","11":"first","12":"outofstock","13":"shipping-taxable","14":"purchasable","15":"product-type-simple"},"aioseo_notices":[],"jetpack_sharing_enabled":true,"_links":{"self":[{"href":"https:\/\/k-beautyci.com\/fr\/wp-json\/wp\/v2\/product\/7081","targetHints":{"allow":["GET"]}}],"collection":[{"href":"https:\/\/k-beautyci.com\/fr\/wp-json\/wp\/v2\/product"}],"about":[{"href":"https:\/\/k-beautyci.com\/fr\/wp-json\/wp\/v2\/types\/product"}],"replies":[{"embeddable":true,"href":"https:\/\/k-beautyci.com\/fr\/wp-json\/wp\/v2\/comments?post=7081"}],"wp:featuredmedia":[{"embeddable":true,"href":"https:\/\/k-beautyci.com\/fr\/wp-json\/wp\/v2\/media\/7084"}],"wp:attachment":[{"href":"https:\/\/k-beautyci.com\/fr\/wp-json\/wp\/v2\/media?parent=7081"}],"wp:term":[{"taxonomy":"product_brand","embeddable":true,"href":"https:\/\/k-beautyci.com\/fr\/wp-json\/wp\/v2\/product_brand?post=7081"},{"taxonomy":"product_cat","embeddable":true,"href":"https:\/\/k-beautyci.com\/fr\/wp-json\/wp\/v2\/product_cat?post=7081"},{"taxonomy":"product_tag","embeddable":true,"href":"https:\/\/k-beautyci.com\/fr\/wp-json\/wp\/v2\/product_tag?post=7081"}],"curies":[{"name":"wp","href":"https:\/\/api.w.org\/{rel}","templated":true}]}}