{"id":7068,"date":"2025-03-07T00:36:01","date_gmt":"2025-03-07T00:36:01","guid":{"rendered":"https:\/\/k-beautyci.com\/?post_type=product&#038;p=7068"},"modified":"2026-02-19T22:04:04","modified_gmt":"2026-02-19T22:04:04","slug":"ksecret-seoul-1988-cream-retinal-liposome-1-fermented-rice","status":"publish","type":"product","link":"https:\/\/k-beautyci.com\/fr\/produit\/ksecret-seoul-1988-cream-retinal-liposome-1-fermented-rice\/","title":{"rendered":"KSECRET SEOUL 1988 Cream : Retinal Liposome 1% + Fermented Rice"},"content":{"rendered":"<p><b>Comment l'utiliser :<\/b><\/p>\n<p>Apr\u00e8s avoir nettoy\u00e9 et tonifi\u00e9 la peau, appliquer uniform\u00e9ment une quantit\u00e9 mod\u00e9r\u00e9e sur la peau et tapoter d\u00e9licatement pour une meilleure absorption.<\/p>\n<div class=\"description-item active\">\n<div class=\"body\">\n<p>Si vous avez la peau sensible ou si vous n'avez jamais utilis\u00e9 de produits \u00e0 base de vitamine A, nous vous recommandons d'ajuster la quantit\u00e9 ou la fr\u00e9quence. Lorsque vous utilisez ce produit pour la premi\u00e8re fois, appliquez une petite quantit\u00e9 sur votre peau et surveillez les r\u00e9actions \u00e9ventuelles. Augmentez lentement la quantit\u00e9 utilis\u00e9e jusqu'\u00e0 ce que vous trouviez l'\u00e9quilibre appropri\u00e9 pour votre peau.<\/p>\n<p>Toujours effectuer un test \u00e9picutan\u00e9. Utiliser uniquement selon les instructions. Ne pas utiliser sur une peau ab\u00eem\u00e9e. \u00c9viter l'utilisation pendant la grossesse ou l'allaitement. Ne pas utiliser imm\u00e9diatement apr\u00e8s un gommage. \u00c9viter d'utiliser ce produit en m\u00eame temps que des produits \u00e0 base de vitamine C ou d'acide. En cas d'irritation de la peau lors de l'utilisation de ce produit, r\u00e9duire la quantit\u00e9 ou la fr\u00e9quence d'utilisation et arr\u00eater l'utilisation si l'irritation persiste. Suivre les instructions suppl\u00e9mentaires figurant sur l'emballage. Avant de s'exposer au soleil, il est recommand\u00e9 aux utilisateurs de couvrir les zones o\u00f9 des r\u00e9tino\u00efdes ont \u00e9t\u00e9 appliqu\u00e9s avec un \u00e9cran solaire. Le contact du produit avec la peau doit \u00eatre limit\u00e9 en fr\u00e9quence et en dur\u00e9e. Les r\u00e9sultats individuels peuvent varier.<\/p>\n<\/div>\n<\/div>\n<div class=\"description-item\">\n<h2 class=\"title\"><\/h2>\n<\/div>","protected":false},"excerpt":{"rendered":"<p>Avec 1 % de liposomes de r\u00e9tinal et du filtrat de ferment de riz, cette cr\u00e8me anti-\u00e2ge r\u00e9duit l'apparence des rides et ridules tout en am\u00e9liorant l'\u00e9lasticit\u00e9 et la fermet\u00e9 de la peau. Elle est \u00e9galement formul\u00e9e avec trois types de peptides, du bakuchiol et de la vitamine C pour renforcer le collag\u00e8ne, les antioxydants et les propri\u00e9t\u00e9s \u00e9claircissantes. La texture lisse et cr\u00e9meuse p\u00e9n\u00e8tre rapidement dans la peau pour un fini non gras.<\/p>","protected":false},"featured_media":7076,"comment_status":"open","ping_status":"closed","template":"","meta":{"om_disable_all_campaigns":false},"product_brand":[],"product_cat":[57,26,232,68],"product_tag":[],"class_list":{"0":"post-7068","1":"product","2":"type-product","3":"status-publish","4":"has-post-thumbnail","6":"product_cat-anti-aging","7":"product_cat-face-moisturizer","8":"product_cat-ksecret","9":"product_cat-retinol","11":"first","12":"instock","13":"sale","14":"shipping-taxable","15":"purchasable","16":"product-type-simple"},"aioseo_notices":[],"jetpack_sharing_enabled":true,"_links":{"self":[{"href":"https:\/\/k-beautyci.com\/fr\/wp-json\/wp\/v2\/product\/7068","targetHints":{"allow":["GET"]}}],"collection":[{"href":"https:\/\/k-beautyci.com\/fr\/wp-json\/wp\/v2\/product"}],"about":[{"href":"https:\/\/k-beautyci.com\/fr\/wp-json\/wp\/v2\/types\/product"}],"replies":[{"embeddable":true,"href":"https:\/\/k-beautyci.com\/fr\/wp-json\/wp\/v2\/comments?post=7068"}],"wp:featuredmedia":[{"embeddable":true,"href":"https:\/\/k-beautyci.com\/fr\/wp-json\/wp\/v2\/media\/7076"}],"wp:attachment":[{"href":"https:\/\/k-beautyci.com\/fr\/wp-json\/wp\/v2\/media?parent=7068"}],"wp:term":[{"taxonomy":"product_brand","embeddable":true,"href":"https:\/\/k-beautyci.com\/fr\/wp-json\/wp\/v2\/product_brand?post=7068"},{"taxonomy":"product_cat","embeddable":true,"href":"https:\/\/k-beautyci.com\/fr\/wp-json\/wp\/v2\/product_cat?post=7068"},{"taxonomy":"product_tag","embeddable":true,"href":"https:\/\/k-beautyci.com\/fr\/wp-json\/wp\/v2\/product_tag?post=7068"}],"curies":[{"name":"wp","href":"https:\/\/api.w.org\/{rel}","templated":true}]}}