{"id":7061,"date":"2025-03-07T00:34:58","date_gmt":"2025-03-07T00:34:58","guid":{"rendered":"https:\/\/k-beautyci.com\/?post_type=product&#038;p=7061"},"modified":"2025-06-07T18:05:12","modified_gmt":"2025-06-07T18:05:12","slug":"the-face-shop-rice-ceramide-moisture-emulsion-150ml","status":"publish","type":"product","link":"https:\/\/k-beautyci.com\/fr\/produit\/the-face-shop-rice-ceramide-moisture-emulsion-150ml\/","title":{"rendered":"THE FACE SHOP Rice &amp; Ceramide Moisture Emulsion 150ml"},"content":{"rendered":"<p style=\"font-weight: 400\">Comment l'utiliser :<\/p>\n<ol style=\"font-weight: 400\">\n<li>Apr\u00e8s avoir appliqu\u00e9 le tonique, appliquez la cr\u00e8me hydratante uniform\u00e9ment sur votre peau.<\/li>\n<li>\u00c9tendre le produit en effectuant des mouvements vers l'ext\u00e9rieur.<\/li>\n<\/ol>\n<p>Avertissement : Pour usage externe uniquement. Toujours effectuer un test \u00e9picutan\u00e9. Cessez d'utiliser le produit si vous ressentez une quelconque g\u00eane. Suivre les instructions suppl\u00e9mentaires figurant sur l'emballage. Les r\u00e9sultats individuels peuvent varier.<\/p>","protected":false},"excerpt":{"rendered":"<p>L'extrait de riz adoucit et hydrate la peau, tandis que le c\u00e9ramide hydrate et r\u00e9pare la peau et que l'huile de son de riz agit comme un adoucisseur suppl\u00e9mentaire. Apr\u00e8s utilisation, la peau est plus rebondie, plus ferme, plus lisse, plus lumineuse et plus uniforme.<\/p>","protected":false},"featured_media":7067,"comment_status":"open","ping_status":"closed","template":"","meta":{"om_disable_all_campaigns":false},"product_brand":[],"product_cat":[148,39,231],"product_tag":[],"class_list":{"0":"post-7061","1":"product","2":"type-product","3":"status-publish","4":"has-post-thumbnail","6":"product_cat-ceramide","7":"product_cat-face-toners","8":"product_cat-the-face-shop","10":"first","11":"instock","12":"shipping-taxable","13":"purchasable","14":"product-type-simple"},"aioseo_notices":[],"jetpack_sharing_enabled":true,"_links":{"self":[{"href":"https:\/\/k-beautyci.com\/fr\/wp-json\/wp\/v2\/product\/7061","targetHints":{"allow":["GET"]}}],"collection":[{"href":"https:\/\/k-beautyci.com\/fr\/wp-json\/wp\/v2\/product"}],"about":[{"href":"https:\/\/k-beautyci.com\/fr\/wp-json\/wp\/v2\/types\/product"}],"replies":[{"embeddable":true,"href":"https:\/\/k-beautyci.com\/fr\/wp-json\/wp\/v2\/comments?post=7061"}],"wp:featuredmedia":[{"embeddable":true,"href":"https:\/\/k-beautyci.com\/fr\/wp-json\/wp\/v2\/media\/7067"}],"wp:attachment":[{"href":"https:\/\/k-beautyci.com\/fr\/wp-json\/wp\/v2\/media?parent=7061"}],"wp:term":[{"taxonomy":"product_brand","embeddable":true,"href":"https:\/\/k-beautyci.com\/fr\/wp-json\/wp\/v2\/product_brand?post=7061"},{"taxonomy":"product_cat","embeddable":true,"href":"https:\/\/k-beautyci.com\/fr\/wp-json\/wp\/v2\/product_cat?post=7061"},{"taxonomy":"product_tag","embeddable":true,"href":"https:\/\/k-beautyci.com\/fr\/wp-json\/wp\/v2\/product_tag?post=7061"}],"curies":[{"name":"wp","href":"https:\/\/api.w.org\/{rel}","templated":true}]}}