{"id":7047,"date":"2025-03-07T00:35:19","date_gmt":"2025-03-07T00:35:19","guid":{"rendered":"https:\/\/k-beautyci.com\/?post_type=product&#038;p=7047"},"modified":"2025-07-11T01:26:34","modified_gmt":"2025-07-11T01:26:34","slug":"the-face-shop-rice-ceramide-moisturizing-toner-150ml","status":"publish","type":"product","link":"https:\/\/k-beautyci.com\/fr\/produit\/the-face-shop-rice-ceramide-moisturizing-toner-150ml\/","title":{"rendered":"THE FACE SHOP Rice &amp; Ceramide Moisturizing Toner 150ml"},"content":{"rendered":"<p style=\"font-weight: 400\">Comment l'utiliser :<\/p>\n<ol style=\"font-weight: 400\">\n<li>Apr\u00e8s avoir nettoy\u00e9 votre visage, appliquez le tonique \u00e0 l'aide d'un coton ou directement sur vos mains.<\/li>\n<li>Appliquez le tonique en tapotant doucement sur votre visage, en partant du centre vers l'ext\u00e9rieur.<\/li>\n<\/ol>\n<p>Avertissement : Pour usage externe uniquement. Toujours effectuer un test \u00e9picutan\u00e9. Cessez d'utiliser le produit si vous ressentez une quelconque g\u00eane. Suivre les instructions suppl\u00e9mentaires figurant sur l'emballage. Les r\u00e9sultats individuels peuvent varier.<\/p>","protected":false},"excerpt":{"rendered":"<p>Le riz et le c\u00e9ramide travaillent main dans la main pour offrir \u00e0 la peau une hydratation plus intense dans cette nouvelle formule. Des nutriments et des extraits riches en hydratation aident \u00e0 renforcer la peau de l'int\u00e9rieur, en am\u00e9liorant son \u00e9lasticit\u00e9 et en la revitalisant davantage.<\/p>","protected":false},"featured_media":7053,"comment_status":"open","ping_status":"closed","template":"","meta":{"om_disable_all_campaigns":false},"product_brand":[],"product_cat":[148,39,231],"product_tag":[],"class_list":{"0":"post-7047","1":"product","2":"type-product","3":"status-publish","4":"has-post-thumbnail","6":"product_cat-ceramide","7":"product_cat-face-toners","8":"product_cat-the-face-shop","10":"first","11":"instock","12":"shipping-taxable","13":"purchasable","14":"product-type-simple"},"aioseo_notices":[],"jetpack_sharing_enabled":true,"_links":{"self":[{"href":"https:\/\/k-beautyci.com\/fr\/wp-json\/wp\/v2\/product\/7047","targetHints":{"allow":["GET"]}}],"collection":[{"href":"https:\/\/k-beautyci.com\/fr\/wp-json\/wp\/v2\/product"}],"about":[{"href":"https:\/\/k-beautyci.com\/fr\/wp-json\/wp\/v2\/types\/product"}],"replies":[{"embeddable":true,"href":"https:\/\/k-beautyci.com\/fr\/wp-json\/wp\/v2\/comments?post=7047"}],"wp:featuredmedia":[{"embeddable":true,"href":"https:\/\/k-beautyci.com\/fr\/wp-json\/wp\/v2\/media\/7053"}],"wp:attachment":[{"href":"https:\/\/k-beautyci.com\/fr\/wp-json\/wp\/v2\/media?parent=7047"}],"wp:term":[{"taxonomy":"product_brand","embeddable":true,"href":"https:\/\/k-beautyci.com\/fr\/wp-json\/wp\/v2\/product_brand?post=7047"},{"taxonomy":"product_cat","embeddable":true,"href":"https:\/\/k-beautyci.com\/fr\/wp-json\/wp\/v2\/product_cat?post=7047"},{"taxonomy":"product_tag","embeddable":true,"href":"https:\/\/k-beautyci.com\/fr\/wp-json\/wp\/v2\/product_tag?post=7047"}],"curies":[{"name":"wp","href":"https:\/\/api.w.org\/{rel}","templated":true}]}}