{"id":7042,"date":"2025-03-07T00:42:05","date_gmt":"2025-03-07T00:42:05","guid":{"rendered":"https:\/\/k-beautyci.com\/?post_type=product&#038;p=7042"},"modified":"2026-02-23T22:54:54","modified_gmt":"2026-02-23T22:54:54","slug":"mixsoon-cica-hyal-hydrogel-eye-patch","status":"publish","type":"product","link":"https:\/\/k-beautyci.com\/fr\/produit\/mixsoon-cica-hyal-hydrogel-eye-patch\/","title":{"rendered":"mixsoon Cica-Hyal Hydrogel Eye Patch"},"content":{"rendered":"<p><b>Comment l'utiliser :<\/b><\/p>\n<p>Appliquer les patchs sur le contour des yeux apr\u00e8s avoir nettoy\u00e9 la peau et laisser agir pendant 20 \u00e0 30 minutes. Tapoter doucement pour faciliter l'absorption.<\/p>\n<p>Avertissement : Pour usage externe uniquement. Toujours effectuer un test \u00e9picutan\u00e9. Cessez d'utiliser le produit si vous ressentez une quelconque g\u00eane. Suivre les instructions suppl\u00e9mentaires figurant sur l'emballage. Les r\u00e9sultats individuels peuvent varier.<\/p>","protected":false},"excerpt":{"rendered":"<p>Illuminez les yeux fatigu\u00e9s avec ces patchs hydrogel pour les yeux emball\u00e9s avec cinq types d'ingr\u00e9dients de centella et dix types d'acide hyaluronique pour fournir une hydratation r\u00e9guli\u00e8re. La formule nourrissante contient \u00e9galement le Prebiome\u2122 brevet\u00e9 de la marque (contenant des lactobacilles et de l'extrait de pissenlit) pour fortifier la barri\u00e8re cutan\u00e9e. Les patchs peuvent \u00e9galement \u00eatre utilis\u00e9s sur d'autres zones du visage n\u00e9cessitant des soins, comme le front et les commissures des l\u00e8vres.<\/p>","protected":false},"featured_media":7046,"comment_status":"open","ping_status":"closed","template":"","meta":{"om_disable_all_campaigns":false},"product_brand":[],"product_cat":[88,38,69,196],"product_tag":[],"class_list":{"0":"post-7042","1":"product","2":"type-product","3":"status-publish","4":"has-post-thumbnail","6":"product_cat-centella","7":"product_cat-eye-care","8":"product_cat-hyaluronic-acid","9":"product_cat-mixsoon","11":"first","12":"instock","13":"shipping-taxable","14":"purchasable","15":"product-type-simple"},"aioseo_notices":[],"jetpack_sharing_enabled":true,"_links":{"self":[{"href":"https:\/\/k-beautyci.com\/fr\/wp-json\/wp\/v2\/product\/7042","targetHints":{"allow":["GET"]}}],"collection":[{"href":"https:\/\/k-beautyci.com\/fr\/wp-json\/wp\/v2\/product"}],"about":[{"href":"https:\/\/k-beautyci.com\/fr\/wp-json\/wp\/v2\/types\/product"}],"replies":[{"embeddable":true,"href":"https:\/\/k-beautyci.com\/fr\/wp-json\/wp\/v2\/comments?post=7042"}],"wp:featuredmedia":[{"embeddable":true,"href":"https:\/\/k-beautyci.com\/fr\/wp-json\/wp\/v2\/media\/7046"}],"wp:attachment":[{"href":"https:\/\/k-beautyci.com\/fr\/wp-json\/wp\/v2\/media?parent=7042"}],"wp:term":[{"taxonomy":"product_brand","embeddable":true,"href":"https:\/\/k-beautyci.com\/fr\/wp-json\/wp\/v2\/product_brand?post=7042"},{"taxonomy":"product_cat","embeddable":true,"href":"https:\/\/k-beautyci.com\/fr\/wp-json\/wp\/v2\/product_cat?post=7042"},{"taxonomy":"product_tag","embeddable":true,"href":"https:\/\/k-beautyci.com\/fr\/wp-json\/wp\/v2\/product_tag?post=7042"}],"curies":[{"name":"wp","href":"https:\/\/api.w.org\/{rel}","templated":true}]}}