{"id":7037,"date":"2025-03-07T00:38:50","date_gmt":"2025-03-07T00:38:50","guid":{"rendered":"https:\/\/k-beautyci.com\/?post_type=product&#038;p=7037"},"modified":"2025-08-10T21:55:22","modified_gmt":"2025-08-10T21:55:22","slug":"tonymoly-wonder-rice-smoothing-toner-500ml","status":"publish","type":"product","link":"https:\/\/k-beautyci.com\/fr\/produit\/tonymoly-wonder-rice-smoothing-toner-500ml\/","title":{"rendered":"TONYMOLY Wonder Rice Smoothing Toner 500ml"},"content":{"rendered":"<p><b>Comment l'utiliser :<\/b><\/p>\n<p>Pour \u00e9liminer les cellules mortes de la peau : Verser une quantit\u00e9 mod\u00e9r\u00e9e de tonique sur un coton et essuyer d\u00e9licatement la peau en fonction de sa texture.<\/p>\n<p>Pour l'hydratation : Appliquer une quantit\u00e9 mod\u00e9r\u00e9e de tonique sur la peau et tapoter doucement pour l'absorber.<\/p>\n<p>Avertissement : Pour usage externe uniquement. Toujours effectuer un test \u00e9picutan\u00e9. Cessez d'utiliser le produit si vous ressentez une quelconque g\u00eane. Suivre les instructions suppl\u00e9mentaires figurant sur l'emballage. Les r\u00e9sultats individuels peuvent varier.<\/p>","protected":false},"excerpt":{"rendered":"<p>Un tonique multi-usages, de taille raisonnable, qui fait des merveilles ? Voici le Wonder Rice Smoothing Toner, un tonique polyvalent 5 en 1 qui clarifie et hydrate la peau gr\u00e2ce au filtrat de riz ferment\u00e9 ! Formul\u00e9 \u00e0 partir d'extraits de fruits et de filtrat de riz ferment\u00e9, ce tonique doux et hypoallerg\u00e9nique offre un soin quotidien qui aide \u00e0 conditionner et \u00e0 adoucir la texture de la peau, \u00e0 apporter une hydratation apaisante et \u00e0 d\u00e9toxifier les impuret\u00e9s pour une peau plus lumineuse et plus claire.<\/p>","protected":false},"featured_media":7040,"comment_status":"open","ping_status":"closed","template":"","meta":{"om_disable_all_campaigns":false},"product_brand":[],"product_cat":[39,163],"product_tag":[],"class_list":{"0":"post-7037","1":"product","2":"type-product","3":"status-publish","4":"has-post-thumbnail","6":"product_cat-face-toners","7":"product_cat-tony-moly","9":"first","10":"instock","11":"sale","12":"shipping-taxable","13":"purchasable","14":"product-type-simple"},"aioseo_notices":[],"jetpack_sharing_enabled":true,"_links":{"self":[{"href":"https:\/\/k-beautyci.com\/fr\/wp-json\/wp\/v2\/product\/7037","targetHints":{"allow":["GET"]}}],"collection":[{"href":"https:\/\/k-beautyci.com\/fr\/wp-json\/wp\/v2\/product"}],"about":[{"href":"https:\/\/k-beautyci.com\/fr\/wp-json\/wp\/v2\/types\/product"}],"replies":[{"embeddable":true,"href":"https:\/\/k-beautyci.com\/fr\/wp-json\/wp\/v2\/comments?post=7037"}],"wp:featuredmedia":[{"embeddable":true,"href":"https:\/\/k-beautyci.com\/fr\/wp-json\/wp\/v2\/media\/7040"}],"wp:attachment":[{"href":"https:\/\/k-beautyci.com\/fr\/wp-json\/wp\/v2\/media?parent=7037"}],"wp:term":[{"taxonomy":"product_brand","embeddable":true,"href":"https:\/\/k-beautyci.com\/fr\/wp-json\/wp\/v2\/product_brand?post=7037"},{"taxonomy":"product_cat","embeddable":true,"href":"https:\/\/k-beautyci.com\/fr\/wp-json\/wp\/v2\/product_cat?post=7037"},{"taxonomy":"product_tag","embeddable":true,"href":"https:\/\/k-beautyci.com\/fr\/wp-json\/wp\/v2\/product_tag?post=7037"}],"curies":[{"name":"wp","href":"https:\/\/api.w.org\/{rel}","templated":true}]}}