{"id":7032,"date":"2025-03-07T00:42:54","date_gmt":"2025-03-07T00:42:54","guid":{"rendered":"https:\/\/k-beautyci.com\/?post_type=product&#038;p=7032"},"modified":"2025-11-15T09:13:47","modified_gmt":"2025-11-15T09:13:47","slug":"im-from-rice-mask-mini","status":"publish","type":"product","link":"https:\/\/k-beautyci.com\/fr\/produit\/im-from-rice-mask-mini\/","title":{"rendered":"I&#8217;m From Rice Mask Mini"},"content":{"rendered":"<p>Comment l'utiliser :<\/p>\n<ol>\n<li>Masser doucement le masque sur le visage en faisant attention \u00e0 la pression et \u00e0 la zone, comme autour du nez, du menton et du front.<\/li>\n<li>Rincer apr\u00e8s 10 minutes.<\/li>\n<li>Pour un r\u00e9sultat optimal, utiliser ensuite le tonique au riz.<\/li>\n<\/ol>\n<p>Avertissement : Pour usage externe uniquement. Toujours effectuer un test \u00e9picutan\u00e9. Cessez d'utiliser le produit si vous ressentez une quelconque g\u00eane. Suivre les instructions suppl\u00e9mentaires figurant sur l'emballage. Les r\u00e9sultats individuels peuvent varier.<\/p>","protected":false},"excerpt":{"rendered":"<p>Enrichi en son de riz et en poudre de riz, ce masque I'm From incorpore du riz Yeoju pour exfolier les impuret\u00e9s de la peau. Le riz regorge de vitamines et de min\u00e9raux qui restaurent l'\u00e9lasticit\u00e9 et la fermet\u00e9 de la peau. De plus, il contient des \u00e9mollients qui adoucissent et hydratent la peau. Il permet de resserrer les pores, de raffermir et d'\u00e9claircir la peau.\u00a0 Il suffit d'un masque de riz pour obtenir une peau \u00e9clatante de sant\u00e9.<\/p>","protected":false},"featured_media":7035,"comment_status":"open","ping_status":"closed","template":"","meta":{"om_disable_all_campaigns":false},"product_brand":[],"product_cat":[62,170],"product_tag":[],"class_list":{"0":"post-7032","1":"product","2":"type-product","3":"status-publish","4":"has-post-thumbnail","6":"product_cat-face-masks","7":"product_cat-im-from","9":"first","10":"outofstock","11":"shipping-taxable","12":"purchasable","13":"product-type-simple"},"aioseo_notices":[],"jetpack_sharing_enabled":true,"_links":{"self":[{"href":"https:\/\/k-beautyci.com\/fr\/wp-json\/wp\/v2\/product\/7032","targetHints":{"allow":["GET"]}}],"collection":[{"href":"https:\/\/k-beautyci.com\/fr\/wp-json\/wp\/v2\/product"}],"about":[{"href":"https:\/\/k-beautyci.com\/fr\/wp-json\/wp\/v2\/types\/product"}],"replies":[{"embeddable":true,"href":"https:\/\/k-beautyci.com\/fr\/wp-json\/wp\/v2\/comments?post=7032"}],"wp:featuredmedia":[{"embeddable":true,"href":"https:\/\/k-beautyci.com\/fr\/wp-json\/wp\/v2\/media\/7035"}],"wp:attachment":[{"href":"https:\/\/k-beautyci.com\/fr\/wp-json\/wp\/v2\/media?parent=7032"}],"wp:term":[{"taxonomy":"product_brand","embeddable":true,"href":"https:\/\/k-beautyci.com\/fr\/wp-json\/wp\/v2\/product_brand?post=7032"},{"taxonomy":"product_cat","embeddable":true,"href":"https:\/\/k-beautyci.com\/fr\/wp-json\/wp\/v2\/product_cat?post=7032"},{"taxonomy":"product_tag","embeddable":true,"href":"https:\/\/k-beautyci.com\/fr\/wp-json\/wp\/v2\/product_tag?post=7032"}],"curies":[{"name":"wp","href":"https:\/\/api.w.org\/{rel}","templated":true}]}}