{"id":7025,"date":"2025-03-07T00:37:21","date_gmt":"2025-03-07T00:37:21","guid":{"rendered":"https:\/\/k-beautyci.com\/?post_type=product&#038;p=7025"},"modified":"2026-03-08T17:49:16","modified_gmt":"2026-03-08T17:49:16","slug":"im-from-rice-whip-facial-cleanser","status":"publish","type":"product","link":"https:\/\/k-beautyci.com\/fr\/produit\/im-from-rice-whip-facial-cleanser\/","title":{"rendered":"I&#8217;m From Rice Whip Facial Cleanser"},"content":{"rendered":"<p>Comment l'utiliser :<\/p>\n<p>D\u00e9poser une petite quantit\u00e9 sur les paumes, bien faire mousser et masser sur la peau humide. \u00c9viter le contour des yeux. Rincer et s\u00e9cher en tapotant.<\/p>\n<p>Avertissement : Pour usage externe uniquement. Toujours effectuer un test \u00e9picutan\u00e9. Cessez d'utiliser le produit si vous ressentez une quelconque g\u00eane. Suivre les instructions suppl\u00e9mentaires figurant sur l'emballage. Les r\u00e9sultats individuels peuvent varier.<\/p>","protected":false},"excerpt":{"rendered":"<p>Ce nettoyant pour le visage utilise des ingr\u00e9dients \u00e0 base de riz provenant de Yeoju, en Cor\u00e9e, pour nettoyer efficacement la salet\u00e9, l'accumulation quotidienne de crasse et la cr\u00e8me solaire sur le visage, tout en apportant un soin nourrissant. Il contient des AHA, BHA, PHA et LHA pour purifier les pores et la peau. Sa texture semblable \u00e0 celle d'une cr\u00e8me fouett\u00e9e forme une mousse abondante pour un nettoyage en profondeur.<\/p>","protected":false},"featured_media":7030,"comment_status":"open","ping_status":"closed","template":"","meta":{"om_disable_all_campaigns":false},"product_brand":[],"product_cat":[15],"product_tag":[],"class_list":{"0":"post-7025","1":"product","2":"type-product","3":"status-publish","4":"has-post-thumbnail","6":"product_cat-uncategorized","8":"first","9":"instock","10":"shipping-taxable","11":"purchasable","12":"product-type-simple"},"aioseo_notices":[],"jetpack_sharing_enabled":true,"_links":{"self":[{"href":"https:\/\/k-beautyci.com\/fr\/wp-json\/wp\/v2\/product\/7025","targetHints":{"allow":["GET"]}}],"collection":[{"href":"https:\/\/k-beautyci.com\/fr\/wp-json\/wp\/v2\/product"}],"about":[{"href":"https:\/\/k-beautyci.com\/fr\/wp-json\/wp\/v2\/types\/product"}],"replies":[{"embeddable":true,"href":"https:\/\/k-beautyci.com\/fr\/wp-json\/wp\/v2\/comments?post=7025"}],"wp:featuredmedia":[{"embeddable":true,"href":"https:\/\/k-beautyci.com\/fr\/wp-json\/wp\/v2\/media\/7030"}],"wp:attachment":[{"href":"https:\/\/k-beautyci.com\/fr\/wp-json\/wp\/v2\/media?parent=7025"}],"wp:term":[{"taxonomy":"product_brand","embeddable":true,"href":"https:\/\/k-beautyci.com\/fr\/wp-json\/wp\/v2\/product_brand?post=7025"},{"taxonomy":"product_cat","embeddable":true,"href":"https:\/\/k-beautyci.com\/fr\/wp-json\/wp\/v2\/product_cat?post=7025"},{"taxonomy":"product_tag","embeddable":true,"href":"https:\/\/k-beautyci.com\/fr\/wp-json\/wp\/v2\/product_tag?post=7025"}],"curies":[{"name":"wp","href":"https:\/\/api.w.org\/{rel}","templated":true}]}}