{"id":7021,"date":"2025-02-26T11:15:54","date_gmt":"2025-02-26T11:15:54","guid":{"rendered":"https:\/\/k-beautyci.com\/?post_type=product&#038;p=7021"},"modified":"2025-11-03T15:49:55","modified_gmt":"2025-11-03T15:49:55","slug":"anua-airy-sun-cream","status":"publish","type":"product","link":"https:\/\/k-beautyci.com\/fr\/produit\/anua-airy-sun-cream\/","title":{"rendered":"Anua Airy Sun Cream"},"content":{"rendered":"<p><b>Comment l'utiliser :<\/b><\/p>\n<p>Pr\u00e9lever une quantit\u00e9 mod\u00e9r\u00e9e et l'appliquer uniform\u00e9ment sur le visage.<\/p>\n<p>Avertissement : Pour usage externe uniquement. Toujours effectuer un test \u00e9picutan\u00e9. Cessez d'utiliser le produit si vous ressentez une quelconque g\u00eane. Suivre les instructions suppl\u00e9mentaires figurant sur l'emballage. Les r\u00e9sultats individuels peuvent varier.<\/p>","protected":false},"excerpt":{"rendered":"<p>Cette cr\u00e8me solaire physique convient aux peaux sensibles. Gr\u00e2ce \u00e0 la technologie de dispersion des poudres, la texture lisse et humide de la cr\u00e8me offre une protection SPF50+ PA+++ et laisse la peau souple sans traces blanches.<\/p>","protected":false},"featured_media":7024,"comment_status":"open","ping_status":"closed","template":"","meta":{"om_disable_all_campaigns":false},"product_brand":[],"product_cat":[183,77],"product_tag":[],"class_list":{"0":"post-7021","1":"product","2":"type-product","3":"status-publish","4":"has-post-thumbnail","6":"product_cat-anua","7":"product_cat-spf-50","9":"first","10":"outofstock","11":"shipping-taxable","12":"purchasable","13":"product-type-simple"},"aioseo_notices":[],"jetpack_sharing_enabled":true,"_links":{"self":[{"href":"https:\/\/k-beautyci.com\/fr\/wp-json\/wp\/v2\/product\/7021","targetHints":{"allow":["GET"]}}],"collection":[{"href":"https:\/\/k-beautyci.com\/fr\/wp-json\/wp\/v2\/product"}],"about":[{"href":"https:\/\/k-beautyci.com\/fr\/wp-json\/wp\/v2\/types\/product"}],"replies":[{"embeddable":true,"href":"https:\/\/k-beautyci.com\/fr\/wp-json\/wp\/v2\/comments?post=7021"}],"wp:featuredmedia":[{"embeddable":true,"href":"https:\/\/k-beautyci.com\/fr\/wp-json\/wp\/v2\/media\/7024"}],"wp:attachment":[{"href":"https:\/\/k-beautyci.com\/fr\/wp-json\/wp\/v2\/media?parent=7021"}],"wp:term":[{"taxonomy":"product_brand","embeddable":true,"href":"https:\/\/k-beautyci.com\/fr\/wp-json\/wp\/v2\/product_brand?post=7021"},{"taxonomy":"product_cat","embeddable":true,"href":"https:\/\/k-beautyci.com\/fr\/wp-json\/wp\/v2\/product_cat?post=7021"},{"taxonomy":"product_tag","embeddable":true,"href":"https:\/\/k-beautyci.com\/fr\/wp-json\/wp\/v2\/product_tag?post=7021"}],"curies":[{"name":"wp","href":"https:\/\/api.w.org\/{rel}","templated":true}]}}