{"id":7015,"date":"2025-02-26T11:16:37","date_gmt":"2025-02-26T11:16:37","guid":{"rendered":"https:\/\/k-beautyci.com\/?post_type=product&#038;p=7015"},"modified":"2026-01-06T19:21:35","modified_gmt":"2026-01-06T19:21:35","slug":"anua-pdrn-hyaluronic-acid-capsule-100-serum","status":"publish","type":"product","link":"https:\/\/k-beautyci.com\/fr\/produit\/anua-pdrn-hyaluronic-acid-capsule-100-serum\/","title":{"rendered":"Anua PDRN Hyaluronic Acid Capsule 100 Serum"},"content":{"rendered":"<p><b>Comment l'utiliser :<\/b><br \/>\n1. Pour la routine matinale, appliquez une quantit\u00e9 ad\u00e9quate sur votre visage apr\u00e8s l'avoir tonifi\u00e9 et tapotez l\u00e9g\u00e8rement pour faciliter l'absorption.<\/p>\n<p>2. Vous pouvez \u00e9galement ajouter 1 \u00e0 2 gouttes \u00e0 votre base de maquillage, comme le fond de teint, pour un fini \u00e9clatant de longue dur\u00e9e.<\/p>\n<p>3. Pour la routine PM, au lieu d'utiliser un masque, appliquer le s\u00e9rum 2 \u00e0 3 fois pour r\u00e9hydrater la peau.<\/p>\n<p>Avertissement : Pour usage externe uniquement. Toujours effectuer un test \u00e9picutan\u00e9. Cessez d'utiliser le produit si vous ressentez une quelconque g\u00eane. Suivre les instructions suppl\u00e9mentaires figurant sur l'emballage. Les r\u00e9sultats individuels peuvent varier.<\/p>","protected":false},"excerpt":{"rendered":"<p>Renforcez la barri\u00e8re d'hydratation et la fermet\u00e9 de la peau gr\u00e2ce \u00e0 ce s\u00e9rum hydratant contenant du PDRN, du collag\u00e8ne et 11 types d'acide hyaluronique. Formul\u00e9 dans la capsule intelligente \u00e0 faible poids mol\u00e9culaire d'Anua, le s\u00e9rum am\u00e9liore l'absorption des ingr\u00e9dients actifs par la peau. Convient \u00e0 tous les types de peau, y compris les peaux sensibles et sujettes \u00e0 l'acn\u00e9.<\/p>","protected":false},"featured_media":7020,"comment_status":"open","ping_status":"closed","template":"","meta":{"om_disable_all_campaigns":false},"product_brand":[],"product_cat":[57,183,31,69],"product_tag":[],"class_list":{"0":"post-7015","1":"product","2":"type-product","3":"status-publish","4":"has-post-thumbnail","6":"product_cat-anti-aging","7":"product_cat-anua","8":"product_cat-face-serums","9":"product_cat-hyaluronic-acid","11":"first","12":"outofstock","13":"shipping-taxable","14":"purchasable","15":"product-type-simple"},"aioseo_notices":[],"jetpack_sharing_enabled":true,"_links":{"self":[{"href":"https:\/\/k-beautyci.com\/fr\/wp-json\/wp\/v2\/product\/7015","targetHints":{"allow":["GET"]}}],"collection":[{"href":"https:\/\/k-beautyci.com\/fr\/wp-json\/wp\/v2\/product"}],"about":[{"href":"https:\/\/k-beautyci.com\/fr\/wp-json\/wp\/v2\/types\/product"}],"replies":[{"embeddable":true,"href":"https:\/\/k-beautyci.com\/fr\/wp-json\/wp\/v2\/comments?post=7015"}],"wp:featuredmedia":[{"embeddable":true,"href":"https:\/\/k-beautyci.com\/fr\/wp-json\/wp\/v2\/media\/7020"}],"wp:attachment":[{"href":"https:\/\/k-beautyci.com\/fr\/wp-json\/wp\/v2\/media?parent=7015"}],"wp:term":[{"taxonomy":"product_brand","embeddable":true,"href":"https:\/\/k-beautyci.com\/fr\/wp-json\/wp\/v2\/product_brand?post=7015"},{"taxonomy":"product_cat","embeddable":true,"href":"https:\/\/k-beautyci.com\/fr\/wp-json\/wp\/v2\/product_cat?post=7015"},{"taxonomy":"product_tag","embeddable":true,"href":"https:\/\/k-beautyci.com\/fr\/wp-json\/wp\/v2\/product_tag?post=7015"}],"curies":[{"name":"wp","href":"https:\/\/api.w.org\/{rel}","templated":true}]}}