{"id":7005,"date":"2025-02-26T11:17:58","date_gmt":"2025-02-26T11:17:58","guid":{"rendered":"https:\/\/k-beautyci.com\/?post_type=product&#038;p=7005"},"modified":"2025-12-31T10:08:02","modified_gmt":"2025-12-31T10:08:02","slug":"anua-heartleaf-lha-moisture-peeling-gel","status":"publish","type":"product","link":"https:\/\/k-beautyci.com\/fr\/produit\/anua-heartleaf-lha-moisture-peeling-gel\/","title":{"rendered":"Anua Heartleaf LHA Moisture Peeling Gel"},"content":{"rendered":"<p>Comment l'utiliser :<\/p>\n<div class=\"description-item active\">\n<div class=\"body\">\n<p>Apr\u00e8s le nettoyage, appliquer sur la peau humide. Masser d\u00e9licatement la peau du bout des doigts en \u00e9vitant le contour des yeux. Rincer abondamment \u00e0 l'eau ti\u00e8de.<\/p>\n<p>Avertissement : Pour usage externe uniquement. Toujours effectuer un test \u00e9picutan\u00e9. Cessez d'utiliser le produit si vous ressentez une quelconque g\u00eane. Suivre les instructions suppl\u00e9mentaires figurant sur l'emballage. Les r\u00e9sultats individuels peuvent varier.<\/p>\n<\/div>\n<\/div>\n<div class=\"description-item\">\n<h2 class=\"title\"><\/h2>\n<\/div>","protected":false},"excerpt":{"rendered":"<p>Ce gel gommant est exactement ce qu'il vous faut pour une peau plus saine et plus \u00e9clatante. Sa formule douce et hydratante nettoie en profondeur les pores des impuret\u00e9s, des cellules mortes et des obstructions pour une surface cutan\u00e9e renouvel\u00e9e.<\/p>","protected":false},"featured_media":7009,"comment_status":"open","ping_status":"closed","template":"","meta":{"om_disable_all_campaigns":false},"product_brand":[],"product_cat":[183,61],"product_tag":[],"class_list":{"0":"post-7005","1":"product","2":"type-product","3":"status-publish","4":"has-post-thumbnail","6":"product_cat-anua","7":"product_cat-face-exfoliator-peels-scrubs","9":"first","10":"outofstock","11":"shipping-taxable","12":"purchasable","13":"product-type-simple"},"aioseo_notices":[],"jetpack_sharing_enabled":true,"_links":{"self":[{"href":"https:\/\/k-beautyci.com\/fr\/wp-json\/wp\/v2\/product\/7005","targetHints":{"allow":["GET"]}}],"collection":[{"href":"https:\/\/k-beautyci.com\/fr\/wp-json\/wp\/v2\/product"}],"about":[{"href":"https:\/\/k-beautyci.com\/fr\/wp-json\/wp\/v2\/types\/product"}],"replies":[{"embeddable":true,"href":"https:\/\/k-beautyci.com\/fr\/wp-json\/wp\/v2\/comments?post=7005"}],"wp:featuredmedia":[{"embeddable":true,"href":"https:\/\/k-beautyci.com\/fr\/wp-json\/wp\/v2\/media\/7009"}],"wp:attachment":[{"href":"https:\/\/k-beautyci.com\/fr\/wp-json\/wp\/v2\/media?parent=7005"}],"wp:term":[{"taxonomy":"product_brand","embeddable":true,"href":"https:\/\/k-beautyci.com\/fr\/wp-json\/wp\/v2\/product_brand?post=7005"},{"taxonomy":"product_cat","embeddable":true,"href":"https:\/\/k-beautyci.com\/fr\/wp-json\/wp\/v2\/product_cat?post=7005"},{"taxonomy":"product_tag","embeddable":true,"href":"https:\/\/k-beautyci.com\/fr\/wp-json\/wp\/v2\/product_tag?post=7005"}],"curies":[{"name":"wp","href":"https:\/\/api.w.org\/{rel}","templated":true}]}}