{"id":6999,"date":"2025-02-26T11:24:48","date_gmt":"2025-02-26T11:24:48","guid":{"rendered":"https:\/\/k-beautyci.com\/?post_type=product&#038;p=6999"},"modified":"2026-04-15T03:08:33","modified_gmt":"2026-04-15T03:08:33","slug":"arencia-holy-hyssop-serum-30","status":"publish","type":"product","link":"https:\/\/k-beautyci.com\/fr\/produit\/arencia-holy-hyssop-serum-30\/","title":{"rendered":"Arencia Holy Hyssop Serum 30"},"content":{"rendered":"<div class=\"pro_infor_title_style\">Comment l'utiliser<\/div>\n<p>Appliquer sur la peau nettoy\u00e9e et masser d\u00e9licatement du bout des doigts.<br \/>\nAppliquer comme premier s\u00e9rum apr\u00e8s le nettoyage pour une absorption optimale de la peau.<\/p>\n<p>Avertissement : Pour usage externe uniquement. Toujours effectuer un test \u00e9picutan\u00e9. Cessez d'utiliser le produit si vous ressentez une quelconque g\u00eane. Suivre les instructions suppl\u00e9mentaires figurant sur l'emballage. Les r\u00e9sultats individuels peuvent varier.<\/p>","protected":false},"excerpt":{"rendered":"<p>Il est prouv\u00e9 que cette formule estompe les taches brunes et l'hyperpigmentation post-acn\u00e9ique tout en emp\u00eachant l'apparition de nouvelles taches. Dot\u00e9e d'excellentes propri\u00e9t\u00e9s hydratantes et d'une texture l\u00e9g\u00e8re et non grasse, elle se fond sans effort dans n'importe quelle cr\u00e8me ou lotion. Ce s\u00e9rum est con\u00e7u pour \u00e9claircir le teint, lisser les ridules et lutter efficacement contre les d\u00e9colorations. Enrichi en peptides, en niacinamide et en extrait d'hysope, il hydrate et nourrit la peau en profondeur.<\/p>","protected":false},"featured_media":7004,"comment_status":"open","ping_status":"closed","template":"","meta":{"om_disable_all_campaigns":false},"product_brand":[],"product_cat":[57,230,52,31],"product_tag":[],"class_list":{"0":"post-6999","1":"product","2":"type-product","3":"status-publish","4":"has-post-thumbnail","6":"product_cat-anti-aging","7":"product_cat-arencia","8":"product_cat-dark-spots","9":"product_cat-face-serums","11":"first","12":"instock","13":"shipping-taxable","14":"purchasable","15":"product-type-simple"},"aioseo_notices":[],"jetpack_sharing_enabled":true,"_links":{"self":[{"href":"https:\/\/k-beautyci.com\/fr\/wp-json\/wp\/v2\/product\/6999","targetHints":{"allow":["GET"]}}],"collection":[{"href":"https:\/\/k-beautyci.com\/fr\/wp-json\/wp\/v2\/product"}],"about":[{"href":"https:\/\/k-beautyci.com\/fr\/wp-json\/wp\/v2\/types\/product"}],"replies":[{"embeddable":true,"href":"https:\/\/k-beautyci.com\/fr\/wp-json\/wp\/v2\/comments?post=6999"}],"wp:featuredmedia":[{"embeddable":true,"href":"https:\/\/k-beautyci.com\/fr\/wp-json\/wp\/v2\/media\/7004"}],"wp:attachment":[{"href":"https:\/\/k-beautyci.com\/fr\/wp-json\/wp\/v2\/media?parent=6999"}],"wp:term":[{"taxonomy":"product_brand","embeddable":true,"href":"https:\/\/k-beautyci.com\/fr\/wp-json\/wp\/v2\/product_brand?post=6999"},{"taxonomy":"product_cat","embeddable":true,"href":"https:\/\/k-beautyci.com\/fr\/wp-json\/wp\/v2\/product_cat?post=6999"},{"taxonomy":"product_tag","embeddable":true,"href":"https:\/\/k-beautyci.com\/fr\/wp-json\/wp\/v2\/product_tag?post=6999"}],"curies":[{"name":"wp","href":"https:\/\/api.w.org\/{rel}","templated":true}]}}