{"id":6983,"date":"2025-02-26T11:26:48","date_gmt":"2025-02-26T11:26:48","guid":{"rendered":"https:\/\/k-beautyci.com\/?post_type=product&#038;p=6983"},"modified":"2026-02-02T19:33:44","modified_gmt":"2026-02-02T19:33:44","slug":"abib-collagen-eye-patch-jericho-rose-jelly","status":"publish","type":"product","link":"https:\/\/k-beautyci.com\/fr\/produit\/abib-collagen-eye-patch-jericho-rose-jelly\/","title":{"rendered":"Abib Collagen Eye Patch #Jericho Rose Jelly"},"content":{"rendered":"<p>Comment l'utiliser :<\/p>\n<p>Appliquer sur le contour de l'\u0153il propre et sec. Laisser agir pendant 10 \u00e0 20 minutes. Jeter apr\u00e8s utilisation.<\/p>\n<p>Avertissement : Pour usage externe uniquement. Toujours effectuer un test \u00e9picutan\u00e9. Cessez d'utiliser le produit si vous ressentez une quelconque g\u00eane. Suivre les instructions suppl\u00e9mentaires figurant sur l'emballage. Les r\u00e9sultats individuels peuvent varier.<\/p>","protected":false},"excerpt":{"rendered":"<p>Donnez un coup de fouet \u00e0 vos yeux avec ces patchs pour les yeux. Laissez votre zone sous les yeux s'hydrater gr\u00e2ce au pouvoir de la rose de J\u00e9richo, des peptides et du collag\u00e8ne.<\/p>","protected":false},"featured_media":6998,"comment_status":"open","ping_status":"closed","template":"","meta":{"om_disable_all_campaigns":false},"product_brand":[],"product_cat":[158,38],"product_tag":[],"class_list":{"0":"post-6983","1":"product","2":"type-product","3":"status-publish","4":"has-post-thumbnail","6":"product_cat-abib","7":"product_cat-eye-care","9":"first","10":"outofstock","11":"shipping-taxable","12":"purchasable","13":"product-type-simple"},"aioseo_notices":[],"jetpack_sharing_enabled":true,"_links":{"self":[{"href":"https:\/\/k-beautyci.com\/fr\/wp-json\/wp\/v2\/product\/6983","targetHints":{"allow":["GET"]}}],"collection":[{"href":"https:\/\/k-beautyci.com\/fr\/wp-json\/wp\/v2\/product"}],"about":[{"href":"https:\/\/k-beautyci.com\/fr\/wp-json\/wp\/v2\/types\/product"}],"replies":[{"embeddable":true,"href":"https:\/\/k-beautyci.com\/fr\/wp-json\/wp\/v2\/comments?post=6983"}],"wp:featuredmedia":[{"embeddable":true,"href":"https:\/\/k-beautyci.com\/fr\/wp-json\/wp\/v2\/media\/6998"}],"wp:attachment":[{"href":"https:\/\/k-beautyci.com\/fr\/wp-json\/wp\/v2\/media?parent=6983"}],"wp:term":[{"taxonomy":"product_brand","embeddable":true,"href":"https:\/\/k-beautyci.com\/fr\/wp-json\/wp\/v2\/product_brand?post=6983"},{"taxonomy":"product_cat","embeddable":true,"href":"https:\/\/k-beautyci.com\/fr\/wp-json\/wp\/v2\/product_cat?post=6983"},{"taxonomy":"product_tag","embeddable":true,"href":"https:\/\/k-beautyci.com\/fr\/wp-json\/wp\/v2\/product_tag?post=6983"}],"curies":[{"name":"wp","href":"https:\/\/api.w.org\/{rel}","templated":true}]}}